{"id":788,"date":"2023-03-22T12:43:38","date_gmt":"2023-03-22T15:43:38","guid":{"rendered":"https:\/\/www.insside.net\/\/?page_id=788"},"modified":"2024-03-12T12:45:38","modified_gmt":"2024-03-12T15:45:38","slug":"identity-management","status":"publish","type":"page","link":"https:\/\/www.insside.net\/pt\/servicos\/identity-management\/","title":{"rendered":"Identity Management"},"content":{"rendered":"\n\t<section class=\"section servicios_intro\" id=\"section_58278115\">\n\t\t<div class=\"bg section-bg fill bg-fill  bg-loaded\" >\n\n\t\t\t\n\t\t\t\n\t\t\t\n\n\t\t<\/div>\n\n\t\t\n\n\t\t<div class=\"section-content relative\">\n\t\t\t\n\n<div class=\"row\"  id=\"row-790937516\">\n\n\n\t<div id=\"col-97193235\" class=\"col medium-4 small-12 large-4\"  >\n\t\t\t\t<div class=\"col-inner text-center\"  >\n\t\t\t\n\t\t\t\n\n\t<div class=\"img has-hover x md-x lg-x y md-y lg-y\" id=\"image_1638774040\">\n\t\t\t\t\t\t\t\t<div class=\"img-inner dark\" style=\"margin:-100px 0px 0px 0px;\">\n\t\t\t<img loading=\"lazy\" decoding=\"async\" width=\"196\" height=\"187\" src=\"https:\/\/www.insside.net\/pt\/wp-content\/uploads\/sites\/8\/2023\/02\/Group-234.svg\" class=\"attachment-original size-original\" alt=\"\" \/>\t\t\t\t\t\t\n\t\t\t\t\t<\/div>\n\t\t\t\t\t\t\t\t\n<style>\n#image_1638774040 {\n  width: 80%;\n}\n<\/style>\n\t<\/div>\n\t\n\n\n\t\t<\/div>\n\t\t\t\t\t<\/div>\n\n\t\n\n\t<div id=\"col-211304971\" class=\"col medium-8 small-12 large-8\"  >\n\t\t\t\t<div class=\"col-inner\"  >\n\t\t\t\n\t\t\t\n\n\t<div id=\"text-3536094014\" class=\"text\">\n\t\t\n\n<h1>Identity <span class=\"alt-font bold\" data-text-color=\"primary\">Management<\/span><\/h1>\n\t\t\n<style>\n#text-3536094014 {\n  font-size: 2rem;\n}\n<\/style>\n\t<\/div>\n\t\n<h3>Gerenciamento de identidade e control do acesso a diferentes recursos computacionais.<\/h3>\n\n\t<div id=\"text-4259936161\" class=\"text\">\n\t\t\n\n<p>Com nosso servi\u00e7o de Gerenciamento de identidade, administramos o ciclo de vida das identidades digitais e controlamos o acesso a diferentes recursos inform\u00e1ticos. Implementamos solu\u00e7\u00f5es \u00e0 medida e ajudamos os nossos clientes n\u00e3o s\u00f3 a desenvolver eficazmente as mais recentes tecnologias oferecidas pelo mercado, mas tamb\u00e9m a cumprir as suas pol\u00edticas de seguran\u00e7a de forma adequada.<\/p>\n\t\t\n<style>\n#text-4259936161 {\n  font-size: 1.1rem;\n}\n<\/style>\n\t<\/div>\n\t\n\n\t\t<\/div>\n\t\t\t\t\t<\/div>\n\n\t\n\n<\/div>\n\n\t\t<\/div>\n\n\t\t\n<style>\n#section_58278115 {\n  padding-top: 90px;\n  padding-bottom: 90px;\n}\n#section_58278115 .ux-shape-divider--top svg {\n  height: 150px;\n  --divider-top-width: 100%;\n}\n#section_58278115 .ux-shape-divider--bottom svg {\n  height: 150px;\n  --divider-width: 100%;\n}\n<\/style>\n\t<\/section>\n\t\n\n\t<section class=\"section servicios_desc\" id=\"section_563659556\">\n\t\t<div class=\"bg section-bg fill bg-fill  bg-loaded\" >\n\n\t\t\t\n\t\t\t\n\t\t\t\n\n\t\t<\/div>\n\n\t\t\n\n\t\t<div class=\"section-content relative\">\n\t\t\t\n\n<div class=\"row row-large\"  id=\"row-835862627\">\n\n\n\t<div id=\"col-1066500339\" class=\"col medium-6 small-12 large-6\"  >\n\t\t\t\t<div class=\"col-inner\"  >\n\t\t\t\n\t\t\t\n\n\t<div id=\"text-405027040\" class=\"text icon-item\">\n\t\t\n\n<h3><img loading=\"lazy\" decoding=\"async\" class=\"alignnone size-full wp-image-588\" src=\"https:\/\/ip23.agenciabuffalo.com\/wp-content\/uploads\/2023\/03\/abm.svg\" alt=\"\" width=\"73\" height=\"73\"> ABM multiplataforma<\/h3>\n\t\t\n<style>\n#text-405027040 {\n  color: #92e0ff;\n}\n#text-405027040 > * {\n  color: #92e0ff;\n}\n<\/style>\n\t<\/div>\n\t\n<p>N\u00f3s implementamos e gerenciamos os registros, e modifica\u00e7\u00f5es, garantindo acesso de acordo com a pol\u00edtica corporativa da empresa e pol\u00edtica corporativa e manuten\u00e7\u00e3o de um bom mercado pr\u00e1ticas de mercado.<\/p>\n\n\n\t\t<\/div>\n\t\t\t\t\t<\/div>\n\n\t\n\n\t<div id=\"col-1485170680\" class=\"col medium-6 small-12 large-6\"  >\n\t\t\t\t<div class=\"col-inner\"  >\n\t\t\t\n\t\t\t\n\n\t<div id=\"text-1547409555\" class=\"text icon-item\">\n\t\t\n\n<h3><img loading=\"lazy\" decoding=\"async\" class=\"alignnone size-full wp-image-590\" src=\"https:\/\/ip23.agenciabuffalo.com\/wp-content\/uploads\/2023\/03\/multiplataforma.svg\" alt=\"\" width=\"80\" height=\"59\" \/> Gerenciamento de identidade e acesso multiplataforma<\/h3>\n\t\t\n<style>\n#text-1547409555 {\n  color: #92e0ff;\n}\n#text-1547409555 > * {\n  color: #92e0ff;\n}\n<\/style>\n\t<\/div>\n\t\n<p>Gerenciamos o acesso correto \u00e0s informa\u00e7\u00f5es da aplica\u00e7\u00e3o CORE do cliente, enquanto fornecemos orienta\u00e7\u00e3o e suporte personalizado ao usu\u00e1rio final para solicita\u00e7\u00f5es de aplica\u00e7\u00e3o desconhecidas.<\/p>\n\n\t\t<\/div>\n\t\t\t\t\t<\/div>\n\n\t\n\n\t<div id=\"col-1343017003\" class=\"col medium-6 small-12 large-6\"  >\n\t\t\t\t<div class=\"col-inner\"  >\n\t\t\t\n\t\t\t\n\n\t<div id=\"text-2930091591\" class=\"text icon-item\">\n\t\t\n\n<h3><img loading=\"lazy\" decoding=\"async\" class=\"alignnone size-full wp-image-589\" src=\"https:\/\/ip23.agenciabuffalo.com\/wp-content\/uploads\/2023\/03\/control-gestion.svg\" alt=\"\" width=\"69\" height=\"86\"> Auditoria e relat\u00f3rios para controle gerencial<\/h3>\n\t\t\n<style>\n#text-2930091591 {\n  color: #92e0ff;\n}\n#text-2930091591 > * {\n  color: #92e0ff;\n}\n<\/style>\n\t<\/div>\n\t\n<p>Verificamos o correto cumprimento dos programas, pol\u00edticas, normas e procedimentos das organiza\u00e7\u00f5es a fim de detectar desvios e identificar poss\u00edveis a\u00e7\u00f5es corretivas. Ap\u00f3s avali\u00e1-los, fazemos as observa\u00e7\u00f5es e recomenda\u00e7\u00f5es pertinentes.<\/p>\n\n\t\t<\/div>\n\t\t\t\t\t<\/div>\n\n\t\n\n\t<div id=\"col-648985293\" class=\"col medium-6 small-12 large-6\"  >\n\t\t\t\t<div class=\"col-inner\"  >\n\t\t\t\n\t\t\t\n\n\t<div id=\"text-1921054383\" class=\"text icon-item\">\n\t\t\n\n<h3><img loading=\"lazy\" decoding=\"async\" class=\"alignnone size-full wp-image-591\" src=\"https:\/\/ip23.agenciabuffalo.com\/wp-content\/uploads\/2023\/03\/riesgos-seguridad.svg\" alt=\"\" width=\"108\" height=\"79\"> Redu\u00e7\u00e3o dos riscos de seguran\u00e7a atrav\u00e9s de conformidade e controle<\/h3>\n\t\t\n<style>\n#text-1921054383 {\n  color: #92e0ff;\n}\n#text-1921054383 > * {\n  color: #92e0ff;\n}\n<\/style>\n\t<\/div>\n\t\n<p>Estabelecemos normas e diretrizes organizacionais para procedimentos, tecnologias e configura\u00e7\u00f5es com base em fatores internos. Reformulamos os dados obtidos do IDM para gerar campanhas de conscientiza\u00e7\u00e3o.<\/p>\n\n\t\t<\/div>\n\t\t\t\t\t<\/div>\n\n\t\n\n<\/div>\n\t<div id=\"gap-582709637\" class=\"gap-element clearfix\" style=\"display:block; height:auto;\">\n\t\t\n<style>\n#gap-582709637 {\n  padding-top: 30px;\n}\n<\/style>\n\t<\/div>\n\t\n\n<div class=\"row\"  id=\"row-1385953819\">\n\n\n\t<div id=\"col-1547339938\" class=\"col small-12 large-12\"  >\n\t\t\t\t<div class=\"col-inner text-center\"  >\n\t\t\t\n\t\t\t\n\n<a href=\"\/pt\/contato\/\" target=\"_self\" class=\"button secondary\"  style=\"border-radius:99px;\">\n    <span>Quero mais informa\u00e7\u00f5es<\/span>\n  <\/a>\n\n\n\n\t\t<\/div>\n\t\t\t\t\t<\/div>\n\n\t\n\n<\/div>\n\n\t\t<\/div>\n\n\t\t\n<style>\n#section_563659556 {\n  padding-top: 30px;\n  padding-bottom: 30px;\n}\n#section_563659556 .ux-shape-divider--top svg {\n  height: 150px;\n  --divider-top-width: 100%;\n}\n#section_563659556 .ux-shape-divider--bottom svg {\n  height: 150px;\n  --divider-width: 100%;\n}\n<\/style>\n\t<\/section>\n\t\n\t<section class=\"section ver_servicios\" id=\"section_2007868343\">\n\t\t<div class=\"bg section-bg fill bg-fill  bg-loaded\" >\n\n\t\t\t\n\t\t\t\n\t\t\t\n\n\t\t<\/div>\n\n\t\t\n\n\t\t<div class=\"section-content relative\">\n\t\t\t\r\n\r\n<div class=\"row\"  id=\"row-1484875230\">\r\n\r\n\n\t<div id=\"col-947309950\" class=\"col small-12 large-12\"  >\n\t\t\t\t<div class=\"col-inner\"  >\n\t\t\t\n\t\t\t\r\n\r\n\t<div id=\"text-1915216778\" class=\"text\">\n\t\t\r\n\r\n<h2>Ver outros servi\u00e7os<\/h2>\r\n\r\n\t\t\n<style>\n#text-1915216778 {\n  text-align: center;\n}\n<\/style>\n\t<\/div>\n\t\r\n\r\n\t\t<\/div>\n\t\t\t\t\t<\/div>\n\n\t\r\n\r\n<\/div>\r\n<div class=\"row align-center\" style=\"max-width:1320px\" id=\"row-1913357746\">\r\n\r\n\n\t<div id=\"col-12713456\" class=\"col medium-2 small-6 large-2\"  >\n\t\t\t\t<div class=\"col-inner text-center\"  >\n\t\t\t\n\t\t\t\r\n\r\n\t<div class=\"img has-hover x md-x lg-x y md-y lg-y\" id=\"image_324691573\">\n\t\t\t\t\t\t\t\t<div class=\"img-inner dark\" >\n\t\t\t<img loading=\"lazy\" decoding=\"async\" width=\"253\" height=\"242\" src=\"https:\/\/www.insside.net\/pt\/wp-content\/uploads\/sites\/8\/2023\/02\/servicios_icon-defensive.svg\" class=\"attachment-original size-original\" alt=\"\" \/>\t\t\t\t\t\t\n\t\t\t\t\t<\/div>\n\t\t\t\t\t\t\t\t\n<style>\n#image_324691573 {\n  width: 100%;\n}\n<\/style>\n\t<\/div>\n\t\r\n\r\n<h3>Blue<br \/><span data-text-color=\"primary\">Team<\/span><\/h3>\r\n<a href=\"\/pt\/servicos\/blue-team\/\" target=\"_self\" class=\"button secondary is-small\"  style=\"border-radius:99px;\">\n    <span>Ver +<\/span>\n  <\/a>\n\r\n\r\n\r\n\t\t<\/div>\n\t\t\t\t\t<\/div>\n\n\t\r\n\n\t<div id=\"col-244346603\" class=\"col medium-2 small-6 large-2\"  >\n\t\t\t\t<div class=\"col-inner text-center\"  >\n\t\t\t\n\t\t\t\r\n\r\n\t<div class=\"img has-hover x md-x lg-x y md-y lg-y\" id=\"image_306040304\">\n\t\t\t\t\t\t\t\t<div class=\"img-inner dark\" >\n\t\t\t<img loading=\"lazy\" decoding=\"async\" width=\"259\" height=\"240\" src=\"https:\/\/www.insside.net\/pt\/wp-content\/uploads\/sites\/8\/2023\/02\/servicios_icon-offensive.svg\" class=\"attachment-original size-original\" alt=\"\" \/>\t\t\t\t\t\t\n\t\t\t\t\t<\/div>\n\t\t\t\t\t\t\t\t\n<style>\n#image_306040304 {\n  width: 100%;\n}\n<\/style>\n\t<\/div>\n\t\r\n\r\n<h3>Red <br \/><span data-text-color=\"primary\">Team<\/span><\/h3>\r\n<a href=\"\/pt\/servicos\/red-team\/\" target=\"_self\" class=\"button secondary is-small\"  style=\"border-radius:99px;\">\n    <span>Ver +<\/span>\n  <\/a>\n\r\n\r\n\r\n\t\t<\/div>\n\t\t\t\t\t<\/div>\n\n\t\r\n\n\t<div id=\"col-996328180\" class=\"col medium-2 small-6 large-2\"  >\n\t\t\t\t<div class=\"col-inner text-center\"  >\n\t\t\t\n\t\t\t\r\n\r\n\t<div class=\"img has-hover x md-x lg-x y md-y lg-y\" id=\"image_127337405\">\n\t\t\t\t\t\t\t\t<div class=\"img-inner dark\" >\n\t\t\t<img loading=\"lazy\" decoding=\"async\" width=\"258\" height=\"240\" src=\"https:\/\/www.insside.net\/pt\/wp-content\/uploads\/sites\/8\/2023\/02\/servicios_icon-dev.svg\" class=\"attachment-original size-original\" alt=\"\" \/>\t\t\t\t\t\t\n\t\t\t\t\t<\/div>\n\t\t\t\t\t\t\t\t\n<style>\n#image_127337405 {\n  width: 100%;\n}\n<\/style>\n\t<\/div>\n\t\r\n\r\n<h3>Governance, Risk <span data-text-color=\"primary\">&amp; Compliance<\/span><\/h3>\r\n<a href=\"\/pt\/servicos\/grc\/\" target=\"_self\" class=\"button secondary is-small\"  style=\"border-radius:99px;\">\n    <span>Ver +<\/span>\n  <\/a>\n\r\n\r\n\r\n\t\t<\/div>\n\t\t\t\t\t<\/div>\n\n\t\r\n\n\t<div id=\"col-1515216657\" class=\"col medium-2 small-6 large-2\"  >\n\t\t\t\t<div class=\"col-inner text-center\"  >\n\t\t\t\n\t\t\t\r\n\r\n\t<div class=\"img has-hover x md-x lg-x y md-y lg-y\" id=\"image_1015369660\">\n\t\t\t\t\t\t\t\t<div class=\"img-inner dark\" >\n\t\t\t<img loading=\"lazy\" decoding=\"async\" width=\"207\" height=\"186\" src=\"https:\/\/www.insside.net\/pt\/wp-content\/uploads\/sites\/8\/2023\/02\/Group-233.svg\" class=\"attachment-original size-original\" alt=\"\" \/>\t\t\t\t\t\t\n\t\t\t\t\t<\/div>\n\t\t\t\t\t\t\t\t\n<style>\n#image_1015369660 {\n  width: 100%;\n}\n<\/style>\n\t<\/div>\n\t\r\n\r\n<h3>Dev <br \/><span data-text-color=\"primary\">Security<\/span><\/h3>\r\n<a href=\"\/pt\/servicos\/dev-security\/\" target=\"_self\" class=\"button secondary is-small\"  style=\"border-radius:99px;\">\n    <span>Ver +<\/span>\n  <\/a>\n\r\n\r\n\r\n\t\t<\/div>\n\t\t\t\t\t<\/div>\n\n\t\r\n\n\t<div id=\"col-892605566\" class=\"col medium-2 small-6 large-2\"  >\n\t\t\t\t<div class=\"col-inner text-center\"  >\n\t\t\t\n\t\t\t\r\n\r\n\t<div class=\"img has-hover x md-x lg-x y md-y lg-y\" id=\"image_1254218909\">\n\t\t\t\t\t\t\t\t<div class=\"img-inner dark\" >\n\t\t\t<img loading=\"lazy\" decoding=\"async\" width=\"196\" height=\"187\" src=\"https:\/\/www.insside.net\/pt\/wp-content\/uploads\/sites\/8\/2023\/02\/Group-234.svg\" class=\"attachment-original size-original\" alt=\"\" \/>\t\t\t\t\t\t\n\t\t\t\t\t<\/div>\n\t\t\t\t\t\t\t\t\n<style>\n#image_1254218909 {\n  width: 100%;\n}\n<\/style>\n\t<\/div>\n\t\r\n\r\n<h3>Identity <span data-text-color=\"primary\">Management<\/span><\/h3>\r\n<a href=\"\/pt\/servicos\/identity-management\/\" target=\"_self\" class=\"button secondary is-small\"  style=\"border-radius:99px;\">\n    <span>Ver +<\/span>\n  <\/a>\n\r\n\r\n\r\n\t\t<\/div>\n\t\t\t\t\t<\/div>\n\n\t\r\n\r\n<\/div>\r\n\r\n\t\t<\/div>\n\n\t\t\n<style>\n#section_2007868343 {\n  padding-top: 30px;\n  padding-bottom: 30px;\n}\n#section_2007868343 .ux-shape-divider--top svg {\n  height: 150px;\n  --divider-top-width: 100%;\n}\n#section_2007868343 .ux-shape-divider--bottom svg {\n  height: 150px;\n  --divider-width: 100%;\n}\n<\/style>\n\t<\/section>\n\t\n\n\n","protected":false},"excerpt":{"rendered":"","protected":false},"author":3,"featured_media":0,"parent":209,"menu_order":0,"comment_status":"closed","ping_status":"closed","template":"page-transparent-header.php","meta":{"content-type":"","inline_featured_image":false,"footnotes":""},"yoast_head":"<!-- This site is optimized with the Yoast SEO plugin v21.2 - https:\/\/yoast.com\/wordpress\/plugins\/seo\/ -->\n<title>Gerenciamento De Identidade e Acesso - INSSIDE<\/title>\n<meta name=\"description\" content=\"Gerenciamento de identidade o acesso \u00e0s informa\u00e7\u00f5es para as aplica\u00e7\u00f5es do cliente, fornecendo tamb\u00e9m suporte sob medida para o usu\u00e1rio final.\" \/>\n<meta name=\"robots\" content=\"index, follow, max-snippet:-1, max-image-preview:large, max-video-preview:-1\" \/>\n<link rel=\"canonical\" href=\"https:\/\/www.insside.net\/pt\/servicos\/identity-management\/\" \/>\n<meta property=\"og:locale\" content=\"pt_BR\" \/>\n<meta property=\"og:type\" content=\"article\" \/>\n<meta property=\"og:title\" content=\"Gerenciamento De Identidade e Acesso - INSSIDE\" \/>\n<meta property=\"og:description\" content=\"Gerenciamento de identidade o acesso \u00e0s informa\u00e7\u00f5es para as aplica\u00e7\u00f5es do cliente, fornecendo tamb\u00e9m suporte sob medida para o usu\u00e1rio final.\" \/>\n<meta property=\"og:url\" content=\"https:\/\/www.insside.net\/pt\/servicos\/identity-management\/\" \/>\n<meta property=\"og:site_name\" content=\"Insside PT\" \/>\n<meta property=\"article:modified_time\" content=\"2024-03-12T15:45:38+00:00\" \/>\n<meta property=\"og:image\" content=\"https:\/\/ip23.agenciabuffalo.com\/wp-content\/uploads\/2023\/03\/abm.svg\" \/>\n<meta name=\"twitter:card\" content=\"summary_large_image\" \/>\n<meta name=\"twitter:label1\" content=\"Est. tempo de leitura\" \/>\n\t<meta name=\"twitter:data1\" content=\"3 minutos\" \/>\n<script type=\"application\/ld+json\" class=\"yoast-schema-graph\">{\"@context\":\"https:\/\/schema.org\",\"@graph\":[{\"@type\":\"WebPage\",\"@id\":\"https:\/\/www.insside.net\/pt\/servicos\/identity-management\/\",\"url\":\"https:\/\/www.insside.net\/pt\/servicos\/identity-management\/\",\"name\":\"Gerenciamento De Identidade e Acesso - INSSIDE\",\"isPartOf\":{\"@id\":\"https:\/\/www.insside.net\/pt\/#website\"},\"datePublished\":\"2023-03-22T15:43:38+00:00\",\"dateModified\":\"2024-03-12T15:45:38+00:00\",\"description\":\"Gerenciamento de identidade o acesso \u00e0s informa\u00e7\u00f5es para as aplica\u00e7\u00f5es do cliente, fornecendo tamb\u00e9m suporte sob medida para o usu\u00e1rio final.\",\"breadcrumb\":{\"@id\":\"https:\/\/www.insside.net\/pt\/servicos\/identity-management\/#breadcrumb\"},\"inLanguage\":\"pt-BR\",\"potentialAction\":[{\"@type\":\"ReadAction\",\"target\":[\"https:\/\/www.insside.net\/pt\/servicos\/identity-management\/\"]}]},{\"@type\":\"BreadcrumbList\",\"@id\":\"https:\/\/www.insside.net\/pt\/servicos\/identity-management\/#breadcrumb\",\"itemListElement\":[{\"@type\":\"ListItem\",\"position\":1,\"name\":\"Inicio\",\"item\":\"https:\/\/www.insside.net\/pt\/\"},{\"@type\":\"ListItem\",\"position\":2,\"name\":\"Servi\u00e7os\",\"item\":\"https:\/\/www.insside.net\/pt\/servicos\/\"},{\"@type\":\"ListItem\",\"position\":3,\"name\":\"Identity Management\"}]},{\"@type\":\"WebSite\",\"@id\":\"https:\/\/www.insside.net\/pt\/#website\",\"url\":\"https:\/\/www.insside.net\/pt\/\",\"name\":\"Insside PT\",\"description\":\"L\u00edderes en Ciberseguridad\",\"publisher\":{\"@id\":\"https:\/\/www.insside.net\/pt\/#organization\"},\"potentialAction\":[{\"@type\":\"SearchAction\",\"target\":{\"@type\":\"EntryPoint\",\"urlTemplate\":\"https:\/\/www.insside.net\/pt\/?s={search_term_string}\"},\"query-input\":\"required name=search_term_string\"}],\"inLanguage\":\"pt-BR\"},{\"@type\":\"Organization\",\"@id\":\"https:\/\/www.insside.net\/pt\/#organization\",\"name\":\"Insside PT\",\"url\":\"https:\/\/www.insside.net\/pt\/\",\"logo\":{\"@type\":\"ImageObject\",\"inLanguage\":\"pt-BR\",\"@id\":\"https:\/\/www.insside.net\/pt\/#\/schema\/logo\/image\/\",\"url\":\"https:\/\/www.insside.net\/pt\/wp-content\/uploads\/sites\/8\/2023\/03\/insside_logo-fav-1.png\",\"contentUrl\":\"https:\/\/www.insside.net\/pt\/wp-content\/uploads\/sites\/8\/2023\/03\/insside_logo-fav-1.png\",\"width\":77,\"height\":77,\"caption\":\"Insside PT\"},\"image\":{\"@id\":\"https:\/\/www.insside.net\/pt\/#\/schema\/logo\/image\/\"}}]}<\/script>\n<!-- \/ Yoast SEO plugin. -->","yoast_head_json":{"title":"Gerenciamento De Identidade e Acesso - INSSIDE","description":"Gerenciamento de identidade o acesso \u00e0s informa\u00e7\u00f5es para as aplica\u00e7\u00f5es do cliente, fornecendo tamb\u00e9m suporte sob medida para o usu\u00e1rio final.","robots":{"index":"index","follow":"follow","max-snippet":"max-snippet:-1","max-image-preview":"max-image-preview:large","max-video-preview":"max-video-preview:-1"},"canonical":"https:\/\/www.insside.net\/pt\/servicos\/identity-management\/","og_locale":"pt_BR","og_type":"article","og_title":"Gerenciamento De Identidade e Acesso - INSSIDE","og_description":"Gerenciamento de identidade o acesso \u00e0s informa\u00e7\u00f5es para as aplica\u00e7\u00f5es do cliente, fornecendo tamb\u00e9m suporte sob medida para o usu\u00e1rio final.","og_url":"https:\/\/www.insside.net\/pt\/servicos\/identity-management\/","og_site_name":"Insside PT","article_modified_time":"2024-03-12T15:45:38+00:00","og_image":[{"url":"https:\/\/ip23.agenciabuffalo.com\/wp-content\/uploads\/2023\/03\/abm.svg"}],"twitter_card":"summary_large_image","twitter_misc":{"Est. tempo de leitura":"3 minutos"},"schema":{"@context":"https:\/\/schema.org","@graph":[{"@type":"WebPage","@id":"https:\/\/www.insside.net\/pt\/servicos\/identity-management\/","url":"https:\/\/www.insside.net\/pt\/servicos\/identity-management\/","name":"Gerenciamento De Identidade e Acesso - INSSIDE","isPartOf":{"@id":"https:\/\/www.insside.net\/pt\/#website"},"datePublished":"2023-03-22T15:43:38+00:00","dateModified":"2024-03-12T15:45:38+00:00","description":"Gerenciamento de identidade o acesso \u00e0s informa\u00e7\u00f5es para as aplica\u00e7\u00f5es do cliente, fornecendo tamb\u00e9m suporte sob medida para o usu\u00e1rio final.","breadcrumb":{"@id":"https:\/\/www.insside.net\/pt\/servicos\/identity-management\/#breadcrumb"},"inLanguage":"pt-BR","potentialAction":[{"@type":"ReadAction","target":["https:\/\/www.insside.net\/pt\/servicos\/identity-management\/"]}]},{"@type":"BreadcrumbList","@id":"https:\/\/www.insside.net\/pt\/servicos\/identity-management\/#breadcrumb","itemListElement":[{"@type":"ListItem","position":1,"name":"Inicio","item":"https:\/\/www.insside.net\/pt\/"},{"@type":"ListItem","position":2,"name":"Servi\u00e7os","item":"https:\/\/www.insside.net\/pt\/servicos\/"},{"@type":"ListItem","position":3,"name":"Identity Management"}]},{"@type":"WebSite","@id":"https:\/\/www.insside.net\/pt\/#website","url":"https:\/\/www.insside.net\/pt\/","name":"Insside PT","description":"L\u00edderes en Ciberseguridad","publisher":{"@id":"https:\/\/www.insside.net\/pt\/#organization"},"potentialAction":[{"@type":"SearchAction","target":{"@type":"EntryPoint","urlTemplate":"https:\/\/www.insside.net\/pt\/?s={search_term_string}"},"query-input":"required name=search_term_string"}],"inLanguage":"pt-BR"},{"@type":"Organization","@id":"https:\/\/www.insside.net\/pt\/#organization","name":"Insside PT","url":"https:\/\/www.insside.net\/pt\/","logo":{"@type":"ImageObject","inLanguage":"pt-BR","@id":"https:\/\/www.insside.net\/pt\/#\/schema\/logo\/image\/","url":"https:\/\/www.insside.net\/pt\/wp-content\/uploads\/sites\/8\/2023\/03\/insside_logo-fav-1.png","contentUrl":"https:\/\/www.insside.net\/pt\/wp-content\/uploads\/sites\/8\/2023\/03\/insside_logo-fav-1.png","width":77,"height":77,"caption":"Insside PT"},"image":{"@id":"https:\/\/www.insside.net\/pt\/#\/schema\/logo\/image\/"}}]}},"_links":{"self":[{"href":"https:\/\/www.insside.net\/pt\/wp-json\/wp\/v2\/pages\/788"}],"collection":[{"href":"https:\/\/www.insside.net\/pt\/wp-json\/wp\/v2\/pages"}],"about":[{"href":"https:\/\/www.insside.net\/pt\/wp-json\/wp\/v2\/types\/page"}],"author":[{"embeddable":true,"href":"https:\/\/www.insside.net\/pt\/wp-json\/wp\/v2\/users\/3"}],"replies":[{"embeddable":true,"href":"https:\/\/www.insside.net\/pt\/wp-json\/wp\/v2\/comments?post=788"}],"version-history":[{"count":18,"href":"https:\/\/www.insside.net\/pt\/wp-json\/wp\/v2\/pages\/788\/revisions"}],"predecessor-version":[{"id":1259,"href":"https:\/\/www.insside.net\/pt\/wp-json\/wp\/v2\/pages\/788\/revisions\/1259"}],"up":[{"embeddable":true,"href":"https:\/\/www.insside.net\/pt\/wp-json\/wp\/v2\/pages\/209"}],"wp:attachment":[{"href":"https:\/\/www.insside.net\/pt\/wp-json\/wp\/v2\/media?parent=788"}],"curies":[{"name":"wp","href":"https:\/\/api.w.org\/{rel}","templated":true}]}}