{"id":786,"date":"2023-03-22T12:42:39","date_gmt":"2023-03-22T15:42:39","guid":{"rendered":"https:\/\/www.insside.net\/\/?page_id=786"},"modified":"2023-10-26T16:03:23","modified_gmt":"2023-10-26T19:03:23","slug":"dev-security","status":"publish","type":"page","link":"https:\/\/www.insside.net\/pt\/servicos\/dev-security\/","title":{"rendered":"DEV Security"},"content":{"rendered":"\n\t<section class=\"section servicios_intro\" id=\"section_1961051231\">\n\t\t<div class=\"bg section-bg fill bg-fill  bg-loaded\" >\n\n\t\t\t\n\t\t\t\n\t\t\t\n\n\t\t<\/div>\n\n\t\t\n\n\t\t<div class=\"section-content relative\">\n\t\t\t\n\n<div class=\"row\"  id=\"row-1953081794\">\n\n\n\t<div id=\"col-1674223048\" class=\"col medium-4 small-12 large-4\"  >\n\t\t\t\t<div class=\"col-inner text-center\"  >\n\t\t\t\n\t\t\t\n\n\t<div class=\"img has-hover x md-x lg-x y md-y lg-y\" id=\"image_447391642\">\n\t\t\t\t\t\t\t\t<div class=\"img-inner dark\" style=\"margin:-100px 0px 0px 0px;\">\n\t\t\t<img loading=\"lazy\" decoding=\"async\" width=\"207\" height=\"186\" src=\"https:\/\/www.insside.net\/pt\/wp-content\/uploads\/sites\/8\/2023\/02\/Group-233.svg\" class=\"attachment-original size-original\" alt=\"\" \/>\t\t\t\t\t\t\n\t\t\t\t\t<\/div>\n\t\t\t\t\t\t\t\t\n<style>\n#image_447391642 {\n  width: 80%;\n}\n<\/style>\n\t<\/div>\n\t\n\n\n\t\t<\/div>\n\t\t\t\t\t<\/div>\n\n\t\n\n\t<div id=\"col-1182239310\" class=\"col medium-8 small-12 large-8\"  >\n\t\t\t\t<div class=\"col-inner\"  >\n\t\t\t\n\t\t\t\n\n\t<div id=\"text-2371537849\" class=\"text\">\n\t\t\n\n<h1>DEV <span class=\"alt-font bold\" data-text-color=\"primary\">Security<\/span><\/h1>\n\t\t\n<style>\n#text-2371537849 {\n  font-size: 2rem;\n}\n<\/style>\n\t<\/div>\n\t\n<h3>O desenvolvimento seguro de software  est\u00e1 em nosso DNA e \u00e9 por isso que fazemos avalia\u00e7\u00f5es e implementa\u00e7\u00f5es de melhores pr\u00e1ticas ao longo de todo o ciclo de vida do software.<\/h3>\n\n\t<div id=\"text-3298601845\" class=\"text\">\n\t\t\n\n<p>N\u00f3s treinamos nossos clientes nesta metodologia. Executamos servi\u00e7os de desenvolvimento seguro de software e projetos sob demanda, al\u00e9m de nos integrarmos aos processos de desenvolvimento de nossos clientes.<\/p>\n\n\t\t\n<style>\n#text-3298601845 {\n  font-size: 1.1rem;\n}\n<\/style>\n\t<\/div>\n\t\n\n\t\t<\/div>\n\t\t\t\t\t<\/div>\n\n\t\n\n<\/div>\n\n\t\t<\/div>\n\n\t\t\n<style>\n#section_1961051231 {\n  padding-top: 90px;\n  padding-bottom: 90px;\n}\n#section_1961051231 .ux-shape-divider--top svg {\n  height: 150px;\n  --divider-top-width: 100%;\n}\n#section_1961051231 .ux-shape-divider--bottom svg {\n  height: 150px;\n  --divider-width: 100%;\n}\n<\/style>\n\t<\/section>\n\t\n\n\t<section class=\"section servicios_desc\" id=\"section_806169824\">\n\t\t<div class=\"bg section-bg fill bg-fill  bg-loaded\" >\n\n\t\t\t\n\t\t\t\n\t\t\t\n\n\t\t<\/div>\n\n\t\t\n\n\t\t<div class=\"section-content relative\">\n\t\t\t\n\n<div class=\"row row-large\"  id=\"row-1767632013\">\n\n\n\t<div id=\"col-1247958986\" class=\"col medium-4 small-12 large-4\"  >\n\t\t\t\t<div class=\"col-inner\"  >\n\t\t\t\n\t\t\t\n\n\t<div id=\"text-2551880997\" class=\"text icon-item\">\n\t\t\n\n<h3><img loading=\"lazy\" decoding=\"async\" class=\"alignnone size-full wp-image-583\" src=\"https:\/\/ip23.agenciabuffalo.com\/wp-content\/uploads\/2023\/03\/desarrollo-seguro.svg\" alt=\"\" width=\"72\" height=\"72\"> Treinamento Desenvolvimento Seguro<\/h3>\n\t\t\n<style>\n#text-2551880997 {\n  color: #92e0ff;\n}\n#text-2551880997 > * {\n  color: #92e0ff;\n}\n<\/style>\n\t<\/div>\n\t\n<p>Formamos profissionais e equipas de desenvolvimento nas melhores pr\u00e1ticas para o desenvolvimento seguro do c\u00f3digo desde a fase de concep\u00e7\u00e3o, recolha de requisitos e codifica\u00e7\u00e3o.<\/p>\n\n\t\t<\/div>\n\t\t\t\t\t<\/div>\n\n\t\n\n\t<div id=\"col-652716272\" class=\"col medium-4 small-12 large-4\"  >\n\t\t\t\t<div class=\"col-inner\"  >\n\t\t\t\n\t\t\t\n\n\t<div id=\"text-2477678374\" class=\"text icon-item\">\n\t\t\n\n<h3><img loading=\"lazy\" decoding=\"async\" class=\"alignnone size-full wp-image-582\" src=\"https:\/\/ip23.agenciabuffalo.com\/wp-content\/uploads\/2023\/03\/codigo-fuente.svg\" alt=\"\" width=\"78\" height=\"78\"> Revis\u00e3o <br>do c\u00f3digo fonte<\/h3>\n\t\t\n<style>\n#text-2477678374 {\n  color: #92e0ff;\n}\n#text-2477678374 > * {\n  color: #92e0ff;\n}\n<\/style>\n\t<\/div>\n\t\n<p>Revisamos o c\u00f3digo fonte para garantir que ele n\u00e3o inclua vulnerabilidades de seguran\u00e7a da fase de projeto e\/ou desenvolvimento. Realizamos revis\u00f5es est\u00e1ticas e din\u00e2micas em suas diversas modalidades.<\/p>\n\n\t\t<\/div>\n\t\t\t\t\t<\/div>\n\n\t\n\n\t<div id=\"col-313394735\" class=\"col medium-4 small-12 large-4\"  >\n\t\t\t\t<div class=\"col-inner\"  >\n\t\t\t\n\t\t\t\n\n\t<div id=\"text-2885831810\" class=\"text icon-item\">\n\t\t\n\n<h3><img loading=\"lazy\" decoding=\"async\" class=\"alignnone size-full wp-image-584\" src=\"https:\/\/ip23.agenciabuffalo.com\/wp-content\/uploads\/2023\/03\/revision-codigo.svg\" alt=\"\" width=\"74\" height=\"74\"> Gerenciamento de plataformas de revis\u00e3o de c\u00f3digo<\/h3>\n\t\t\n<style>\n#text-2885831810 {\n  color: #92e0ff;\n}\n#text-2885831810 > * {\n  color: #92e0ff;\n}\n<\/style>\n\t<\/div>\n\t\n<p>Oferecemos servi\u00e7os gerenciados para ferramentas de revis\u00e3o de c\u00f3digo. Integramos aos processos e equipes de nossos clientes.<\/p>\n\n\t\t<\/div>\n\t\t\t\t\t<\/div>\n\n\t\n\n<\/div>\n\t<div id=\"gap-1069818761\" class=\"gap-element clearfix\" style=\"display:block; height:auto;\">\n\t\t\n<style>\n#gap-1069818761 {\n  padding-top: 30px;\n}\n<\/style>\n\t<\/div>\n\t\n\n<div class=\"row\"  id=\"row-1207069529\">\n\n\n\t<div id=\"col-2001478101\" class=\"col small-12 large-12\"  >\n\t\t\t\t<div class=\"col-inner text-center\"  >\n\t\t\t\n\t\t\t\n\n<a href=\"\/pt\/contato\/\" target=\"_self\" class=\"button secondary\"  style=\"border-radius:99px;\">\n    <span>Quero mais informa\u00e7\u00f5es<\/span>\n  <\/a>\n\n\n\n\t\t<\/div>\n\t\t\t\t\t<\/div>\n\n\t\n\n<\/div>\n\n\t\t<\/div>\n\n\t\t\n<style>\n#section_806169824 {\n  padding-top: 30px;\n  padding-bottom: 30px;\n}\n#section_806169824 .ux-shape-divider--top svg {\n  height: 150px;\n  --divider-top-width: 100%;\n}\n#section_806169824 .ux-shape-divider--bottom svg {\n  height: 150px;\n  --divider-width: 100%;\n}\n<\/style>\n\t<\/section>\n\t\n\t<section class=\"section ver_servicios\" id=\"section_1155911916\">\n\t\t<div class=\"bg section-bg fill bg-fill  bg-loaded\" >\n\n\t\t\t\n\t\t\t\n\t\t\t\n\n\t\t<\/div>\n\n\t\t\n\n\t\t<div class=\"section-content relative\">\n\t\t\t\r\n\r\n<div class=\"row\"  id=\"row-283682707\">\r\n\r\n\n\t<div id=\"col-515207560\" class=\"col small-12 large-12\"  >\n\t\t\t\t<div class=\"col-inner\"  >\n\t\t\t\n\t\t\t\r\n\r\n\t<div id=\"text-757193223\" class=\"text\">\n\t\t\r\n\r\n<h2>Ver outros servi\u00e7os<\/h2>\r\n\r\n\t\t\n<style>\n#text-757193223 {\n  text-align: center;\n}\n<\/style>\n\t<\/div>\n\t\r\n\r\n\t\t<\/div>\n\t\t\t\t\t<\/div>\n\n\t\r\n\r\n<\/div>\r\n<div class=\"row align-center\" style=\"max-width:1320px\" id=\"row-1495336273\">\r\n\r\n\n\t<div id=\"col-249373978\" class=\"col medium-2 small-6 large-2\"  >\n\t\t\t\t<div class=\"col-inner text-center\"  >\n\t\t\t\n\t\t\t\r\n\r\n\t<div class=\"img has-hover x md-x lg-x y md-y lg-y\" id=\"image_1934042990\">\n\t\t\t\t\t\t\t\t<div class=\"img-inner dark\" >\n\t\t\t<img loading=\"lazy\" decoding=\"async\" width=\"253\" height=\"242\" src=\"https:\/\/www.insside.net\/pt\/wp-content\/uploads\/sites\/8\/2023\/02\/servicios_icon-defensive.svg\" class=\"attachment-original size-original\" alt=\"\" \/>\t\t\t\t\t\t\n\t\t\t\t\t<\/div>\n\t\t\t\t\t\t\t\t\n<style>\n#image_1934042990 {\n  width: 100%;\n}\n<\/style>\n\t<\/div>\n\t\r\n\r\n<h3>Blue<br \/><span data-text-color=\"primary\">Team<\/span><\/h3>\r\n<a href=\"\/pt\/servicos\/blue-team\/\" target=\"_self\" class=\"button secondary is-small\"  style=\"border-radius:99px;\">\n    <span>Ver +<\/span>\n  <\/a>\n\r\n\r\n\r\n\t\t<\/div>\n\t\t\t\t\t<\/div>\n\n\t\r\n\n\t<div id=\"col-1629235708\" class=\"col medium-2 small-6 large-2\"  >\n\t\t\t\t<div class=\"col-inner text-center\"  >\n\t\t\t\n\t\t\t\r\n\r\n\t<div class=\"img has-hover x md-x lg-x y md-y lg-y\" id=\"image_1509231589\">\n\t\t\t\t\t\t\t\t<div class=\"img-inner dark\" >\n\t\t\t<img loading=\"lazy\" decoding=\"async\" width=\"259\" height=\"240\" src=\"https:\/\/www.insside.net\/pt\/wp-content\/uploads\/sites\/8\/2023\/02\/servicios_icon-offensive.svg\" class=\"attachment-original size-original\" alt=\"\" \/>\t\t\t\t\t\t\n\t\t\t\t\t<\/div>\n\t\t\t\t\t\t\t\t\n<style>\n#image_1509231589 {\n  width: 100%;\n}\n<\/style>\n\t<\/div>\n\t\r\n\r\n<h3>Red <br \/><span data-text-color=\"primary\">Team<\/span><\/h3>\r\n<a href=\"\/pt\/servicos\/red-team\/\" target=\"_self\" class=\"button secondary is-small\"  style=\"border-radius:99px;\">\n    <span>Ver +<\/span>\n  <\/a>\n\r\n\r\n\r\n\t\t<\/div>\n\t\t\t\t\t<\/div>\n\n\t\r\n\n\t<div id=\"col-1475852220\" class=\"col medium-2 small-6 large-2\"  >\n\t\t\t\t<div class=\"col-inner text-center\"  >\n\t\t\t\n\t\t\t\r\n\r\n\t<div class=\"img has-hover x md-x lg-x y md-y lg-y\" id=\"image_74791828\">\n\t\t\t\t\t\t\t\t<div class=\"img-inner dark\" >\n\t\t\t<img loading=\"lazy\" decoding=\"async\" width=\"258\" height=\"240\" src=\"https:\/\/www.insside.net\/pt\/wp-content\/uploads\/sites\/8\/2023\/02\/servicios_icon-dev.svg\" class=\"attachment-original size-original\" alt=\"\" \/>\t\t\t\t\t\t\n\t\t\t\t\t<\/div>\n\t\t\t\t\t\t\t\t\n<style>\n#image_74791828 {\n  width: 100%;\n}\n<\/style>\n\t<\/div>\n\t\r\n\r\n<h3>Governance, Risk <span data-text-color=\"primary\">&amp; Compliance<\/span><\/h3>\r\n<a href=\"\/pt\/servicos\/grc\/\" target=\"_self\" class=\"button secondary is-small\"  style=\"border-radius:99px;\">\n    <span>Ver +<\/span>\n  <\/a>\n\r\n\r\n\r\n\t\t<\/div>\n\t\t\t\t\t<\/div>\n\n\t\r\n\n\t<div id=\"col-726545463\" class=\"col medium-2 small-6 large-2\"  >\n\t\t\t\t<div class=\"col-inner text-center\"  >\n\t\t\t\n\t\t\t\r\n\r\n\t<div class=\"img has-hover x md-x lg-x y md-y lg-y\" id=\"image_888916840\">\n\t\t\t\t\t\t\t\t<div class=\"img-inner dark\" >\n\t\t\t<img loading=\"lazy\" decoding=\"async\" width=\"207\" height=\"186\" src=\"https:\/\/www.insside.net\/pt\/wp-content\/uploads\/sites\/8\/2023\/02\/Group-233.svg\" class=\"attachment-original size-original\" alt=\"\" \/>\t\t\t\t\t\t\n\t\t\t\t\t<\/div>\n\t\t\t\t\t\t\t\t\n<style>\n#image_888916840 {\n  width: 100%;\n}\n<\/style>\n\t<\/div>\n\t\r\n\r\n<h3>Dev <br \/><span data-text-color=\"primary\">Security<\/span><\/h3>\r\n<a href=\"\/pt\/servicos\/dev-security\/\" target=\"_self\" class=\"button secondary is-small\"  style=\"border-radius:99px;\">\n    <span>Ver +<\/span>\n  <\/a>\n\r\n\r\n\r\n\t\t<\/div>\n\t\t\t\t\t<\/div>\n\n\t\r\n\n\t<div id=\"col-742194099\" class=\"col medium-2 small-6 large-2\"  >\n\t\t\t\t<div class=\"col-inner text-center\"  >\n\t\t\t\n\t\t\t\r\n\r\n\t<div class=\"img has-hover x md-x lg-x y md-y lg-y\" id=\"image_436039558\">\n\t\t\t\t\t\t\t\t<div class=\"img-inner dark\" >\n\t\t\t<img loading=\"lazy\" decoding=\"async\" width=\"196\" height=\"187\" src=\"https:\/\/www.insside.net\/pt\/wp-content\/uploads\/sites\/8\/2023\/02\/Group-234.svg\" class=\"attachment-original size-original\" alt=\"\" \/>\t\t\t\t\t\t\n\t\t\t\t\t<\/div>\n\t\t\t\t\t\t\t\t\n<style>\n#image_436039558 {\n  width: 100%;\n}\n<\/style>\n\t<\/div>\n\t\r\n\r\n<h3>Identity <span data-text-color=\"primary\">Management<\/span><\/h3>\r\n<a href=\"\/pt\/servicos\/identity-management\/\" target=\"_self\" class=\"button secondary is-small\"  style=\"border-radius:99px;\">\n    <span>Ver +<\/span>\n  <\/a>\n\r\n\r\n\r\n\t\t<\/div>\n\t\t\t\t\t<\/div>\n\n\t\r\n\r\n<\/div>\r\n\r\n\t\t<\/div>\n\n\t\t\n<style>\n#section_1155911916 {\n  padding-top: 30px;\n  padding-bottom: 30px;\n}\n#section_1155911916 .ux-shape-divider--top svg {\n  height: 150px;\n  --divider-top-width: 100%;\n}\n#section_1155911916 .ux-shape-divider--bottom svg {\n  height: 150px;\n  --divider-width: 100%;\n}\n<\/style>\n\t<\/section>\n\t\n","protected":false},"excerpt":{"rendered":"","protected":false},"author":3,"featured_media":0,"parent":209,"menu_order":0,"comment_status":"closed","ping_status":"closed","template":"page-transparent-header.php","meta":{"content-type":"","inline_featured_image":false,"footnotes":""},"yoast_head":"<!-- This site is optimized with the Yoast SEO plugin v21.2 - https:\/\/yoast.com\/wordpress\/plugins\/seo\/ -->\n<title>Desenvolvimento Seguro De Software - DEV Security -INSSIDE<\/title>\n<meta name=\"description\" content=\"Somos Desenvolvimento Seguro de Software. Realizamos implementa\u00e7\u00f5es seguindo as melhores pr\u00e1ticas durante todo o ciclo de vida do software.\" \/>\n<meta name=\"robots\" content=\"index, follow, max-snippet:-1, max-image-preview:large, max-video-preview:-1\" \/>\n<link rel=\"canonical\" href=\"https:\/\/www.insside.net\/pt\/servicos\/dev-security\/\" \/>\n<meta property=\"og:locale\" content=\"pt_BR\" \/>\n<meta property=\"og:type\" content=\"article\" \/>\n<meta property=\"og:title\" content=\"Desenvolvimento Seguro De Software - DEV Security -INSSIDE\" \/>\n<meta property=\"og:description\" content=\"Somos Desenvolvimento Seguro de Software. Realizamos implementa\u00e7\u00f5es seguindo as melhores pr\u00e1ticas durante todo o ciclo de vida do software.\" \/>\n<meta property=\"og:url\" content=\"https:\/\/www.insside.net\/pt\/servicos\/dev-security\/\" \/>\n<meta property=\"og:site_name\" content=\"Insside PT\" \/>\n<meta property=\"article:modified_time\" content=\"2023-10-26T19:03:23+00:00\" \/>\n<meta property=\"og:image\" content=\"https:\/\/ip23.agenciabuffalo.com\/wp-content\/uploads\/2023\/03\/desarrollo-seguro.svg\" \/>\n<meta name=\"twitter:card\" content=\"summary_large_image\" \/>\n<meta name=\"twitter:label1\" content=\"Est. tempo de leitura\" \/>\n\t<meta name=\"twitter:data1\" content=\"3 minutos\" \/>\n<script type=\"application\/ld+json\" class=\"yoast-schema-graph\">{\"@context\":\"https:\/\/schema.org\",\"@graph\":[{\"@type\":\"WebPage\",\"@id\":\"https:\/\/www.insside.net\/pt\/servicos\/dev-security\/\",\"url\":\"https:\/\/www.insside.net\/pt\/servicos\/dev-security\/\",\"name\":\"Desenvolvimento Seguro De Software - DEV Security -INSSIDE\",\"isPartOf\":{\"@id\":\"https:\/\/www.insside.net\/pt\/#website\"},\"datePublished\":\"2023-03-22T15:42:39+00:00\",\"dateModified\":\"2023-10-26T19:03:23+00:00\",\"description\":\"Somos Desenvolvimento Seguro de Software. Realizamos implementa\u00e7\u00f5es seguindo as melhores pr\u00e1ticas durante todo o ciclo de vida do software.\",\"breadcrumb\":{\"@id\":\"https:\/\/www.insside.net\/pt\/servicos\/dev-security\/#breadcrumb\"},\"inLanguage\":\"pt-BR\",\"potentialAction\":[{\"@type\":\"ReadAction\",\"target\":[\"https:\/\/www.insside.net\/pt\/servicos\/dev-security\/\"]}]},{\"@type\":\"BreadcrumbList\",\"@id\":\"https:\/\/www.insside.net\/pt\/servicos\/dev-security\/#breadcrumb\",\"itemListElement\":[{\"@type\":\"ListItem\",\"position\":1,\"name\":\"Inicio\",\"item\":\"https:\/\/www.insside.net\/pt\/\"},{\"@type\":\"ListItem\",\"position\":2,\"name\":\"Servi\u00e7os\",\"item\":\"https:\/\/www.insside.net\/pt\/servicos\/\"},{\"@type\":\"ListItem\",\"position\":3,\"name\":\"DEV Security\"}]},{\"@type\":\"WebSite\",\"@id\":\"https:\/\/www.insside.net\/pt\/#website\",\"url\":\"https:\/\/www.insside.net\/pt\/\",\"name\":\"Insside PT\",\"description\":\"L\u00edderes en Ciberseguridad\",\"publisher\":{\"@id\":\"https:\/\/www.insside.net\/pt\/#organization\"},\"potentialAction\":[{\"@type\":\"SearchAction\",\"target\":{\"@type\":\"EntryPoint\",\"urlTemplate\":\"https:\/\/www.insside.net\/pt\/?s={search_term_string}\"},\"query-input\":\"required name=search_term_string\"}],\"inLanguage\":\"pt-BR\"},{\"@type\":\"Organization\",\"@id\":\"https:\/\/www.insside.net\/pt\/#organization\",\"name\":\"Insside PT\",\"url\":\"https:\/\/www.insside.net\/pt\/\",\"logo\":{\"@type\":\"ImageObject\",\"inLanguage\":\"pt-BR\",\"@id\":\"https:\/\/www.insside.net\/pt\/#\/schema\/logo\/image\/\",\"url\":\"https:\/\/www.insside.net\/pt\/wp-content\/uploads\/sites\/8\/2023\/03\/insside_logo-fav-1.png\",\"contentUrl\":\"https:\/\/www.insside.net\/pt\/wp-content\/uploads\/sites\/8\/2023\/03\/insside_logo-fav-1.png\",\"width\":77,\"height\":77,\"caption\":\"Insside PT\"},\"image\":{\"@id\":\"https:\/\/www.insside.net\/pt\/#\/schema\/logo\/image\/\"}}]}<\/script>\n<!-- \/ Yoast SEO plugin. -->","yoast_head_json":{"title":"Desenvolvimento Seguro De Software - DEV Security -INSSIDE","description":"Somos Desenvolvimento Seguro de Software. Realizamos implementa\u00e7\u00f5es seguindo as melhores pr\u00e1ticas durante todo o ciclo de vida do software.","robots":{"index":"index","follow":"follow","max-snippet":"max-snippet:-1","max-image-preview":"max-image-preview:large","max-video-preview":"max-video-preview:-1"},"canonical":"https:\/\/www.insside.net\/pt\/servicos\/dev-security\/","og_locale":"pt_BR","og_type":"article","og_title":"Desenvolvimento Seguro De Software - DEV Security -INSSIDE","og_description":"Somos Desenvolvimento Seguro de Software. Realizamos implementa\u00e7\u00f5es seguindo as melhores pr\u00e1ticas durante todo o ciclo de vida do software.","og_url":"https:\/\/www.insside.net\/pt\/servicos\/dev-security\/","og_site_name":"Insside PT","article_modified_time":"2023-10-26T19:03:23+00:00","og_image":[{"url":"https:\/\/ip23.agenciabuffalo.com\/wp-content\/uploads\/2023\/03\/desarrollo-seguro.svg"}],"twitter_card":"summary_large_image","twitter_misc":{"Est. tempo de leitura":"3 minutos"},"schema":{"@context":"https:\/\/schema.org","@graph":[{"@type":"WebPage","@id":"https:\/\/www.insside.net\/pt\/servicos\/dev-security\/","url":"https:\/\/www.insside.net\/pt\/servicos\/dev-security\/","name":"Desenvolvimento Seguro De Software - DEV Security -INSSIDE","isPartOf":{"@id":"https:\/\/www.insside.net\/pt\/#website"},"datePublished":"2023-03-22T15:42:39+00:00","dateModified":"2023-10-26T19:03:23+00:00","description":"Somos Desenvolvimento Seguro de Software. Realizamos implementa\u00e7\u00f5es seguindo as melhores pr\u00e1ticas durante todo o ciclo de vida do software.","breadcrumb":{"@id":"https:\/\/www.insside.net\/pt\/servicos\/dev-security\/#breadcrumb"},"inLanguage":"pt-BR","potentialAction":[{"@type":"ReadAction","target":["https:\/\/www.insside.net\/pt\/servicos\/dev-security\/"]}]},{"@type":"BreadcrumbList","@id":"https:\/\/www.insside.net\/pt\/servicos\/dev-security\/#breadcrumb","itemListElement":[{"@type":"ListItem","position":1,"name":"Inicio","item":"https:\/\/www.insside.net\/pt\/"},{"@type":"ListItem","position":2,"name":"Servi\u00e7os","item":"https:\/\/www.insside.net\/pt\/servicos\/"},{"@type":"ListItem","position":3,"name":"DEV Security"}]},{"@type":"WebSite","@id":"https:\/\/www.insside.net\/pt\/#website","url":"https:\/\/www.insside.net\/pt\/","name":"Insside PT","description":"L\u00edderes en Ciberseguridad","publisher":{"@id":"https:\/\/www.insside.net\/pt\/#organization"},"potentialAction":[{"@type":"SearchAction","target":{"@type":"EntryPoint","urlTemplate":"https:\/\/www.insside.net\/pt\/?s={search_term_string}"},"query-input":"required name=search_term_string"}],"inLanguage":"pt-BR"},{"@type":"Organization","@id":"https:\/\/www.insside.net\/pt\/#organization","name":"Insside PT","url":"https:\/\/www.insside.net\/pt\/","logo":{"@type":"ImageObject","inLanguage":"pt-BR","@id":"https:\/\/www.insside.net\/pt\/#\/schema\/logo\/image\/","url":"https:\/\/www.insside.net\/pt\/wp-content\/uploads\/sites\/8\/2023\/03\/insside_logo-fav-1.png","contentUrl":"https:\/\/www.insside.net\/pt\/wp-content\/uploads\/sites\/8\/2023\/03\/insside_logo-fav-1.png","width":77,"height":77,"caption":"Insside PT"},"image":{"@id":"https:\/\/www.insside.net\/pt\/#\/schema\/logo\/image\/"}}]}},"_links":{"self":[{"href":"https:\/\/www.insside.net\/pt\/wp-json\/wp\/v2\/pages\/786"}],"collection":[{"href":"https:\/\/www.insside.net\/pt\/wp-json\/wp\/v2\/pages"}],"about":[{"href":"https:\/\/www.insside.net\/pt\/wp-json\/wp\/v2\/types\/page"}],"author":[{"embeddable":true,"href":"https:\/\/www.insside.net\/pt\/wp-json\/wp\/v2\/users\/3"}],"replies":[{"embeddable":true,"href":"https:\/\/www.insside.net\/pt\/wp-json\/wp\/v2\/comments?post=786"}],"version-history":[{"count":9,"href":"https:\/\/www.insside.net\/pt\/wp-json\/wp\/v2\/pages\/786\/revisions"}],"predecessor-version":[{"id":1071,"href":"https:\/\/www.insside.net\/pt\/wp-json\/wp\/v2\/pages\/786\/revisions\/1071"}],"up":[{"embeddable":true,"href":"https:\/\/www.insside.net\/pt\/wp-json\/wp\/v2\/pages\/209"}],"wp:attachment":[{"href":"https:\/\/www.insside.net\/pt\/wp-json\/wp\/v2\/media?parent=786"}],"curies":[{"name":"wp","href":"https:\/\/api.w.org\/{rel}","templated":true}]}}