{"id":784,"date":"2023-03-22T12:41:39","date_gmt":"2023-03-22T15:41:39","guid":{"rendered":"https:\/\/www.insside.net\/\/?page_id=784"},"modified":"2023-10-26T12:34:02","modified_gmt":"2023-10-26T15:34:02","slug":"blue-team","status":"publish","type":"page","link":"https:\/\/www.insside.net\/pt\/servicos\/blue-team\/","title":{"rendered":"Blue Team"},"content":{"rendered":"\n\t<section class=\"section servicios_intro\" id=\"section_2092283324\">\n\t\t<div class=\"bg section-bg fill bg-fill  bg-loaded\" >\n\n\t\t\t\n\t\t\t\n\t\t\t\n\n\t\t<\/div>\n\n\t\t\n\n\t\t<div class=\"section-content relative\">\n\t\t\t\n\n<div class=\"row\"  id=\"row-2117568839\">\n\n\n\t<div id=\"col-540388184\" class=\"col medium-4 small-12 large-4\"  >\n\t\t\t\t<div class=\"col-inner text-center\"  >\n\t\t\t\n\t\t\t\n\n\t<div class=\"img has-hover x md-x lg-x y md-y lg-y\" id=\"image_713856664\">\n\t\t\t\t\t\t\t\t<div class=\"img-inner dark\" style=\"margin:-100px 0px 0px 0px;\">\n\t\t\t<img loading=\"lazy\" decoding=\"async\" width=\"196\" height=\"187\" src=\"https:\/\/www.insside.net\/pt\/wp-content\/uploads\/sites\/8\/2023\/02\/Group-231.svg\" class=\"attachment-original size-original\" alt=\"\" \/>\t\t\t\t\t\t\n\t\t\t\t\t<\/div>\n\t\t\t\t\t\t\t\t\n<style>\n#image_713856664 {\n  width: 80%;\n}\n<\/style>\n\t<\/div>\n\t\n\n\n\t\t<\/div>\n\t\t\t\t\t<\/div>\n\n\t\n\n\t<div id=\"col-1564361789\" class=\"col medium-8 small-12 large-8\"  >\n\t\t\t\t<div class=\"col-inner\"  >\n\t\t\t\n\t\t\t\n\n\t<div id=\"text-902542396\" class=\"text grc\">\n\t\t\n\n<h1>Blue <span class=\"alt-font bold\" data-text-color=\"primary\">Team<\/span><\/h1>\n\t\t\n<style>\n#text-902542396 {\n  font-size: 2rem;\n}\n<\/style>\n\t<\/div>\n\t\n<h3>A partir de nosso Centro de Defesa Cibern\u00e9tica, fornecemos servi\u00e7os de seguran\u00e7a cibern\u00e9tica,  monitoramos ativamente de forma multiplataforma para prevenir, detectar, analisar e alertar amea\u00e7as a fim de refor\u00e7ar e sustentar um ecossistema resiliente.<\/h3>\n\t<div id=\"text-2677109998\" class=\"text\">\n\t\t\n\n<p>Realizamos os relat\u00f3rios correspondentes e gerenciamos alertas e vulnerabilidades, obtendo um servi\u00e7o de seguran\u00e7a cibern\u00e9tica completo e integral incorporando a defini\u00e7\u00e3o de arquiteturas, fornecimento de solu\u00e7\u00f5es e gerenciamento operacional.<\/p>\n\t\t\n<style>\n#text-2677109998 {\n  font-size: 1.1rem;\n}\n<\/style>\n\t<\/div>\n\t\n\n\t\t<\/div>\n\t\t\t\t\t<\/div>\n\n\t\n\n<\/div>\n\n\t\t<\/div>\n\n\t\t\n<style>\n#section_2092283324 {\n  padding-top: 90px;\n  padding-bottom: 90px;\n}\n#section_2092283324 .ux-shape-divider--top svg {\n  height: 150px;\n  --divider-top-width: 100%;\n}\n#section_2092283324 .ux-shape-divider--bottom svg {\n  height: 150px;\n  --divider-width: 100%;\n}\n<\/style>\n\t<\/section>\n\t\n\n\t<section class=\"section servicios_desc\" id=\"section_54544734\">\n\t\t<div class=\"bg section-bg fill bg-fill  bg-loaded\" >\n\n\t\t\t\n\t\t\t\n\t\t\t\n\n\t\t<\/div>\n\n\t\t\n\n\t\t<div class=\"section-content relative\">\n\t\t\t\n\n<div class=\"row row-large\"  id=\"row-859188607\">\n\n\n\t<div id=\"col-1084788666\" class=\"col medium-4 small-12 large-4\"  >\n\t\t\t\t<div class=\"col-inner\"  >\n\t\t\t\n\t\t\t\n\n\t<div id=\"text-2109386712\" class=\"text icon-item\">\n\t\t\n\n<h3><img loading=\"lazy\" decoding=\"async\" class=\"alignnone size-full wp-image-606\" src=\"https:\/\/ip23.agenciabuffalo.com\/wp-content\/uploads\/2023\/03\/soc.svg\" alt=\"\" width=\"88\" height=\"72\"> Servi\u00e7o SOC 7&#215;24<\/h3>\n\t\t\n<style>\n#text-2109386712 {\n  color: #92e0ff;\n}\n#text-2109386712 > * {\n  color: #92e0ff;\n}\n<\/style>\n\t<\/div>\n\t\n<p>Monitoramos, alertamos e respondemos a incidentes entregues em nossa plataforma ou em plataformas de clientes. An\u00e1lise e correla\u00e7\u00e3o de eventos (SIEM) para detectar incidentes e anomalias nas redes, sistemas e comportamento dos usu\u00e1rios.<\/p>\n\n\t\t<\/div>\n\t\t\t\t\t<\/div>\n\n\t\n\n\t<div id=\"col-521527427\" class=\"col medium-4 small-12 large-4\"  >\n\t\t\t\t<div class=\"col-inner\"  >\n\t\t\t\n\t\t\t\n\n\t<div id=\"text-1727405396\" class=\"text icon-item\">\n\t\t\n\n<h3><img loading=\"lazy\" decoding=\"async\" class=\"alignnone size-full wp-image-874\" src=\"https:\/\/www.insside.net\/\/wp-content\/uploads\/sites\/8\/2023\/03\/Group-140.png\" alt=\"\" width=\"70\" height=\"71\"> Intelig\u00eancia de Amea\u00e7as<\/h3>\n\t\t\n<style>\n#text-1727405396 {\n  color: #92e0ff;\n}\n#text-1727405396 > * {\n  color: #92e0ff;\n}\n<\/style>\n\t<\/div>\n\t\n<p>Coletamos, processamos e analisamos informa\u00e7\u00f5es fora do per\u00edmetro da organiza\u00e7\u00e3o (internet, rede profunda e escura), que pode se tornar um vetor de ataque. Este componente de servi\u00e7o traz proatividade ao SOC e servi\u00e7os fornecemos servi\u00e7os de seguran\u00e7a cibern\u00e9tica gerenciados.<\/p>\n\n\t\t<\/div>\n\t\t\t\t\t<\/div>\n\n\t\n\n\t<div id=\"col-64709917\" class=\"col medium-4 small-12 large-4\"  >\n\t\t\t\t<div class=\"col-inner\"  >\n\t\t\t\n\t\t\t\n\n\t<div id=\"text-4155801920\" class=\"text icon-item\">\n\t\t\n\n<h3><img loading=\"lazy\" decoding=\"async\" class=\"alignnone size-full wp-image-604\" src=\"https:\/\/ip23.agenciabuffalo.com\/wp-content\/uploads\/2023\/03\/monitoreo.svg\" alt=\"\" width=\"86\" height=\"77\">Servi\u00e7os de monitoramento<\/h3>\n\t\t\n<style>\n#text-4155801920 {\n  color: #92e0ff;\n}\n#text-4155801920 > * {\n  color: #92e0ff;\n}\n<\/style>\n\t<\/div>\n\t\n<p>Implementamos servi\u00e7os de monitoramento em diferentes tecnologias e plataformas: FIM (File Integrity Monitoring), PAN Discovery, entre outros. Fornecemos treinamento para operadores e administradores.<\/p>\n\n\t\t<\/div>\n\t\t\t\t\t<\/div>\n\n\t\n\n\t<div id=\"col-1598171377\" class=\"col medium-4 small-12 large-4\"  >\n\t\t\t\t<div class=\"col-inner\"  >\n\t\t\t\n\t\t\t\n\n\t<div id=\"text-4034384556\" class=\"text icon-item\">\n\t\t\n\n<h3><img loading=\"lazy\" decoding=\"async\" class=\"alignnone size-full wp-image-608\" src=\"https:\/\/ip23.agenciabuffalo.com\/wp-content\/uploads\/2023\/03\/gestion-seguridad.svg\" alt=\"\" width=\"78\" height=\"64\"> Servi\u00e7os de seguran\u00e7a gerenciados<\/h3>\n\t\t\n<style>\n#text-4034384556 {\n  color: #92e0ff;\n}\n#text-4034384556 > * {\n  color: #92e0ff;\n}\n<\/style>\n\t<\/div>\n\t\n<p>Implementamos, administramos, gerenciamos e otimizamos plataformas e processos de ciber-seguran\u00e7a. As plataformas incluem: seguran\u00e7a perimetral (firewalls, VPN, proxies, IDS\/IPS, etc.), seguran\u00e7a endpoint (EDR, AV), seguran\u00e7a em nuvem, anti-DDoS. Processos: gerenciamento de vulnerabilidades, gerenciamento de patches, endurecimento.<\/p>\n\n\t\t<\/div>\n\t\t\t\t\t<\/div>\n\n\t\n\n\t<div id=\"col-1755545188\" class=\"col medium-4 small-12 large-4\"  >\n\t\t\t\t<div class=\"col-inner\"  >\n\t\t\t\n\t\t\t\n\n\t<div id=\"text-397467353\" class=\"text icon-item\">\n\t\t\n\n<h3><img loading=\"lazy\" decoding=\"async\" class=\"alignnone size-full wp-image-468\" src=\"https:\/\/ip23.agenciabuffalo.com\/wp-content\/uploads\/2023\/03\/Concientizacion.svg\" alt=\"\" width=\"75\" height=\"71\"> Arquiteturas de ciberseguran\u00e7a<\/h3>\n\t\t\n<style>\n#text-397467353 {\n  color: #92e0ff;\n}\n#text-397467353 > * {\n  color: #92e0ff;\n}\n<\/style>\n\t<\/div>\n\t\n<p>Definimos, fornecemos e implementamos solu\u00e7\u00f5es de ciberseguran\u00e7a cibern\u00e9tica com a gest\u00e3o de nossos profissionais treinados e especializados ou em regime de turnkey. Proporcionamos treinamento liderado por nossos engenheiros.<\/p>\n\n\t\t<\/div>\n\t\t\t\t\t<\/div>\n\n\t\n\n\t<div id=\"col-79291145\" class=\"col medium-4 small-12 large-4\"  >\n\t\t\t\t<div class=\"col-inner\"  >\n\t\t\t\n\t\t\t\n\n\t<div id=\"text-1448180080\" class=\"text icon-item\">\n\t\t\n\n<h3><img loading=\"lazy\" decoding=\"async\" class=\"alignnone size-full wp-image-607\" src=\"https:\/\/ip23.agenciabuffalo.com\/wp-content\/uploads\/2023\/03\/socios.svg\" alt=\"\" width=\"72\" height=\"80\"> Parceiros tecnol\u00f3gicos<\/h3>\n\t\t\n<style>\n#text-1448180080 {\n  color: #92e0ff;\n}\n#text-1448180080 > * {\n  color: #92e0ff;\n}\n<\/style>\n\t<\/div>\n\t\n<p>Complementamos nossa oferta com produtos e servi\u00e7os dos principais fornecedores de tecnologia e servi\u00e7os cibern\u00e9ticos de seguran\u00e7a cibern\u00e9tica. Estes acordos nos permitem garantir a qualidade de nossos servi\u00e7os e fornecer as melhores condi\u00e7\u00f5es e propostas comerciais a nossos clientes.<\/p>\n\n\t\t<\/div>\n\t\t\t\t\t<\/div>\n\n\t\n\n<\/div>\n\t<div id=\"gap-2127567258\" class=\"gap-element clearfix\" style=\"display:block; height:auto;\">\n\t\t\n<style>\n#gap-2127567258 {\n  padding-top: 30px;\n}\n<\/style>\n\t<\/div>\n\t\n\n<div class=\"row\"  id=\"row-984563460\">\n\n\n\t<div id=\"col-103273466\" class=\"col small-12 large-12\"  >\n\t\t\t\t<div class=\"col-inner text-center\"  >\n\t\t\t\n\t\t\t\n\n<a href=\"\/pt\/contato\/\" target=\"_self\" class=\"button secondary\"  style=\"border-radius:99px;\">\n    <span>Quero mais informa\u00e7\u00f5es<\/span>\n  <\/a>\n\n\n\n\t\t<\/div>\n\t\t\t\t\t<\/div>\n\n\t\n\n<\/div>\n\n\t\t<\/div>\n\n\t\t\n<style>\n#section_54544734 {\n  padding-top: 30px;\n  padding-bottom: 30px;\n}\n#section_54544734 .ux-shape-divider--top svg {\n  height: 150px;\n  --divider-top-width: 100%;\n}\n#section_54544734 .ux-shape-divider--bottom svg {\n  height: 150px;\n  --divider-width: 100%;\n}\n<\/style>\n\t<\/section>\n\t\n\t<section class=\"section ver_servicios\" id=\"section_437040945\">\n\t\t<div class=\"bg section-bg fill bg-fill  bg-loaded\" >\n\n\t\t\t\n\t\t\t\n\t\t\t\n\n\t\t<\/div>\n\n\t\t\n\n\t\t<div class=\"section-content relative\">\n\t\t\t\r\n\r\n<div class=\"row\"  id=\"row-611168722\">\r\n\r\n\n\t<div id=\"col-1342230144\" class=\"col small-12 large-12\"  >\n\t\t\t\t<div class=\"col-inner\"  >\n\t\t\t\n\t\t\t\r\n\r\n\t<div id=\"text-3890928149\" class=\"text\">\n\t\t\r\n\r\n<h2>Ver outros servi\u00e7os<\/h2>\r\n\r\n\t\t\n<style>\n#text-3890928149 {\n  text-align: center;\n}\n<\/style>\n\t<\/div>\n\t\r\n\r\n\t\t<\/div>\n\t\t\t\t\t<\/div>\n\n\t\r\n\r\n<\/div>\r\n<div class=\"row align-center\" style=\"max-width:1320px\" id=\"row-1748344436\">\r\n\r\n\n\t<div id=\"col-448347516\" class=\"col medium-2 small-6 large-2\"  >\n\t\t\t\t<div class=\"col-inner text-center\"  >\n\t\t\t\n\t\t\t\r\n\r\n\t<div class=\"img has-hover x md-x lg-x y md-y lg-y\" id=\"image_1058953880\">\n\t\t\t\t\t\t\t\t<div class=\"img-inner dark\" >\n\t\t\t<img loading=\"lazy\" decoding=\"async\" width=\"253\" height=\"242\" src=\"https:\/\/www.insside.net\/pt\/wp-content\/uploads\/sites\/8\/2023\/02\/servicios_icon-defensive.svg\" class=\"attachment-original size-original\" alt=\"\" \/>\t\t\t\t\t\t\n\t\t\t\t\t<\/div>\n\t\t\t\t\t\t\t\t\n<style>\n#image_1058953880 {\n  width: 100%;\n}\n<\/style>\n\t<\/div>\n\t\r\n\r\n<h3>Blue<br \/><span data-text-color=\"primary\">Team<\/span><\/h3>\r\n<a href=\"\/pt\/servicos\/blue-team\/\" target=\"_self\" class=\"button secondary is-small\"  style=\"border-radius:99px;\">\n    <span>Ver +<\/span>\n  <\/a>\n\r\n\r\n\r\n\t\t<\/div>\n\t\t\t\t\t<\/div>\n\n\t\r\n\n\t<div id=\"col-1606218142\" class=\"col medium-2 small-6 large-2\"  >\n\t\t\t\t<div class=\"col-inner text-center\"  >\n\t\t\t\n\t\t\t\r\n\r\n\t<div class=\"img has-hover x md-x lg-x y md-y lg-y\" id=\"image_914288266\">\n\t\t\t\t\t\t\t\t<div class=\"img-inner dark\" >\n\t\t\t<img loading=\"lazy\" decoding=\"async\" width=\"259\" height=\"240\" src=\"https:\/\/www.insside.net\/pt\/wp-content\/uploads\/sites\/8\/2023\/02\/servicios_icon-offensive.svg\" class=\"attachment-original size-original\" alt=\"\" \/>\t\t\t\t\t\t\n\t\t\t\t\t<\/div>\n\t\t\t\t\t\t\t\t\n<style>\n#image_914288266 {\n  width: 100%;\n}\n<\/style>\n\t<\/div>\n\t\r\n\r\n<h3>Red <br \/><span data-text-color=\"primary\">Team<\/span><\/h3>\r\n<a href=\"\/pt\/servicos\/red-team\/\" target=\"_self\" class=\"button secondary is-small\"  style=\"border-radius:99px;\">\n    <span>Ver +<\/span>\n  <\/a>\n\r\n\r\n\r\n\t\t<\/div>\n\t\t\t\t\t<\/div>\n\n\t\r\n\n\t<div id=\"col-684040772\" class=\"col medium-2 small-6 large-2\"  >\n\t\t\t\t<div class=\"col-inner text-center\"  >\n\t\t\t\n\t\t\t\r\n\r\n\t<div class=\"img has-hover x md-x lg-x y md-y lg-y\" id=\"image_797407189\">\n\t\t\t\t\t\t\t\t<div class=\"img-inner dark\" >\n\t\t\t<img loading=\"lazy\" decoding=\"async\" width=\"258\" height=\"240\" src=\"https:\/\/www.insside.net\/pt\/wp-content\/uploads\/sites\/8\/2023\/02\/servicios_icon-dev.svg\" class=\"attachment-original size-original\" alt=\"\" \/>\t\t\t\t\t\t\n\t\t\t\t\t<\/div>\n\t\t\t\t\t\t\t\t\n<style>\n#image_797407189 {\n  width: 100%;\n}\n<\/style>\n\t<\/div>\n\t\r\n\r\n<h3>Governance, Risk <span data-text-color=\"primary\">&amp; Compliance<\/span><\/h3>\r\n<a href=\"\/pt\/servicos\/grc\/\" target=\"_self\" class=\"button secondary is-small\"  style=\"border-radius:99px;\">\n    <span>Ver +<\/span>\n  <\/a>\n\r\n\r\n\r\n\t\t<\/div>\n\t\t\t\t\t<\/div>\n\n\t\r\n\n\t<div id=\"col-1207218252\" class=\"col medium-2 small-6 large-2\"  >\n\t\t\t\t<div class=\"col-inner text-center\"  >\n\t\t\t\n\t\t\t\r\n\r\n\t<div class=\"img has-hover x md-x lg-x y md-y lg-y\" id=\"image_1665531061\">\n\t\t\t\t\t\t\t\t<div class=\"img-inner dark\" >\n\t\t\t<img loading=\"lazy\" decoding=\"async\" width=\"207\" height=\"186\" src=\"https:\/\/www.insside.net\/pt\/wp-content\/uploads\/sites\/8\/2023\/02\/Group-233.svg\" class=\"attachment-original size-original\" alt=\"\" \/>\t\t\t\t\t\t\n\t\t\t\t\t<\/div>\n\t\t\t\t\t\t\t\t\n<style>\n#image_1665531061 {\n  width: 100%;\n}\n<\/style>\n\t<\/div>\n\t\r\n\r\n<h3>Dev <br \/><span data-text-color=\"primary\">Security<\/span><\/h3>\r\n<a href=\"\/pt\/servicos\/dev-security\/\" target=\"_self\" class=\"button secondary is-small\"  style=\"border-radius:99px;\">\n    <span>Ver +<\/span>\n  <\/a>\n\r\n\r\n\r\n\t\t<\/div>\n\t\t\t\t\t<\/div>\n\n\t\r\n\n\t<div id=\"col-1931974020\" class=\"col medium-2 small-6 large-2\"  >\n\t\t\t\t<div class=\"col-inner text-center\"  >\n\t\t\t\n\t\t\t\r\n\r\n\t<div class=\"img has-hover x md-x lg-x y md-y lg-y\" id=\"image_1543463438\">\n\t\t\t\t\t\t\t\t<div class=\"img-inner dark\" >\n\t\t\t<img loading=\"lazy\" decoding=\"async\" width=\"196\" height=\"187\" src=\"https:\/\/www.insside.net\/pt\/wp-content\/uploads\/sites\/8\/2023\/02\/Group-234.svg\" class=\"attachment-original size-original\" alt=\"\" \/>\t\t\t\t\t\t\n\t\t\t\t\t<\/div>\n\t\t\t\t\t\t\t\t\n<style>\n#image_1543463438 {\n  width: 100%;\n}\n<\/style>\n\t<\/div>\n\t\r\n\r\n<h3>Identity <span data-text-color=\"primary\">Management<\/span><\/h3>\r\n<a href=\"\/pt\/servicos\/identity-management\/\" target=\"_self\" class=\"button secondary is-small\"  style=\"border-radius:99px;\">\n    <span>Ver +<\/span>\n  <\/a>\n\r\n\r\n\r\n\t\t<\/div>\n\t\t\t\t\t<\/div>\n\n\t\r\n\r\n<\/div>\r\n\r\n\t\t<\/div>\n\n\t\t\n<style>\n#section_437040945 {\n  padding-top: 30px;\n  padding-bottom: 30px;\n}\n#section_437040945 .ux-shape-divider--top svg {\n  height: 150px;\n  --divider-top-width: 100%;\n}\n#section_437040945 .ux-shape-divider--bottom svg {\n  height: 150px;\n  --divider-width: 100%;\n}\n<\/style>\n\t<\/section>\n\t\n\n\n","protected":false},"excerpt":{"rendered":"","protected":false},"author":3,"featured_media":0,"parent":209,"menu_order":0,"comment_status":"closed","ping_status":"closed","template":"page-transparent-header.php","meta":{"content-type":"","inline_featured_image":false,"footnotes":""},"yoast_head":"<!-- This site is optimized with the Yoast SEO plugin v21.2 - https:\/\/yoast.com\/wordpress\/plugins\/seo\/ -->\n<title>Servi\u00e7os De Seguran\u00e7a Cibern\u00e9tica - Blue Team - INSSIDE<\/title>\n<meta name=\"description\" content=\"Servi\u00e7os de seguran\u00e7a cibern\u00e9tica defensivos para prevenir, detetar, analisar e alertar amea\u00e7as com para criar um ecossistema resiliente.\" \/>\n<meta name=\"robots\" content=\"index, follow, max-snippet:-1, max-image-preview:large, max-video-preview:-1\" \/>\n<link rel=\"canonical\" href=\"https:\/\/www.insside.net\/pt\/servicos\/blue-team\/\" \/>\n<meta property=\"og:locale\" content=\"pt_BR\" \/>\n<meta property=\"og:type\" content=\"article\" \/>\n<meta property=\"og:title\" content=\"Servi\u00e7os De Seguran\u00e7a Cibern\u00e9tica - Blue Team - INSSIDE\" \/>\n<meta property=\"og:description\" content=\"Servi\u00e7os de seguran\u00e7a cibern\u00e9tica defensivos para prevenir, detetar, analisar e alertar amea\u00e7as com para criar um ecossistema resiliente.\" \/>\n<meta property=\"og:url\" content=\"https:\/\/www.insside.net\/pt\/servicos\/blue-team\/\" \/>\n<meta property=\"og:site_name\" content=\"Insside PT\" \/>\n<meta property=\"article:modified_time\" content=\"2023-10-26T15:34:02+00:00\" \/>\n<meta property=\"og:image\" content=\"https:\/\/ip23.agenciabuffalo.com\/wp-content\/uploads\/2023\/03\/soc.svg\" \/>\n<meta name=\"twitter:card\" content=\"summary_large_image\" \/>\n<meta name=\"twitter:label1\" content=\"Est. tempo de leitura\" \/>\n\t<meta name=\"twitter:data1\" content=\"4 minutos\" \/>\n<script type=\"application\/ld+json\" class=\"yoast-schema-graph\">{\"@context\":\"https:\/\/schema.org\",\"@graph\":[{\"@type\":\"WebPage\",\"@id\":\"https:\/\/www.insside.net\/pt\/servicos\/blue-team\/\",\"url\":\"https:\/\/www.insside.net\/pt\/servicos\/blue-team\/\",\"name\":\"Servi\u00e7os De Seguran\u00e7a Cibern\u00e9tica - Blue Team - INSSIDE\",\"isPartOf\":{\"@id\":\"https:\/\/www.insside.net\/pt\/#website\"},\"datePublished\":\"2023-03-22T15:41:39+00:00\",\"dateModified\":\"2023-10-26T15:34:02+00:00\",\"description\":\"Servi\u00e7os de seguran\u00e7a cibern\u00e9tica defensivos para prevenir, detetar, analisar e alertar amea\u00e7as com para criar um ecossistema resiliente.\",\"breadcrumb\":{\"@id\":\"https:\/\/www.insside.net\/pt\/servicos\/blue-team\/#breadcrumb\"},\"inLanguage\":\"pt-BR\",\"potentialAction\":[{\"@type\":\"ReadAction\",\"target\":[\"https:\/\/www.insside.net\/pt\/servicos\/blue-team\/\"]}]},{\"@type\":\"BreadcrumbList\",\"@id\":\"https:\/\/www.insside.net\/pt\/servicos\/blue-team\/#breadcrumb\",\"itemListElement\":[{\"@type\":\"ListItem\",\"position\":1,\"name\":\"Inicio\",\"item\":\"https:\/\/www.insside.net\/pt\/\"},{\"@type\":\"ListItem\",\"position\":2,\"name\":\"Servi\u00e7os\",\"item\":\"https:\/\/www.insside.net\/pt\/servicos\/\"},{\"@type\":\"ListItem\",\"position\":3,\"name\":\"Blue Team\"}]},{\"@type\":\"WebSite\",\"@id\":\"https:\/\/www.insside.net\/pt\/#website\",\"url\":\"https:\/\/www.insside.net\/pt\/\",\"name\":\"Insside PT\",\"description\":\"L\u00edderes en Ciberseguridad\",\"publisher\":{\"@id\":\"https:\/\/www.insside.net\/pt\/#organization\"},\"potentialAction\":[{\"@type\":\"SearchAction\",\"target\":{\"@type\":\"EntryPoint\",\"urlTemplate\":\"https:\/\/www.insside.net\/pt\/?s={search_term_string}\"},\"query-input\":\"required name=search_term_string\"}],\"inLanguage\":\"pt-BR\"},{\"@type\":\"Organization\",\"@id\":\"https:\/\/www.insside.net\/pt\/#organization\",\"name\":\"Insside PT\",\"url\":\"https:\/\/www.insside.net\/pt\/\",\"logo\":{\"@type\":\"ImageObject\",\"inLanguage\":\"pt-BR\",\"@id\":\"https:\/\/www.insside.net\/pt\/#\/schema\/logo\/image\/\",\"url\":\"https:\/\/www.insside.net\/pt\/wp-content\/uploads\/sites\/8\/2023\/03\/insside_logo-fav-1.png\",\"contentUrl\":\"https:\/\/www.insside.net\/pt\/wp-content\/uploads\/sites\/8\/2023\/03\/insside_logo-fav-1.png\",\"width\":77,\"height\":77,\"caption\":\"Insside PT\"},\"image\":{\"@id\":\"https:\/\/www.insside.net\/pt\/#\/schema\/logo\/image\/\"}}]}<\/script>\n<!-- \/ Yoast SEO plugin. -->","yoast_head_json":{"title":"Servi\u00e7os De Seguran\u00e7a Cibern\u00e9tica - Blue Team - INSSIDE","description":"Servi\u00e7os de seguran\u00e7a cibern\u00e9tica defensivos para prevenir, detetar, analisar e alertar amea\u00e7as com para criar um ecossistema resiliente.","robots":{"index":"index","follow":"follow","max-snippet":"max-snippet:-1","max-image-preview":"max-image-preview:large","max-video-preview":"max-video-preview:-1"},"canonical":"https:\/\/www.insside.net\/pt\/servicos\/blue-team\/","og_locale":"pt_BR","og_type":"article","og_title":"Servi\u00e7os De Seguran\u00e7a Cibern\u00e9tica - Blue Team - INSSIDE","og_description":"Servi\u00e7os de seguran\u00e7a cibern\u00e9tica defensivos para prevenir, detetar, analisar e alertar amea\u00e7as com para criar um ecossistema resiliente.","og_url":"https:\/\/www.insside.net\/pt\/servicos\/blue-team\/","og_site_name":"Insside PT","article_modified_time":"2023-10-26T15:34:02+00:00","og_image":[{"url":"https:\/\/ip23.agenciabuffalo.com\/wp-content\/uploads\/2023\/03\/soc.svg"}],"twitter_card":"summary_large_image","twitter_misc":{"Est. tempo de leitura":"4 minutos"},"schema":{"@context":"https:\/\/schema.org","@graph":[{"@type":"WebPage","@id":"https:\/\/www.insside.net\/pt\/servicos\/blue-team\/","url":"https:\/\/www.insside.net\/pt\/servicos\/blue-team\/","name":"Servi\u00e7os De Seguran\u00e7a Cibern\u00e9tica - Blue Team - INSSIDE","isPartOf":{"@id":"https:\/\/www.insside.net\/pt\/#website"},"datePublished":"2023-03-22T15:41:39+00:00","dateModified":"2023-10-26T15:34:02+00:00","description":"Servi\u00e7os de seguran\u00e7a cibern\u00e9tica defensivos para prevenir, detetar, analisar e alertar amea\u00e7as com para criar um ecossistema resiliente.","breadcrumb":{"@id":"https:\/\/www.insside.net\/pt\/servicos\/blue-team\/#breadcrumb"},"inLanguage":"pt-BR","potentialAction":[{"@type":"ReadAction","target":["https:\/\/www.insside.net\/pt\/servicos\/blue-team\/"]}]},{"@type":"BreadcrumbList","@id":"https:\/\/www.insside.net\/pt\/servicos\/blue-team\/#breadcrumb","itemListElement":[{"@type":"ListItem","position":1,"name":"Inicio","item":"https:\/\/www.insside.net\/pt\/"},{"@type":"ListItem","position":2,"name":"Servi\u00e7os","item":"https:\/\/www.insside.net\/pt\/servicos\/"},{"@type":"ListItem","position":3,"name":"Blue Team"}]},{"@type":"WebSite","@id":"https:\/\/www.insside.net\/pt\/#website","url":"https:\/\/www.insside.net\/pt\/","name":"Insside PT","description":"L\u00edderes en Ciberseguridad","publisher":{"@id":"https:\/\/www.insside.net\/pt\/#organization"},"potentialAction":[{"@type":"SearchAction","target":{"@type":"EntryPoint","urlTemplate":"https:\/\/www.insside.net\/pt\/?s={search_term_string}"},"query-input":"required name=search_term_string"}],"inLanguage":"pt-BR"},{"@type":"Organization","@id":"https:\/\/www.insside.net\/pt\/#organization","name":"Insside PT","url":"https:\/\/www.insside.net\/pt\/","logo":{"@type":"ImageObject","inLanguage":"pt-BR","@id":"https:\/\/www.insside.net\/pt\/#\/schema\/logo\/image\/","url":"https:\/\/www.insside.net\/pt\/wp-content\/uploads\/sites\/8\/2023\/03\/insside_logo-fav-1.png","contentUrl":"https:\/\/www.insside.net\/pt\/wp-content\/uploads\/sites\/8\/2023\/03\/insside_logo-fav-1.png","width":77,"height":77,"caption":"Insside PT"},"image":{"@id":"https:\/\/www.insside.net\/pt\/#\/schema\/logo\/image\/"}}]}},"_links":{"self":[{"href":"https:\/\/www.insside.net\/pt\/wp-json\/wp\/v2\/pages\/784"}],"collection":[{"href":"https:\/\/www.insside.net\/pt\/wp-json\/wp\/v2\/pages"}],"about":[{"href":"https:\/\/www.insside.net\/pt\/wp-json\/wp\/v2\/types\/page"}],"author":[{"embeddable":true,"href":"https:\/\/www.insside.net\/pt\/wp-json\/wp\/v2\/users\/3"}],"replies":[{"embeddable":true,"href":"https:\/\/www.insside.net\/pt\/wp-json\/wp\/v2\/comments?post=784"}],"version-history":[{"count":19,"href":"https:\/\/www.insside.net\/pt\/wp-json\/wp\/v2\/pages\/784\/revisions"}],"predecessor-version":[{"id":1063,"href":"https:\/\/www.insside.net\/pt\/wp-json\/wp\/v2\/pages\/784\/revisions\/1063"}],"up":[{"embeddable":true,"href":"https:\/\/www.insside.net\/pt\/wp-json\/wp\/v2\/pages\/209"}],"wp:attachment":[{"href":"https:\/\/www.insside.net\/pt\/wp-json\/wp\/v2\/media?parent=784"}],"curies":[{"name":"wp","href":"https:\/\/api.w.org\/{rel}","templated":true}]}}