{"id":181,"date":"2023-02-21T10:25:26","date_gmt":"2023-02-21T13:25:26","guid":{"rendered":"https:\/\/www.insside.net\/\/?page_id=181"},"modified":"2023-10-26T15:38:24","modified_gmt":"2023-10-26T18:38:24","slug":"grc","status":"publish","type":"page","link":"https:\/\/www.insside.net\/pt\/servicos\/grc\/","title":{"rendered":"GRC"},"content":{"rendered":"\n\t<section class=\"section servicios_intro\" id=\"section_897287122\">\n\t\t<div class=\"bg section-bg fill bg-fill  bg-loaded\" >\n\n\t\t\t\n\t\t\t\n\t\t\t\n\n\t\t<\/div>\n\n\t\t\n\n\t\t<div class=\"section-content relative\">\n\t\t\t\n\n<div class=\"row\"  id=\"row-487408334\">\n\n\n\t<div id=\"col-464878958\" class=\"col medium-8 small-12 large-8\"  >\n\t\t\t\t<div class=\"col-inner\"  >\n\t\t\t\n\t\t\t\n\n\t<div id=\"text-2760010680\" class=\"text grc\">\n\t\t\n\n<h1>Governance, Risk <span class=\"alt-font bold\" data-text-color=\"primary\">&amp; Compliance<\/span><\/h1>\n\t\t\n<style>\n#text-2760010680 {\n  font-size: 2rem;\n}\n<\/style>\n\t<\/div>\n\t\n<h3>Servi\u00e7os de auditoria GRC. Definimos estrat\u00e9gias de ciberseguran\u00e7a, consultoria e alinhamento regulat\u00f3rio \u00e0s estruturas de seguran\u00e7a.<\/h3>\n\n\t<div id=\"text-2364490178\" class=\"text\">\n\t\t\n\n<p>Somos certificadores das normas PCI SSC e acompanhamos nossos clientes nos processos de auditoria, consultoria e suporte para gerenciar adequadamente a governan\u00e7a e a conformidade regulamentar. Temos especialistas na an\u00e1lise e identifica\u00e7\u00e3o dos regulamentos e riscos aplic\u00e1veis a cada neg\u00f3cio, na implementa\u00e7\u00e3o de medidas para mitig\u00e1-los, e na supervis\u00e3o e monitoramento da conformidade regulat\u00f3ria.<\/p>\n\t\t\n<style>\n#text-2364490178 {\n  font-size: 1.1rem;\n}\n<\/style>\n\t<\/div>\n\t\n\n\t\t<\/div>\n\t\t\t\t\t<\/div>\n\n\t\n\n<\/div>\n\n\t\t<\/div>\n\n\t\t\n<style>\n#section_897287122 {\n  padding-top: 90px;\n  padding-bottom: 90px;\n}\n#section_897287122 .ux-shape-divider--top svg {\n  height: 150px;\n  --divider-top-width: 100%;\n}\n#section_897287122 .ux-shape-divider--bottom svg {\n  height: 150px;\n  --divider-width: 100%;\n}\n<\/style>\n\t<\/section>\n\t\n\n\t<section class=\"section servicios_desc\" id=\"section_79653156\">\n\t\t<div class=\"bg section-bg fill bg-fill  bg-loaded\" >\n\n\t\t\t\n\t\t\t\n\t\t\t\n\n\t\t<\/div>\n\n\t\t\n\n\t\t<div class=\"section-content relative\">\n\t\t\t\n\n<div class=\"row row-large\"  id=\"row-782831523\">\n\n\n\t<div id=\"col-433769470\" class=\"col medium-4 small-12 large-4\"  >\n\t\t\t\t<div class=\"col-inner\"  >\n\t\t\t\n\t\t\t\n\n\t<div id=\"text-2708336793\" class=\"text icon-item\">\n\t\t\n\n<h3><img loading=\"lazy\" decoding=\"async\" class=\"size-full wp-image-466 alignnone\" src=\"https:\/\/www.insside.net\/\/wp-content\/uploads\/sites\/8\/2023\/03\/Analisis-GAP.svg\" alt=\"\" width=\"70\" height=\"71\"> An\u00e1lises Gap PCI<\/h3>\n\t\t\n<style>\n#text-2708336793 {\n  color: #92e0ff;\n}\n#text-2708336793 > * {\n  color: #92e0ff;\n}\n<\/style>\n\t<\/div>\n\t\n<p>Identificamos a situa\u00e7\u00e3o atual de alinhamento com os diferentes escopos da regulamenta\u00e7\u00e3o PCI (PCI-DSS, PCI-PIN Security, PCI-SSLC) para os componentes e diferentes processos relacionados aos canais envolvidos no uso, processamento e\/ou transmiss\u00e3o de informa\u00e7\u00f5es do portador do cart\u00e3o, PIN e desenvolvimento de aplica\u00e7\u00f5es.<\/p>\n\n\t\t<\/div>\n\t\t\t\t\t<\/div>\n\n\t\n\n\t<div id=\"col-1854293572\" class=\"col medium-4 small-12 large-4\"  >\n\t\t\t\t<div class=\"col-inner\"  >\n\t\t\t\n\t\t\t\n\n\t<div id=\"text-3338339988\" class=\"text icon-item\">\n\t\t\n\n<h3><img loading=\"lazy\" decoding=\"async\" class=\"alignnone size-full wp-image-467\" src=\"https:\/\/www.insside.net\/\/wp-content\/uploads\/sites\/8\/2023\/03\/Certificacion-PCI.svg\" alt=\"\" width=\"70\" height=\"70\"> Certifica\u00e7\u00e3o<br>\nPCI<\/h3>\n\t\t\n<style>\n#text-3338339988 {\n  color: #92e0ff;\n}\n#text-3338339988 > * {\n  color: #92e0ff;\n}\n<\/style>\n\t<\/div>\n\t\n<p>Avaliamos a conformidade com as normas de seguran\u00e7a PCI-DSS e PCI-PIN, e emitimos documenta\u00e7\u00e3o oficial do PCI Security Standards Council certificando a conformidade com a norma.<\/p>\n\n\t\t<\/div>\n\t\t\t\t\t<\/div>\n\n\t\n\n\t<div id=\"col-758631223\" class=\"col medium-4 small-12 large-4\"  >\n\t\t\t\t<div class=\"col-inner\"  >\n\t\t\t\n\t\t\t\n\n\t<div id=\"text-3373681817\" class=\"text icon-item\">\n\t\t\n\n<h3><img loading=\"lazy\" decoding=\"async\" class=\"alignnone size-full wp-image-469\" src=\"https:\/\/www.insside.net\/\/wp-content\/uploads\/sites\/8\/2023\/03\/Cumplimiento-Normativo.svg\" alt=\"\" width=\"64\" height=\"72\">Servi\u00e7os de auditoria GRC<\/h3>\n\t\t\n<style>\n#text-3373681817 {\n  color: #92e0ff;\n}\n#text-3373681817 > * {\n  color: #92e0ff;\n}\n<\/style>\n\t<\/div>\n\t\n<p>Identificamos a situa\u00e7\u00e3o atual. N\u00f3s ajudamos organiza\u00e7\u00f5es para alcan\u00e7ar alinhamento com diferentes marcos regulat\u00f3rios: ISO, PCI, CSF NIST, GDPR, LOPD, BCRA, CMF, marcos regulat\u00f3rios setoriais ou espec\u00edficos da organiza\u00e7\u00e3o. <br>O M\u00f3dulo de Conformidade de nossa plataforma Insside Security Suite centraliza as informa\u00e7\u00f5es e permite maior visibilidade do progresso.<\/p>\n\n\t\t<\/div>\n\t\t\t\t\t<\/div>\n\n\t\n\n\t<div id=\"col-1680723416\" class=\"col medium-4 small-12 large-4\"  >\n\t\t\t\t<div class=\"col-inner\"  >\n\t\t\t\n\t\t\t\n\n\t<div id=\"text-3948052952\" class=\"text icon-item\">\n\t\t\n\n<h3><img loading=\"lazy\" decoding=\"async\" class=\"alignnone size-full wp-image-470\" src=\"https:\/\/ip23.agenciabuffalo.com\/wp-content\/uploads\/2023\/03\/Group-140.png\" alt=\"\" width=\"70\" height=\"71\"> Gerenciamento de risco<\/h3>\n\t\t\n<style>\n#text-3948052952 {\n  color: #92e0ff;\n}\n#text-3948052952 > * {\n  color: #92e0ff;\n}\n<\/style>\n\t<\/div>\n\t\n<p>Implementamos metodologias e executamos servi\u00e7os de an\u00e1lise e gest\u00e3o de risco, DRP, BCP, BIA\/RIA.<br>\nConfiamos em nossa plataforma Insside Security Suite, M\u00f3dulo de Gerenciamento de Riscos.<\/p>\n\n\t\t<\/div>\n\t\t\t\t\t<\/div>\n\n\t\n\n\t<div id=\"col-1802877342\" class=\"col medium-4 small-12 large-4\"  >\n\t\t\t\t<div class=\"col-inner\"  >\n\t\t\t\n\t\t\t\n\n\t<div id=\"text-1892983393\" class=\"text icon-item\">\n\t\t\n\n<h3><img loading=\"lazy\" decoding=\"async\" class=\"alignnone size-full wp-image-468\" src=\"https:\/\/www.insside.net\/\/wp-content\/uploads\/sites\/8\/2023\/03\/Concientizacion.svg\" alt=\"\" width=\"75\" height=\"71\"> Conscientiza\u00e7\u00e3o<\/h3>\n\t\t\n<style>\n#text-1892983393 {\n  color: #92e0ff;\n}\n#text-1892983393 > * {\n  color: #92e0ff;\n}\n<\/style>\n\t<\/div>\n\t\n<p>Definimos e executamos planos e a\u00e7\u00f5es de conscientiza\u00e7\u00e3o para transformar os recursos humanos da organiza\u00e7\u00e3o na primeira linha de defesa contra as amea\u00e7as cibern\u00e9ticas. Trabalhamos de forma abrangente com plataformas automatizadas, webinars e palestras. Executamos campanhas de phishing e de simula\u00e7\u00e3o de ataques de resgate alinhadas com os departamentos de RH e Comunica\u00e7\u00e3o Interna de nossos clientes.<\/p>\n\n\t\t<\/div>\n\t\t\t\t\t<\/div>\n\n\t\n\n\t<div id=\"col-1824376034\" class=\"col medium-4 small-12 large-4\"  >\n\t\t\t\t<div class=\"col-inner\"  >\n\t\t\t\n\t\t\t\n\n\t<div id=\"text-2335034108\" class=\"text icon-item\">\n\t\t\n\n<h3><img loading=\"lazy\" decoding=\"async\" class=\"alignnone size-full wp-image-471\" src=\"https:\/\/www.insside.net\/\/wp-content\/uploads\/sites\/8\/2023\/03\/Insside-Security-Suite.svg\" alt=\"\" width=\"85\" height=\"68\"> INSSIDE Security Suite<\/h3>\n\t\t\n<style>\n#text-2335034108 {\n  color: #92e0ff;\n}\n#text-2335034108 > * {\n  color: #92e0ff;\n}\n<\/style>\n\t<\/div>\n\t\n<p>Nossa plataforma SAAS para Conformidade Regulat\u00f3ria e Gerenciamento de Riscos permite o acompanhamento em tempo real da an\u00e1lise de lacunas e o alinhamento com uma estrutura regulat\u00f3ria.<br>\nrastreamento em tempo real da an\u00e1lise de lacunas e do alinhamento a uma estrutura regulat\u00f3ria.\u2028Ela incorpora a funcionalidade de comparar a conformidade entre duas estruturas regulat\u00f3rias e o n\u00edvel de conformidade com outra estrutura.<br>\nVers\u00f5es espec\u00edficas para executar processos de auto-avalia\u00e7\u00e3o de conformidade PCI para usu\u00e1rios individuais e empresas com m\u00faltiplos clientes\/fornecedores.<\/p>\n\n\t\t<\/div>\n\t\t\t\t\t<\/div>\n\n\t\n\n<\/div>\n\t<div id=\"gap-811353865\" class=\"gap-element clearfix\" style=\"display:block; height:auto;\">\n\t\t\n<style>\n#gap-811353865 {\n  padding-top: 30px;\n}\n<\/style>\n\t<\/div>\n\t\n\n<div class=\"row\"  id=\"row-297068888\">\n\n\n\t<div id=\"col-698388150\" class=\"col small-12 large-12\"  >\n\t\t\t\t<div class=\"col-inner text-center\"  >\n\t\t\t\n\t\t\t\n\n<a href=\"\/pt\/contato\/\" target=\"_self\" class=\"button secondary\"  style=\"border-radius:99px;\">\n    <span>Quero mais informa\u00e7\u00e3o<\/span>\n  <\/a>\n\n\n\n\t\t<\/div>\n\t\t\t\t\t<\/div>\n\n\t\n\n<\/div>\n\n\t\t<\/div>\n\n\t\t\n<style>\n#section_79653156 {\n  padding-top: 30px;\n  padding-bottom: 30px;\n}\n#section_79653156 .ux-shape-divider--top svg {\n  height: 150px;\n  --divider-top-width: 100%;\n}\n#section_79653156 .ux-shape-divider--bottom svg {\n  height: 150px;\n  --divider-width: 100%;\n}\n<\/style>\n\t<\/section>\n\t\n\t<section class=\"section ver_servicios\" id=\"section_690103083\">\n\t\t<div class=\"bg section-bg fill bg-fill  bg-loaded\" >\n\n\t\t\t\n\t\t\t\n\t\t\t\n\n\t\t<\/div>\n\n\t\t\n\n\t\t<div class=\"section-content relative\">\n\t\t\t\r\n\r\n<div class=\"row\"  id=\"row-155152950\">\r\n\r\n\n\t<div id=\"col-1993511458\" class=\"col small-12 large-12\"  >\n\t\t\t\t<div class=\"col-inner\"  >\n\t\t\t\n\t\t\t\r\n\r\n\t<div id=\"text-1429729447\" class=\"text\">\n\t\t\r\n\r\n<h2>Ver outros servi\u00e7os<\/h2>\r\n\r\n\t\t\n<style>\n#text-1429729447 {\n  text-align: center;\n}\n<\/style>\n\t<\/div>\n\t\r\n\r\n\t\t<\/div>\n\t\t\t\t\t<\/div>\n\n\t\r\n\r\n<\/div>\r\n<div class=\"row align-center\" style=\"max-width:1320px\" id=\"row-653907742\">\r\n\r\n\n\t<div id=\"col-1880581967\" class=\"col medium-2 small-6 large-2\"  >\n\t\t\t\t<div class=\"col-inner text-center\"  >\n\t\t\t\n\t\t\t\r\n\r\n\t<div class=\"img has-hover x md-x lg-x y md-y lg-y\" id=\"image_1221391555\">\n\t\t\t\t\t\t\t\t<div class=\"img-inner dark\" >\n\t\t\t<img loading=\"lazy\" decoding=\"async\" width=\"253\" height=\"242\" src=\"https:\/\/www.insside.net\/pt\/wp-content\/uploads\/sites\/8\/2023\/02\/servicios_icon-defensive.svg\" class=\"attachment-original size-original\" alt=\"\" \/>\t\t\t\t\t\t\n\t\t\t\t\t<\/div>\n\t\t\t\t\t\t\t\t\n<style>\n#image_1221391555 {\n  width: 100%;\n}\n<\/style>\n\t<\/div>\n\t\r\n\r\n<h3>Blue<br \/><span data-text-color=\"primary\">Team<\/span><\/h3>\r\n<a href=\"\/pt\/servicos\/blue-team\/\" target=\"_self\" class=\"button secondary is-small\"  style=\"border-radius:99px;\">\n    <span>Ver +<\/span>\n  <\/a>\n\r\n\r\n\r\n\t\t<\/div>\n\t\t\t\t\t<\/div>\n\n\t\r\n\n\t<div id=\"col-865308142\" class=\"col medium-2 small-6 large-2\"  >\n\t\t\t\t<div class=\"col-inner text-center\"  >\n\t\t\t\n\t\t\t\r\n\r\n\t<div class=\"img has-hover x md-x lg-x y md-y lg-y\" id=\"image_1869415375\">\n\t\t\t\t\t\t\t\t<div class=\"img-inner dark\" >\n\t\t\t<img loading=\"lazy\" decoding=\"async\" width=\"259\" height=\"240\" src=\"https:\/\/www.insside.net\/pt\/wp-content\/uploads\/sites\/8\/2023\/02\/servicios_icon-offensive.svg\" class=\"attachment-original size-original\" alt=\"\" \/>\t\t\t\t\t\t\n\t\t\t\t\t<\/div>\n\t\t\t\t\t\t\t\t\n<style>\n#image_1869415375 {\n  width: 100%;\n}\n<\/style>\n\t<\/div>\n\t\r\n\r\n<h3>Red <br \/><span data-text-color=\"primary\">Team<\/span><\/h3>\r\n<a href=\"\/pt\/servicos\/red-team\/\" target=\"_self\" class=\"button secondary is-small\"  style=\"border-radius:99px;\">\n    <span>Ver +<\/span>\n  <\/a>\n\r\n\r\n\r\n\t\t<\/div>\n\t\t\t\t\t<\/div>\n\n\t\r\n\n\t<div id=\"col-35321612\" class=\"col medium-2 small-6 large-2\"  >\n\t\t\t\t<div class=\"col-inner text-center\"  >\n\t\t\t\n\t\t\t\r\n\r\n\t<div class=\"img has-hover x md-x lg-x y md-y lg-y\" id=\"image_1436994105\">\n\t\t\t\t\t\t\t\t<div class=\"img-inner dark\" >\n\t\t\t<img loading=\"lazy\" decoding=\"async\" width=\"258\" height=\"240\" src=\"https:\/\/www.insside.net\/pt\/wp-content\/uploads\/sites\/8\/2023\/02\/servicios_icon-dev.svg\" class=\"attachment-original size-original\" alt=\"\" \/>\t\t\t\t\t\t\n\t\t\t\t\t<\/div>\n\t\t\t\t\t\t\t\t\n<style>\n#image_1436994105 {\n  width: 100%;\n}\n<\/style>\n\t<\/div>\n\t\r\n\r\n<h3>Governance, Risk <span data-text-color=\"primary\">&amp; Compliance<\/span><\/h3>\r\n<a href=\"\/pt\/servicos\/grc\/\" target=\"_self\" class=\"button secondary is-small\"  style=\"border-radius:99px;\">\n    <span>Ver +<\/span>\n  <\/a>\n\r\n\r\n\r\n\t\t<\/div>\n\t\t\t\t\t<\/div>\n\n\t\r\n\n\t<div id=\"col-472971283\" class=\"col medium-2 small-6 large-2\"  >\n\t\t\t\t<div class=\"col-inner text-center\"  >\n\t\t\t\n\t\t\t\r\n\r\n\t<div class=\"img has-hover x md-x lg-x y md-y lg-y\" id=\"image_92871543\">\n\t\t\t\t\t\t\t\t<div class=\"img-inner dark\" >\n\t\t\t<img loading=\"lazy\" decoding=\"async\" width=\"207\" height=\"186\" src=\"https:\/\/www.insside.net\/pt\/wp-content\/uploads\/sites\/8\/2023\/02\/Group-233.svg\" class=\"attachment-original size-original\" alt=\"\" \/>\t\t\t\t\t\t\n\t\t\t\t\t<\/div>\n\t\t\t\t\t\t\t\t\n<style>\n#image_92871543 {\n  width: 100%;\n}\n<\/style>\n\t<\/div>\n\t\r\n\r\n<h3>Dev <br \/><span data-text-color=\"primary\">Security<\/span><\/h3>\r\n<a href=\"\/pt\/servicos\/dev-security\/\" target=\"_self\" class=\"button secondary is-small\"  style=\"border-radius:99px;\">\n    <span>Ver +<\/span>\n  <\/a>\n\r\n\r\n\r\n\t\t<\/div>\n\t\t\t\t\t<\/div>\n\n\t\r\n\n\t<div id=\"col-1240393557\" class=\"col medium-2 small-6 large-2\"  >\n\t\t\t\t<div class=\"col-inner text-center\"  >\n\t\t\t\n\t\t\t\r\n\r\n\t<div class=\"img has-hover x md-x lg-x y md-y lg-y\" id=\"image_2041057267\">\n\t\t\t\t\t\t\t\t<div class=\"img-inner dark\" >\n\t\t\t<img loading=\"lazy\" decoding=\"async\" width=\"196\" height=\"187\" src=\"https:\/\/www.insside.net\/pt\/wp-content\/uploads\/sites\/8\/2023\/02\/Group-234.svg\" class=\"attachment-original size-original\" alt=\"\" \/>\t\t\t\t\t\t\n\t\t\t\t\t<\/div>\n\t\t\t\t\t\t\t\t\n<style>\n#image_2041057267 {\n  width: 100%;\n}\n<\/style>\n\t<\/div>\n\t\r\n\r\n<h3>Identity <span data-text-color=\"primary\">Management<\/span><\/h3>\r\n<a href=\"\/pt\/servicos\/identity-management\/\" target=\"_self\" class=\"button secondary is-small\"  style=\"border-radius:99px;\">\n    <span>Ver +<\/span>\n  <\/a>\n\r\n\r\n\r\n\t\t<\/div>\n\t\t\t\t\t<\/div>\n\n\t\r\n\r\n<\/div>\r\n\r\n\t\t<\/div>\n\n\t\t\n<style>\n#section_690103083 {\n  padding-top: 30px;\n  padding-bottom: 30px;\n}\n#section_690103083 .ux-shape-divider--top svg {\n  height: 150px;\n  --divider-top-width: 100%;\n}\n#section_690103083 .ux-shape-divider--bottom svg {\n  height: 150px;\n  --divider-width: 100%;\n}\n<\/style>\n\t<\/section>\n\t\n","protected":false},"excerpt":{"rendered":"","protected":false},"author":3,"featured_media":0,"parent":209,"menu_order":0,"comment_status":"closed","ping_status":"closed","template":"page-transparent-header.php","meta":{"content-type":"","inline_featured_image":false,"footnotes":""},"yoast_head":"<!-- This site is optimized with the Yoast SEO plugin v21.2 - https:\/\/yoast.com\/wordpress\/plugins\/seo\/ -->\n<title>Servi\u00e7os De Auditoria GRC - Compliance - INSSIDE<\/title>\n<meta name=\"description\" content=\"Fornecemos servi\u00e7os de auditoria GRC e definimos estrat\u00e9gias de alinhamento \u00e0s estruturas de seguran\u00e7a. Somos especialistas em PCI SSC.\" \/>\n<meta name=\"robots\" content=\"index, follow, max-snippet:-1, max-image-preview:large, max-video-preview:-1\" \/>\n<link rel=\"canonical\" href=\"https:\/\/www.insside.net\/pt\/servicos\/grc\/\" \/>\n<meta property=\"og:locale\" content=\"pt_BR\" \/>\n<meta property=\"og:type\" content=\"article\" \/>\n<meta property=\"og:title\" content=\"Servi\u00e7os De Auditoria GRC - Compliance - INSSIDE\" \/>\n<meta property=\"og:description\" content=\"Fornecemos servi\u00e7os de auditoria GRC e definimos estrat\u00e9gias de alinhamento \u00e0s estruturas de seguran\u00e7a. Somos especialistas em PCI SSC.\" \/>\n<meta property=\"og:url\" content=\"https:\/\/www.insside.net\/pt\/servicos\/grc\/\" \/>\n<meta property=\"og:site_name\" content=\"Insside PT\" \/>\n<meta property=\"article:modified_time\" content=\"2023-10-26T18:38:24+00:00\" \/>\n<meta property=\"og:image\" content=\"https:\/\/www.insside.net\/\/wp-content\/uploads\/sites\/8\/2023\/03\/Analisis-GAP.svg\" \/>\n<meta name=\"twitter:card\" content=\"summary_large_image\" \/>\n<meta name=\"twitter:label1\" content=\"Est. tempo de leitura\" \/>\n\t<meta name=\"twitter:data1\" content=\"4 minutos\" \/>\n<script type=\"application\/ld+json\" class=\"yoast-schema-graph\">{\"@context\":\"https:\/\/schema.org\",\"@graph\":[{\"@type\":\"WebPage\",\"@id\":\"https:\/\/www.insside.net\/pt\/servicos\/grc\/\",\"url\":\"https:\/\/www.insside.net\/pt\/servicos\/grc\/\",\"name\":\"Servi\u00e7os De Auditoria GRC - Compliance - INSSIDE\",\"isPartOf\":{\"@id\":\"https:\/\/www.insside.net\/pt\/#website\"},\"datePublished\":\"2023-02-21T13:25:26+00:00\",\"dateModified\":\"2023-10-26T18:38:24+00:00\",\"description\":\"Fornecemos servi\u00e7os de auditoria GRC e definimos estrat\u00e9gias de alinhamento \u00e0s estruturas de seguran\u00e7a. Somos especialistas em PCI SSC.\",\"breadcrumb\":{\"@id\":\"https:\/\/www.insside.net\/pt\/servicos\/grc\/#breadcrumb\"},\"inLanguage\":\"pt-BR\",\"potentialAction\":[{\"@type\":\"ReadAction\",\"target\":[\"https:\/\/www.insside.net\/pt\/servicos\/grc\/\"]}]},{\"@type\":\"BreadcrumbList\",\"@id\":\"https:\/\/www.insside.net\/pt\/servicos\/grc\/#breadcrumb\",\"itemListElement\":[{\"@type\":\"ListItem\",\"position\":1,\"name\":\"Inicio\",\"item\":\"https:\/\/www.insside.net\/pt\/\"},{\"@type\":\"ListItem\",\"position\":2,\"name\":\"Servi\u00e7os\",\"item\":\"https:\/\/www.insside.net\/pt\/servicos\/\"},{\"@type\":\"ListItem\",\"position\":3,\"name\":\"GRC\"}]},{\"@type\":\"WebSite\",\"@id\":\"https:\/\/www.insside.net\/pt\/#website\",\"url\":\"https:\/\/www.insside.net\/pt\/\",\"name\":\"Insside PT\",\"description\":\"L\u00edderes en Ciberseguridad\",\"publisher\":{\"@id\":\"https:\/\/www.insside.net\/pt\/#organization\"},\"potentialAction\":[{\"@type\":\"SearchAction\",\"target\":{\"@type\":\"EntryPoint\",\"urlTemplate\":\"https:\/\/www.insside.net\/pt\/?s={search_term_string}\"},\"query-input\":\"required name=search_term_string\"}],\"inLanguage\":\"pt-BR\"},{\"@type\":\"Organization\",\"@id\":\"https:\/\/www.insside.net\/pt\/#organization\",\"name\":\"Insside PT\",\"url\":\"https:\/\/www.insside.net\/pt\/\",\"logo\":{\"@type\":\"ImageObject\",\"inLanguage\":\"pt-BR\",\"@id\":\"https:\/\/www.insside.net\/pt\/#\/schema\/logo\/image\/\",\"url\":\"https:\/\/www.insside.net\/pt\/wp-content\/uploads\/sites\/8\/2023\/03\/insside_logo-fav-1.png\",\"contentUrl\":\"https:\/\/www.insside.net\/pt\/wp-content\/uploads\/sites\/8\/2023\/03\/insside_logo-fav-1.png\",\"width\":77,\"height\":77,\"caption\":\"Insside PT\"},\"image\":{\"@id\":\"https:\/\/www.insside.net\/pt\/#\/schema\/logo\/image\/\"}}]}<\/script>\n<!-- \/ Yoast SEO plugin. -->","yoast_head_json":{"title":"Servi\u00e7os De Auditoria GRC - Compliance - INSSIDE","description":"Fornecemos servi\u00e7os de auditoria GRC e definimos estrat\u00e9gias de alinhamento \u00e0s estruturas de seguran\u00e7a. Somos especialistas em PCI SSC.","robots":{"index":"index","follow":"follow","max-snippet":"max-snippet:-1","max-image-preview":"max-image-preview:large","max-video-preview":"max-video-preview:-1"},"canonical":"https:\/\/www.insside.net\/pt\/servicos\/grc\/","og_locale":"pt_BR","og_type":"article","og_title":"Servi\u00e7os De Auditoria GRC - Compliance - INSSIDE","og_description":"Fornecemos servi\u00e7os de auditoria GRC e definimos estrat\u00e9gias de alinhamento \u00e0s estruturas de seguran\u00e7a. Somos especialistas em PCI SSC.","og_url":"https:\/\/www.insside.net\/pt\/servicos\/grc\/","og_site_name":"Insside PT","article_modified_time":"2023-10-26T18:38:24+00:00","og_image":[{"url":"https:\/\/www.insside.net\/\/wp-content\/uploads\/sites\/8\/2023\/03\/Analisis-GAP.svg"}],"twitter_card":"summary_large_image","twitter_misc":{"Est. tempo de leitura":"4 minutos"},"schema":{"@context":"https:\/\/schema.org","@graph":[{"@type":"WebPage","@id":"https:\/\/www.insside.net\/pt\/servicos\/grc\/","url":"https:\/\/www.insside.net\/pt\/servicos\/grc\/","name":"Servi\u00e7os De Auditoria GRC - Compliance - INSSIDE","isPartOf":{"@id":"https:\/\/www.insside.net\/pt\/#website"},"datePublished":"2023-02-21T13:25:26+00:00","dateModified":"2023-10-26T18:38:24+00:00","description":"Fornecemos servi\u00e7os de auditoria GRC e definimos estrat\u00e9gias de alinhamento \u00e0s estruturas de seguran\u00e7a. Somos especialistas em PCI SSC.","breadcrumb":{"@id":"https:\/\/www.insside.net\/pt\/servicos\/grc\/#breadcrumb"},"inLanguage":"pt-BR","potentialAction":[{"@type":"ReadAction","target":["https:\/\/www.insside.net\/pt\/servicos\/grc\/"]}]},{"@type":"BreadcrumbList","@id":"https:\/\/www.insside.net\/pt\/servicos\/grc\/#breadcrumb","itemListElement":[{"@type":"ListItem","position":1,"name":"Inicio","item":"https:\/\/www.insside.net\/pt\/"},{"@type":"ListItem","position":2,"name":"Servi\u00e7os","item":"https:\/\/www.insside.net\/pt\/servicos\/"},{"@type":"ListItem","position":3,"name":"GRC"}]},{"@type":"WebSite","@id":"https:\/\/www.insside.net\/pt\/#website","url":"https:\/\/www.insside.net\/pt\/","name":"Insside PT","description":"L\u00edderes en Ciberseguridad","publisher":{"@id":"https:\/\/www.insside.net\/pt\/#organization"},"potentialAction":[{"@type":"SearchAction","target":{"@type":"EntryPoint","urlTemplate":"https:\/\/www.insside.net\/pt\/?s={search_term_string}"},"query-input":"required name=search_term_string"}],"inLanguage":"pt-BR"},{"@type":"Organization","@id":"https:\/\/www.insside.net\/pt\/#organization","name":"Insside PT","url":"https:\/\/www.insside.net\/pt\/","logo":{"@type":"ImageObject","inLanguage":"pt-BR","@id":"https:\/\/www.insside.net\/pt\/#\/schema\/logo\/image\/","url":"https:\/\/www.insside.net\/pt\/wp-content\/uploads\/sites\/8\/2023\/03\/insside_logo-fav-1.png","contentUrl":"https:\/\/www.insside.net\/pt\/wp-content\/uploads\/sites\/8\/2023\/03\/insside_logo-fav-1.png","width":77,"height":77,"caption":"Insside PT"},"image":{"@id":"https:\/\/www.insside.net\/pt\/#\/schema\/logo\/image\/"}}]}},"_links":{"self":[{"href":"https:\/\/www.insside.net\/pt\/wp-json\/wp\/v2\/pages\/181"}],"collection":[{"href":"https:\/\/www.insside.net\/pt\/wp-json\/wp\/v2\/pages"}],"about":[{"href":"https:\/\/www.insside.net\/pt\/wp-json\/wp\/v2\/types\/page"}],"author":[{"embeddable":true,"href":"https:\/\/www.insside.net\/pt\/wp-json\/wp\/v2\/users\/3"}],"replies":[{"embeddable":true,"href":"https:\/\/www.insside.net\/pt\/wp-json\/wp\/v2\/comments?post=181"}],"version-history":[{"count":26,"href":"https:\/\/www.insside.net\/pt\/wp-json\/wp\/v2\/pages\/181\/revisions"}],"predecessor-version":[{"id":1070,"href":"https:\/\/www.insside.net\/pt\/wp-json\/wp\/v2\/pages\/181\/revisions\/1070"}],"up":[{"embeddable":true,"href":"https:\/\/www.insside.net\/pt\/wp-json\/wp\/v2\/pages\/209"}],"wp:attachment":[{"href":"https:\/\/www.insside.net\/pt\/wp-json\/wp\/v2\/media?parent=181"}],"curies":[{"name":"wp","href":"https:\/\/api.w.org\/{rel}","templated":true}]}}