{"id":573,"date":"2023-03-10T09:23:33","date_gmt":"2023-03-10T12:23:33","guid":{"rendered":"https:\/\/www.insside.net\/esp\/?page_id=573"},"modified":"2023-10-26T15:52:59","modified_gmt":"2023-10-26T18:52:59","slug":"dev-security","status":"publish","type":"page","link":"https:\/\/www.insside.net\/esp\/servicios\/dev-security\/","title":{"rendered":"DEV Security"},"content":{"rendered":"\n\t<section class=\"section servicios_intro\" id=\"section_372522521\">\n\t\t<div class=\"bg section-bg fill bg-fill  bg-loaded\" >\n\n\t\t\t\n\t\t\t\n\t\t\t\n\n\t\t<\/div>\n\n\t\t\n\n\t\t<div class=\"section-content relative\">\n\t\t\t\n\n<div class=\"row\"  id=\"row-277860729\">\n\n\n\t<div id=\"col-970929097\" class=\"col medium-4 small-12 large-4\"  >\n\t\t\t\t<div class=\"col-inner text-center\"  >\n\t\t\t\n\t\t\t\n\n\t<div class=\"img has-hover x md-x lg-x y md-y lg-y\" id=\"image_1718583013\">\n\t\t\t\t\t\t\t\t<div class=\"img-inner dark\" style=\"margin:-100px 0px 0px 0px;\">\n\t\t\t<img loading=\"lazy\" decoding=\"async\" width=\"207\" height=\"186\" src=\"https:\/\/www.insside.net\/esp\/wp-content\/uploads\/sites\/17\/2023\/02\/Group-233.svg\" class=\"attachment-original size-original\" alt=\"Group 233\" \/>\t\t\t\t\t\t\n\t\t\t\t\t<\/div>\n\t\t\t\t\t\t\t\t\n<style>\n#image_1718583013 {\n  width: 80%;\n}\n<\/style>\n\t<\/div>\n\t\n\n\n\t\t<\/div>\n\t\t\t\t\t<\/div>\n\n\t\n\n\t<div id=\"col-488129086\" class=\"col medium-8 small-12 large-8\"  >\n\t\t\t\t<div class=\"col-inner\"  >\n\t\t\t\n\t\t\t\n\n\t<div id=\"text-1507456457\" class=\"text\">\n\t\t\n\n<h1>DEV <span class=\"alt-font bold\" data-text-color=\"primary\">Security<\/span><\/h1>\n\t\t\n<style>\n#text-1507456457 {\n  font-size: 2rem;\n}\n<\/style>\n\t<\/div>\n\t\n<h3>Hacemos evaluaciones e implementaciones siguiendo las mejores pr\u00e1cticas a lo largo del ciclo de vida del software.<\/h3>\n\t<div id=\"text-4029975365\" class=\"text\">\n\t\t\n\n<p>Capacitamos a nuestros clientes en la metodolog\u00eda de Desarrollo Seguro de Software. Ejecutamos servicios y proyectos a demanda, como as\u00ed tambi\u00e9n nos integramos a los procesos de desarrollo de nuestros clientes.<\/p>\n\t\t\n<style>\n#text-4029975365 {\n  font-size: 1.1rem;\n}\n<\/style>\n\t<\/div>\n\t\n\n\t\t<\/div>\n\t\t\t\t\t<\/div>\n\n\t\n\n<\/div>\n\n\t\t<\/div>\n\n\t\t\n<style>\n#section_372522521 {\n  padding-top: 90px;\n  padding-bottom: 90px;\n}\n#section_372522521 .ux-shape-divider--top svg {\n  height: 150px;\n  --divider-top-width: 100%;\n}\n#section_372522521 .ux-shape-divider--bottom svg {\n  height: 150px;\n  --divider-width: 100%;\n}\n<\/style>\n\t<\/section>\n\t\n\n\t<section class=\"section servicios_desc\" id=\"section_276563594\">\n\t\t<div class=\"bg section-bg fill bg-fill  bg-loaded\" >\n\n\t\t\t\n\t\t\t\n\t\t\t\n\n\t\t<\/div>\n\n\t\t\n\n\t\t<div class=\"section-content relative\">\n\t\t\t\n\n<div class=\"row row-large\"  id=\"row-1101431998\">\n\n\n\t<div id=\"col-67227373\" class=\"col medium-4 small-12 large-4\"  >\n\t\t\t\t<div class=\"col-inner\"  >\n\t\t\t\n\t\t\t\n\n\t<div id=\"text-1995135381\" class=\"text icon-item\">\n\t\t\n\n<h3><img loading=\"lazy\" decoding=\"async\" class=\"alignnone size-full wp-image-583\" src=\"https:\/\/www.insside.net\/esp\/wp-content\/uploads\/sites\/17\/2023\/03\/desarrollo-seguro.svg\" alt=\"\" width=\"72\" height=\"72\"> Capacitaci\u00f3n Desarrollo Seguro<\/h3>\n\t\t\n<style>\n#text-1995135381 {\n  color: #92e0ff;\n}\n#text-1995135381 > * {\n  color: #92e0ff;\n}\n<\/style>\n\t<\/div>\n\t\n<p>Formamos a profesionales y equipos de desarrollo en las mejores pr\u00e1cticas para el desarrollo seguro de software y c\u00f3digo desde la fase de dise\u00f1o, levantamiento de requerimientos y codificaci\u00f3n.<\/p>\n\n\n\t\t<\/div>\n\t\t\t\t\t<\/div>\n\n\t\n\n\t<div id=\"col-399129247\" class=\"col medium-4 small-12 large-4\"  >\n\t\t\t\t<div class=\"col-inner\"  >\n\t\t\t\n\t\t\t\n\n\t<div id=\"text-3188872669\" class=\"text icon-item\">\n\t\t\n\n<h3><img loading=\"lazy\" decoding=\"async\" class=\"alignnone size-full wp-image-582\" src=\"https:\/\/www.insside.net\/esp\/wp-content\/uploads\/sites\/17\/2023\/03\/codigo-fuente.svg\" alt=\"\" width=\"78\" height=\"78\"> Revisi\u00f3n de c\u00f3digo fuente<\/h3>\n\t\t\n<style>\n#text-3188872669 {\n  color: #92e0ff;\n}\n#text-3188872669 > * {\n  color: #92e0ff;\n}\n<\/style>\n\t<\/div>\n\t\n<p>Hacemos revisiones de c\u00f3digo fuente para asegurar que no incluya vulnerabilidades de seguridad desde su fase de dise\u00f1o y\/o desarrollo. Hacemos revisiones est\u00e1ticas y din\u00e1micas en sus diversas modalidades.<\/p>\n\n\t\t<\/div>\n\t\t\t\t\t<\/div>\n\n\t\n\n\t<div id=\"col-614730895\" class=\"col medium-4 small-12 large-4\"  >\n\t\t\t\t<div class=\"col-inner\"  >\n\t\t\t\n\t\t\t\n\n\t<div id=\"text-2229787387\" class=\"text icon-item\">\n\t\t\n\n<h3><img loading=\"lazy\" decoding=\"async\" class=\"alignnone size-full wp-image-584\" src=\"https:\/\/www.insside.net\/esp\/wp-content\/uploads\/sites\/17\/2023\/03\/revision-codigo.svg\" alt=\"\" width=\"74\" height=\"74\"> Gesti\u00f3n de plataformas de revisi\u00f3n de c\u00f3digo<\/h3>\n\t\t\n<style>\n#text-2229787387 {\n  color: #92e0ff;\n}\n#text-2229787387 > * {\n  color: #92e0ff;\n}\n<\/style>\n\t<\/div>\n\t\n<p>Brindamos servicios gestionados de herramientas de revisi\u00f3n de c\u00f3digo.  Nos integramos a los procesos y equipos de nuestros clientes.<\/p>\n\n\t\t<\/div>\n\t\t\t\t\t<\/div>\n\n\t\n\n<\/div>\n\t<div id=\"gap-1479318846\" class=\"gap-element clearfix\" style=\"display:block; height:auto;\">\n\t\t\n<style>\n#gap-1479318846 {\n  padding-top: 30px;\n}\n<\/style>\n\t<\/div>\n\t\n\n<div class=\"row\"  id=\"row-1637077808\">\n\n\n\t<div id=\"col-506529522\" class=\"col small-12 large-12\"  >\n\t\t\t\t<div class=\"col-inner text-center\"  >\n\t\t\t\n\t\t\t\n\n<a href=\"https:\/\/www.insside.net\/esp\/contacto\/\" target=\"_self\" class=\"button secondary\"  style=\"border-radius:99px;\">\n    <span>Quiero m\u00e1s informaci\u00f3n<\/span>\n  <\/a>\n\n\n\n\t\t<\/div>\n\t\t\t\t\t<\/div>\n\n\t\n\n<\/div>\n\n\t\t<\/div>\n\n\t\t\n<style>\n#section_276563594 {\n  padding-top: 30px;\n  padding-bottom: 30px;\n}\n#section_276563594 .ux-shape-divider--top svg {\n  height: 150px;\n  --divider-top-width: 100%;\n}\n#section_276563594 .ux-shape-divider--bottom svg {\n  height: 150px;\n  --divider-width: 100%;\n}\n<\/style>\n\t<\/section>\n\t\n\t<section class=\"section ver_servicios\" id=\"section_1630113685\">\n\t\t<div class=\"bg section-bg fill bg-fill  bg-loaded\" >\n\n\t\t\t\n\t\t\t\n\t\t\t\n\n\t\t<\/div>\n\n\t\t\n\n\t\t<div class=\"section-content relative\">\n\t\t\t\n\n<div class=\"row\"  id=\"row-1515758370\">\n\n\n\t<div id=\"col-1535766751\" class=\"col small-12 large-12\"  >\n\t\t\t\t<div class=\"col-inner\"  >\n\t\t\t\n\t\t\t\n\n\t<div id=\"text-37261109\" class=\"text\">\n\t\t\n\n<h2>Ver otros servicios<\/h2>\n\t\t\n<style>\n#text-37261109 {\n  text-align: center;\n}\n<\/style>\n\t<\/div>\n\t\n\n\t\t<\/div>\n\t\t\t\t\t<\/div>\n\n\t\n\n<\/div>\n<div class=\"row align-center\" style=\"max-width:1320px\" id=\"row-2138764666\">\n\n\n\t<div id=\"col-1940400285\" class=\"col medium-2 small-6 large-2\"  >\n\t\t\t\t<div class=\"col-inner text-center\"  >\n\t\t\t\n\t\t\t\n\n\t<div class=\"img has-hover x md-x lg-x y md-y lg-y\" id=\"image_347875002\">\n\t\t\t\t\t\t\t\t<div class=\"img-inner dark\" >\n\t\t\t<img loading=\"lazy\" decoding=\"async\" width=\"253\" height=\"242\" src=\"https:\/\/www.insside.net\/esp\/wp-content\/uploads\/sites\/17\/2023\/02\/servicios_icon-defensive.svg\" class=\"attachment-original size-original\" alt=\"servicios icon defensive\" \/>\t\t\t\t\t\t\n\t\t\t\t\t<\/div>\n\t\t\t\t\t\t\t\t\n<style>\n#image_347875002 {\n  width: 100%;\n}\n<\/style>\n\t<\/div>\n\t\n\n<h3>Blue<br \/><span data-text-color=\"primary\">Team<\/span><\/h3>\n<a href=\"https:\/\/www.insside.net\/esp\/servicios\/blue-team\/\" target=\"_self\" class=\"button secondary is-small\"  style=\"border-radius:99px;\">\n    <span>Ver +<\/span>\n  <\/a>\n\n\n\n\t\t<\/div>\n\t\t\t\t\t<\/div>\n\n\t\n\n\t<div id=\"col-541639891\" class=\"col medium-2 small-6 large-2\"  >\n\t\t\t\t<div class=\"col-inner text-center\"  >\n\t\t\t\n\t\t\t\n\n\t<div class=\"img has-hover x md-x lg-x y md-y lg-y\" id=\"image_1033947740\">\n\t\t\t\t\t\t\t\t<div class=\"img-inner dark\" >\n\t\t\t<img loading=\"lazy\" decoding=\"async\" width=\"259\" height=\"240\" src=\"https:\/\/www.insside.net\/esp\/wp-content\/uploads\/sites\/17\/2023\/02\/servicios_icon-offensive.svg\" class=\"attachment-original size-original\" alt=\"servicios icon offensive\" \/>\t\t\t\t\t\t\n\t\t\t\t\t<\/div>\n\t\t\t\t\t\t\t\t\n<style>\n#image_1033947740 {\n  width: 100%;\n}\n<\/style>\n\t<\/div>\n\t\n\n<h3>Red <br \/><span data-text-color=\"primary\">Team<\/span><\/h3>\n<a href=\"https:\/\/www.insside.net\/esp\/servicios\/red-team\/\" target=\"_self\" class=\"button secondary is-small\"  style=\"border-radius:99px;\">\n    <span>Ver +<\/span>\n  <\/a>\n\n\n\n\t\t<\/div>\n\t\t\t\t\t<\/div>\n\n\t\n\n\t<div id=\"col-1886498878\" class=\"col medium-2 small-6 large-2\"  >\n\t\t\t\t<div class=\"col-inner text-center\"  >\n\t\t\t\n\t\t\t\n\n\t<div class=\"img has-hover x md-x lg-x y md-y lg-y\" id=\"image_1997962215\">\n\t\t\t\t\t\t\t\t<div class=\"img-inner dark\" >\n\t\t\t<img loading=\"lazy\" decoding=\"async\" width=\"258\" height=\"240\" src=\"https:\/\/www.insside.net\/esp\/wp-content\/uploads\/sites\/17\/2023\/02\/servicios_icon-dev.svg\" class=\"attachment-original size-original\" alt=\"servicios icon dev\" \/>\t\t\t\t\t\t\n\t\t\t\t\t<\/div>\n\t\t\t\t\t\t\t\t\n<style>\n#image_1997962215 {\n  width: 100%;\n}\n<\/style>\n\t<\/div>\n\t\n\n<h3>Governance, Risk <span data-text-color=\"primary\">&amp; Compliance<\/span><\/h3>\n<a href=\"https:\/\/www.insside.net\/esp\/servicios\/grc\/\" target=\"_self\" class=\"button secondary is-small\"  style=\"border-radius:99px;\">\n    <span>Ver +<\/span>\n  <\/a>\n\n\n\n\t\t<\/div>\n\t\t\t\t\t<\/div>\n\n\t\n\n\t<div id=\"col-1959861851\" class=\"col medium-2 small-6 large-2\"  >\n\t\t\t\t<div class=\"col-inner text-center\"  >\n\t\t\t\n\t\t\t\n\n\t<div class=\"img has-hover x md-x lg-x y md-y lg-y\" id=\"image_1317432653\">\n\t\t\t\t\t\t\t\t<div class=\"img-inner dark\" >\n\t\t\t<img loading=\"lazy\" decoding=\"async\" width=\"207\" height=\"186\" src=\"https:\/\/www.insside.net\/esp\/wp-content\/uploads\/sites\/17\/2023\/02\/Group-233.svg\" class=\"attachment-original size-original\" alt=\"Group 233\" \/>\t\t\t\t\t\t\n\t\t\t\t\t<\/div>\n\t\t\t\t\t\t\t\t\n<style>\n#image_1317432653 {\n  width: 100%;\n}\n<\/style>\n\t<\/div>\n\t\n\n<h3>Dev <br \/><span data-text-color=\"primary\">Security<\/span><\/h3>\n<a href=\"https:\/\/www.insside.net\/esp\/servicios\/dev-security\/\" target=\"_self\" class=\"button secondary is-small\"  style=\"border-radius:99px;\">\n    <span>Ver +<\/span>\n  <\/a>\n\n\n\n\t\t<\/div>\n\t\t\t\t\t<\/div>\n\n\t\n\n\t<div id=\"col-2100107487\" class=\"col medium-2 small-6 large-2\"  >\n\t\t\t\t<div class=\"col-inner text-center\"  >\n\t\t\t\n\t\t\t\n\n\t<div class=\"img has-hover x md-x lg-x y md-y lg-y\" id=\"image_2030857988\">\n\t\t\t\t\t\t\t\t<div class=\"img-inner dark\" >\n\t\t\t<img loading=\"lazy\" decoding=\"async\" width=\"196\" height=\"187\" src=\"https:\/\/www.insside.net\/esp\/wp-content\/uploads\/sites\/17\/2023\/02\/Group-234.svg\" class=\"attachment-original size-original\" alt=\"Group 234\" \/>\t\t\t\t\t\t\n\t\t\t\t\t<\/div>\n\t\t\t\t\t\t\t\t\n<style>\n#image_2030857988 {\n  width: 100%;\n}\n<\/style>\n\t<\/div>\n\t\n\n<h3>Identity <span data-text-color=\"primary\">Management<\/span><\/h3>\n<a href=\"https:\/\/www.insside.net\/esp\/servicios\/identity-management\/\" target=\"_self\" class=\"button secondary is-small\"  style=\"border-radius:99px;\">\n    <span>Ver +<\/span>\n  <\/a>\n\n\n\n\t\t<\/div>\n\t\t\t\t\t<\/div>\n\n\t\n\n<\/div>\n\n\t\t<\/div>\n\n\t\t\n<style>\n#section_1630113685 {\n  padding-top: 30px;\n  padding-bottom: 30px;\n}\n#section_1630113685 .ux-shape-divider--top svg {\n  height: 150px;\n  --divider-top-width: 100%;\n}\n#section_1630113685 .ux-shape-divider--bottom svg {\n  height: 150px;\n  --divider-width: 100%;\n}\n<\/style>\n\t<\/section>\n\t\n","protected":false},"excerpt":{"rendered":"","protected":false},"author":3,"featured_media":0,"parent":209,"menu_order":0,"comment_status":"closed","ping_status":"closed","template":"page-transparent-header.php","meta":{"content-type":"","inline_featured_image":false,"footnotes":""},"yoast_head":"<!-- This site is optimized with the Yoast SEO plugin v21.2 - https:\/\/yoast.com\/wordpress\/plugins\/seo\/ -->\n<title>DEV Security | Desarrollo Seguro de Software | Insside ESP<\/title>\n<meta name=\"description\" content=\"Somos Desarrollo Seguro de Software. Hacemos evaluaciones e implementaciones siguiendo las mejores pr\u00e1cticas a lo largo del ciclo de vida del software.\" \/>\n<meta name=\"robots\" content=\"index, follow, max-snippet:-1, max-image-preview:large, max-video-preview:-1\" \/>\n<link rel=\"canonical\" href=\"https:\/\/www.insside.net\/esp\/servicios\/dev-security\/\" \/>\n<meta property=\"og:locale\" content=\"es_ES\" \/>\n<meta property=\"og:type\" content=\"article\" \/>\n<meta property=\"og:title\" content=\"DEV Security | Desarrollo Seguro de Software | Insside ESP\" \/>\n<meta property=\"og:description\" content=\"Somos Desarrollo Seguro de Software. Hacemos evaluaciones e implementaciones siguiendo las mejores pr\u00e1cticas a lo largo del ciclo de vida del software.\" \/>\n<meta property=\"og:url\" content=\"https:\/\/www.insside.net\/esp\/servicios\/dev-security\/\" \/>\n<meta property=\"og:site_name\" content=\"Insside ESP\" \/>\n<meta property=\"article:modified_time\" content=\"2023-10-26T18:52:59+00:00\" \/>\n<meta property=\"og:image\" content=\"https:\/\/www.insside.net\/esp\/wp-content\/uploads\/sites\/17\/2023\/03\/desarrollo-seguro.svg\" \/>\n<meta name=\"twitter:card\" content=\"summary_large_image\" \/>\n<meta name=\"twitter:site\" content=\"@inssidesecurity\" \/>\n<meta name=\"twitter:label1\" content=\"Tiempo de lectura\" \/>\n\t<meta name=\"twitter:data1\" content=\"2 minutos\" \/>\n<script type=\"application\/ld+json\" class=\"yoast-schema-graph\">{\"@context\":\"https:\/\/schema.org\",\"@graph\":[{\"@type\":\"WebPage\",\"@id\":\"https:\/\/www.insside.net\/esp\/servicios\/dev-security\/\",\"url\":\"https:\/\/www.insside.net\/esp\/servicios\/dev-security\/\",\"name\":\"DEV Security | Desarrollo Seguro de Software | Insside ESP\",\"isPartOf\":{\"@id\":\"https:\/\/www.insside.net\/esp\/#website\"},\"datePublished\":\"2023-03-10T12:23:33+00:00\",\"dateModified\":\"2023-10-26T18:52:59+00:00\",\"description\":\"Somos Desarrollo Seguro de Software. Hacemos evaluaciones e implementaciones siguiendo las mejores pr\u00e1cticas a lo largo del ciclo de vida del software.\",\"breadcrumb\":{\"@id\":\"https:\/\/www.insside.net\/esp\/servicios\/dev-security\/#breadcrumb\"},\"inLanguage\":\"es-AR\",\"potentialAction\":[{\"@type\":\"ReadAction\",\"target\":[\"https:\/\/www.insside.net\/esp\/servicios\/dev-security\/\"]}]},{\"@type\":\"BreadcrumbList\",\"@id\":\"https:\/\/www.insside.net\/esp\/servicios\/dev-security\/#breadcrumb\",\"itemListElement\":[{\"@type\":\"ListItem\",\"position\":1,\"name\":\"Inicio\",\"item\":\"https:\/\/www.insside.net\/esp\/\"},{\"@type\":\"ListItem\",\"position\":2,\"name\":\"Servicios\",\"item\":\"https:\/\/www.insside.net\/esp\/?page_id=209\"},{\"@type\":\"ListItem\",\"position\":3,\"name\":\"DEV Security\"}]},{\"@type\":\"WebSite\",\"@id\":\"https:\/\/www.insside.net\/esp\/#website\",\"url\":\"https:\/\/www.insside.net\/esp\/\",\"name\":\"INSSIDE\",\"description\":\"Servicios de Ciberseguridad 360\u00ba\",\"publisher\":{\"@id\":\"https:\/\/www.insside.net\/esp\/#organization\"},\"alternateName\":\"INSSIDE Ciberseguridad\",\"potentialAction\":[{\"@type\":\"SearchAction\",\"target\":{\"@type\":\"EntryPoint\",\"urlTemplate\":\"https:\/\/www.insside.net\/esp\/?s={search_term_string}\"},\"query-input\":\"required name=search_term_string\"}],\"inLanguage\":\"es-AR\"},{\"@type\":\"Organization\",\"@id\":\"https:\/\/www.insside.net\/esp\/#organization\",\"name\":\"INSSIDE\",\"alternateName\":\"INSSIDE Ciberseguridad\",\"url\":\"https:\/\/www.insside.net\/esp\/\",\"logo\":{\"@type\":\"ImageObject\",\"inLanguage\":\"es-AR\",\"@id\":\"https:\/\/www.insside.net\/esp\/#\/schema\/logo\/image\/\",\"url\":\"https:\/\/i0.wp.com\/www.insside.net\/esp\/wp-content\/uploads\/sites\/17\/2023\/08\/logo-completo-08.png?fit=1326%2C1450&ssl=1\",\"contentUrl\":\"https:\/\/i0.wp.com\/www.insside.net\/esp\/wp-content\/uploads\/sites\/17\/2023\/08\/logo-completo-08.png?fit=1326%2C1450&ssl=1\",\"width\":1326,\"height\":1450,\"caption\":\"INSSIDE\"},\"image\":{\"@id\":\"https:\/\/www.insside.net\/esp\/#\/schema\/logo\/image\/\"},\"sameAs\":[\"https:\/\/twitter.com\/inssidesecurity\",\"https:\/\/www.instagram.com\/inssidesecurity\/?hl=es\",\"https:\/\/www.youtube.com\/channel\/UCe5zkZLjWQWRfWOj3G4utdg\"]}]}<\/script>\n<!-- \/ Yoast SEO plugin. -->","yoast_head_json":{"title":"DEV Security | Desarrollo Seguro de Software | Insside ESP","description":"Somos Desarrollo Seguro de Software. Hacemos evaluaciones e implementaciones siguiendo las mejores pr\u00e1cticas a lo largo del ciclo de vida del software.","robots":{"index":"index","follow":"follow","max-snippet":"max-snippet:-1","max-image-preview":"max-image-preview:large","max-video-preview":"max-video-preview:-1"},"canonical":"https:\/\/www.insside.net\/esp\/servicios\/dev-security\/","og_locale":"es_ES","og_type":"article","og_title":"DEV Security | Desarrollo Seguro de Software | Insside ESP","og_description":"Somos Desarrollo Seguro de Software. Hacemos evaluaciones e implementaciones siguiendo las mejores pr\u00e1cticas a lo largo del ciclo de vida del software.","og_url":"https:\/\/www.insside.net\/esp\/servicios\/dev-security\/","og_site_name":"Insside ESP","article_modified_time":"2023-10-26T18:52:59+00:00","og_image":[{"url":"https:\/\/www.insside.net\/esp\/wp-content\/uploads\/sites\/17\/2023\/03\/desarrollo-seguro.svg"}],"twitter_card":"summary_large_image","twitter_site":"@inssidesecurity","twitter_misc":{"Tiempo de lectura":"2 minutos"},"schema":{"@context":"https:\/\/schema.org","@graph":[{"@type":"WebPage","@id":"https:\/\/www.insside.net\/esp\/servicios\/dev-security\/","url":"https:\/\/www.insside.net\/esp\/servicios\/dev-security\/","name":"DEV Security | Desarrollo Seguro de Software | Insside ESP","isPartOf":{"@id":"https:\/\/www.insside.net\/esp\/#website"},"datePublished":"2023-03-10T12:23:33+00:00","dateModified":"2023-10-26T18:52:59+00:00","description":"Somos Desarrollo Seguro de Software. Hacemos evaluaciones e implementaciones siguiendo las mejores pr\u00e1cticas a lo largo del ciclo de vida del software.","breadcrumb":{"@id":"https:\/\/www.insside.net\/esp\/servicios\/dev-security\/#breadcrumb"},"inLanguage":"es-AR","potentialAction":[{"@type":"ReadAction","target":["https:\/\/www.insside.net\/esp\/servicios\/dev-security\/"]}]},{"@type":"BreadcrumbList","@id":"https:\/\/www.insside.net\/esp\/servicios\/dev-security\/#breadcrumb","itemListElement":[{"@type":"ListItem","position":1,"name":"Inicio","item":"https:\/\/www.insside.net\/esp\/"},{"@type":"ListItem","position":2,"name":"Servicios","item":"https:\/\/www.insside.net\/esp\/?page_id=209"},{"@type":"ListItem","position":3,"name":"DEV Security"}]},{"@type":"WebSite","@id":"https:\/\/www.insside.net\/esp\/#website","url":"https:\/\/www.insside.net\/esp\/","name":"INSSIDE","description":"Servicios de Ciberseguridad 360\u00ba","publisher":{"@id":"https:\/\/www.insside.net\/esp\/#organization"},"alternateName":"INSSIDE Ciberseguridad","potentialAction":[{"@type":"SearchAction","target":{"@type":"EntryPoint","urlTemplate":"https:\/\/www.insside.net\/esp\/?s={search_term_string}"},"query-input":"required name=search_term_string"}],"inLanguage":"es-AR"},{"@type":"Organization","@id":"https:\/\/www.insside.net\/esp\/#organization","name":"INSSIDE","alternateName":"INSSIDE Ciberseguridad","url":"https:\/\/www.insside.net\/esp\/","logo":{"@type":"ImageObject","inLanguage":"es-AR","@id":"https:\/\/www.insside.net\/esp\/#\/schema\/logo\/image\/","url":"https:\/\/i0.wp.com\/www.insside.net\/esp\/wp-content\/uploads\/sites\/17\/2023\/08\/logo-completo-08.png?fit=1326%2C1450&ssl=1","contentUrl":"https:\/\/i0.wp.com\/www.insside.net\/esp\/wp-content\/uploads\/sites\/17\/2023\/08\/logo-completo-08.png?fit=1326%2C1450&ssl=1","width":1326,"height":1450,"caption":"INSSIDE"},"image":{"@id":"https:\/\/www.insside.net\/esp\/#\/schema\/logo\/image\/"},"sameAs":["https:\/\/twitter.com\/inssidesecurity","https:\/\/www.instagram.com\/inssidesecurity\/?hl=es","https:\/\/www.youtube.com\/channel\/UCe5zkZLjWQWRfWOj3G4utdg"]}]}},"_links":{"self":[{"href":"https:\/\/www.insside.net\/esp\/wp-json\/wp\/v2\/pages\/573"}],"collection":[{"href":"https:\/\/www.insside.net\/esp\/wp-json\/wp\/v2\/pages"}],"about":[{"href":"https:\/\/www.insside.net\/esp\/wp-json\/wp\/v2\/types\/page"}],"author":[{"embeddable":true,"href":"https:\/\/www.insside.net\/esp\/wp-json\/wp\/v2\/users\/3"}],"replies":[{"embeddable":true,"href":"https:\/\/www.insside.net\/esp\/wp-json\/wp\/v2\/comments?post=573"}],"version-history":[{"count":10,"href":"https:\/\/www.insside.net\/esp\/wp-json\/wp\/v2\/pages\/573\/revisions"}],"predecessor-version":[{"id":1293,"href":"https:\/\/www.insside.net\/esp\/wp-json\/wp\/v2\/pages\/573\/revisions\/1293"}],"up":[{"embeddable":true,"href":"https:\/\/www.insside.net\/esp\/wp-json\/wp\/v2\/pages\/209"}],"wp:attachment":[{"href":"https:\/\/www.insside.net\/esp\/wp-json\/wp\/v2\/media?parent=573"}],"curies":[{"name":"wp","href":"https:\/\/api.w.org\/{rel}","templated":true}]}}