{"id":570,"date":"2023-03-10T09:14:23","date_gmt":"2023-03-10T12:14:23","guid":{"rendered":"https:\/\/www.insside.net\/esp\/?page_id=570"},"modified":"2023-10-17T16:31:48","modified_gmt":"2023-10-17T19:31:48","slug":"identity-management","status":"publish","type":"page","link":"https:\/\/www.insside.net\/esp\/servicios\/identity-management\/","title":{"rendered":"Identity Management"},"content":{"rendered":"\n\t<section class=\"section servicios_intro\" id=\"section_1918058212\">\n\t\t<div class=\"bg section-bg fill bg-fill  bg-loaded\" >\n\n\t\t\t\n\t\t\t\n\t\t\t\n\n\t\t<\/div>\n\n\t\t\n\n\t\t<div class=\"section-content relative\">\n\t\t\t\n\n<div class=\"row\"  id=\"row-1524364125\">\n\n\n\t<div id=\"col-1333181897\" class=\"col medium-4 small-12 large-4\"  >\n\t\t\t\t<div class=\"col-inner text-center\"  >\n\t\t\t\n\t\t\t\n\n\t<div class=\"img has-hover x md-x lg-x y md-y lg-y\" id=\"image_1204287057\">\n\t\t\t\t\t\t\t\t<div class=\"img-inner dark\" style=\"margin:-100px 0px 0px 0px;\">\n\t\t\t<img loading=\"lazy\" decoding=\"async\" width=\"196\" height=\"187\" src=\"https:\/\/www.insside.net\/esp\/wp-content\/uploads\/sites\/17\/2023\/02\/Group-234.svg\" class=\"attachment-original size-original\" alt=\"Group 234\" \/>\t\t\t\t\t\t\n\t\t\t\t\t<\/div>\n\t\t\t\t\t\t\t\t\n<style>\n#image_1204287057 {\n  width: 80%;\n}\n<\/style>\n\t<\/div>\n\t\n\n\n\t\t<\/div>\n\t\t\t\t\t<\/div>\n\n\t\n\n\t<div id=\"col-107148004\" class=\"col medium-8 small-12 large-8\"  >\n\t\t\t\t<div class=\"col-inner\"  >\n\t\t\t\n\t\t\t\n\n\t<div id=\"text-1613294333\" class=\"text\">\n\t\t\n\n<h1>Identity <span class=\"alt-font bold\" data-text-color=\"primary\">Management<\/span><\/h1>\n\t\t\n<style>\n#text-1613294333 {\n  font-size: 2rem;\n}\n<\/style>\n\t<\/div>\n\t\n<h3>Gesti\u00f3n de identidades a lo largo de su ciclo de vida  y control del acceso a los distintos recursos inform\u00e1ticos.<\/h3>\n\n\t<div id=\"text-1829815115\" class=\"text\">\n\t\t\n\n<p>Nuestro equipo de expertos en gesti\u00f3n de identidades implementa soluciones a medida y ayuda a nuestros clientes no solo a desarrollar de manera eficaz las \u00faltimas tecnolog\u00edas que el mercado ofrece, sino tambi\u00e9n a cumplir sus pol\u00edticas de seguridad de manera adecuada.<\/p>\n\t\t\n<style>\n#text-1829815115 {\n  font-size: 1.1rem;\n}\n<\/style>\n\t<\/div>\n\t\n\n\t\t<\/div>\n\t\t\t\t\t<\/div>\n\n\t\n\n<\/div>\n\n\t\t<\/div>\n\n\t\t\n<style>\n#section_1918058212 {\n  padding-top: 90px;\n  padding-bottom: 90px;\n}\n#section_1918058212 .ux-shape-divider--top svg {\n  height: 150px;\n  --divider-top-width: 100%;\n}\n#section_1918058212 .ux-shape-divider--bottom svg {\n  height: 150px;\n  --divider-width: 100%;\n}\n<\/style>\n\t<\/section>\n\t\n\n\t<section class=\"section servicios_desc\" id=\"section_2107529589\">\n\t\t<div class=\"bg section-bg fill bg-fill  bg-loaded\" >\n\n\t\t\t\n\t\t\t\n\t\t\t\n\n\t\t<\/div>\n\n\t\t\n\n\t\t<div class=\"section-content relative\">\n\t\t\t\n\n<div class=\"row row-large\"  id=\"row-961618136\">\n\n\n\t<div id=\"col-1491092246\" class=\"col medium-6 small-12 large-6\"  >\n\t\t\t\t<div class=\"col-inner\"  >\n\t\t\t\n\t\t\t\n\n\t<div id=\"text-920305128\" class=\"text icon-item\">\n\t\t\n\n<h3><img loading=\"lazy\" decoding=\"async\" class=\"alignnone size-full wp-image-588\" src=\"https:\/\/www.insside.net\/esp\/wp-content\/uploads\/sites\/17\/2023\/03\/abm.svg\" alt=\"Gesti\u00f3n de identidades multiplataforma\" width=\"73\" height=\"73\"> ABM multiplataforma<\/h3>\n\t\t\n<style>\n#text-920305128 {\n  color: #92e0ff;\n}\n#text-920305128 > * {\n  color: #92e0ff;\n}\n<\/style>\n\t<\/div>\n\t\n<p>Gesti\u00f3n de identidades. Implementamoslas altas, bajas y modificaciones garantizando el acceso conforme a la pol\u00edtica corporativa de la compa\u00f1\u00eda y manteniendo las buenas pr\u00e1cticas del mercado.<\/p>\n\n\n\t\t<\/div>\n\t\t\t\t\t<\/div>\n\n\t\n\n\t<div id=\"col-2092277327\" class=\"col medium-6 small-12 large-6\"  >\n\t\t\t\t<div class=\"col-inner\"  >\n\t\t\t\n\t\t\t\n\n\t<div id=\"text-187799185\" class=\"text icon-item\">\n\t\t\n\n<h3><img loading=\"lazy\" decoding=\"async\" class=\"alignnone size-full wp-image-590\" src=\"https:\/\/www.insside.net\/esp\/wp-content\/uploads\/sites\/17\/2023\/03\/multiplataforma.svg\" alt=\"Gesti\u00f3n de identidades\" width=\"80\" height=\"59\"> Gesti\u00f3n de accesos multiplataforma<\/h3>\n\t\t\n<style>\n#text-187799185 {\n  color: #92e0ff;\n}\n#text-187799185 > * {\n  color: #92e0ff;\n}\n<\/style>\n\t<\/div>\n\t\n<p>Gestionamos el correcto acceso a la informaci\u00f3n de las aplicaciones CORE del cliente, mientras que orientamos y brindamos soporte a medida para el usuario final frente a solicitudes de aplicaciones no conocidas.<\/p>\n\n\t\t<\/div>\n\t\t\t\t\t<\/div>\n\n\t\n\n\t<div id=\"col-1798773302\" class=\"col medium-6 small-12 large-6\"  >\n\t\t\t\t<div class=\"col-inner\"  >\n\t\t\t\n\t\t\t\n\n\t<div id=\"text-3238616630\" class=\"text icon-item\">\n\t\t\n\n<h3><img loading=\"lazy\" decoding=\"async\" class=\"alignnone size-full wp-image-589\" src=\"https:\/\/www.insside.net\/esp\/wp-content\/uploads\/sites\/17\/2023\/03\/control-gestion.svg\" alt=\"cumplimiento de politicas de identidades\" width=\"69\" height=\"86\"> Auditor\u00eda y reportes para control de gesti\u00f3n<\/h3>\n\t\t\n<style>\n#text-3238616630 {\n  color: #92e0ff;\n}\n#text-3238616630 > * {\n  color: #92e0ff;\n}\n<\/style>\n\t<\/div>\n\t\n<p>Verificamos el correcto cumplimiento de programas, pol\u00edticas, normas y procedimientos de las organizaciones a fin de detectar desviaciones e identificar posibles acciones correctivas en la gesti\u00f3n de identidades. Luego de evaluarlas, efectuamos las observaciones y recomendaciones pertinentes.<\/p>\n\n\n\t\t<\/div>\n\t\t\t\t\t<\/div>\n\n\t\n\n\t<div id=\"col-2061705756\" class=\"col medium-6 small-12 large-6\"  >\n\t\t\t\t<div class=\"col-inner\"  >\n\t\t\t\n\t\t\t\n\n\t<div id=\"text-1166656574\" class=\"text icon-item\">\n\t\t\n\n<h3><img loading=\"lazy\" decoding=\"async\" class=\"alignnone size-full wp-image-591\" src=\"https:\/\/www.insside.net\/esp\/wp-content\/uploads\/sites\/17\/2023\/03\/riesgos-seguridad.svg\" alt=\"Disminuci\u00f3n de textos con gesti\u00f3n de identidades\" width=\"108\" height=\"79\"> Disminuci\u00f3n de riesgos de seguridad a trav\u00e9s de cumplimiento y control<\/h3>\n\t\t\n<style>\n#text-1166656574 {\n  color: #92e0ff;\n}\n#text-1166656574 > * {\n  color: #92e0ff;\n}\n<\/style>\n\t<\/div>\n\t\n<p>Establecemos los est\u00e1ndares y las directivas de la organizaci\u00f3n en relaci\u00f3n a los procedimientos, las tecnolog\u00edas y las configuraciones en funci\u00f3n de factores internos. Retrabajamos el input obtenido de IDM para generar campa\u00f1as de concientizaci\u00f3n.\u200b<\/p>\n\n\t\t<\/div>\n\t\t\t\t\t<\/div>\n\n\t\n\n<\/div>\n\t<div id=\"gap-154900000\" class=\"gap-element clearfix\" style=\"display:block; height:auto;\">\n\t\t\n<style>\n#gap-154900000 {\n  padding-top: 30px;\n}\n<\/style>\n\t<\/div>\n\t\n\n<div class=\"row\"  id=\"row-1904448772\">\n\n\n\t<div id=\"col-1208040121\" class=\"col small-12 large-12\"  >\n\t\t\t\t<div class=\"col-inner text-center\"  >\n\t\t\t\n\t\t\t\n\n<a href=\"https:\/\/www.insside.net\/esp\/contacto\/\" target=\"_self\" class=\"button secondary\"  style=\"border-radius:99px;\">\n    <span>Quiero m\u00e1s informaci\u00f3n<\/span>\n  <\/a>\n\n\n\n\t\t<\/div>\n\t\t\t\t\t<\/div>\n\n\t\n\n<\/div>\n\n\t\t<\/div>\n\n\t\t\n<style>\n#section_2107529589 {\n  padding-top: 30px;\n  padding-bottom: 30px;\n}\n#section_2107529589 .ux-shape-divider--top svg {\n  height: 150px;\n  --divider-top-width: 100%;\n}\n#section_2107529589 .ux-shape-divider--bottom svg {\n  height: 150px;\n  --divider-width: 100%;\n}\n<\/style>\n\t<\/section>\n\t\n\t<section class=\"section ver_servicios\" id=\"section_74307548\">\n\t\t<div class=\"bg section-bg fill bg-fill  bg-loaded\" >\n\n\t\t\t\n\t\t\t\n\t\t\t\n\n\t\t<\/div>\n\n\t\t\n\n\t\t<div class=\"section-content relative\">\n\t\t\t\n\n<div class=\"row\"  id=\"row-1565439327\">\n\n\n\t<div id=\"col-468243224\" class=\"col small-12 large-12\"  >\n\t\t\t\t<div class=\"col-inner\"  >\n\t\t\t\n\t\t\t\n\n\t<div id=\"text-2529566770\" class=\"text\">\n\t\t\n\n<h2>Ver otros servicios<\/h2>\n\t\t\n<style>\n#text-2529566770 {\n  text-align: center;\n}\n<\/style>\n\t<\/div>\n\t\n\n\t\t<\/div>\n\t\t\t\t\t<\/div>\n\n\t\n\n<\/div>\n<div class=\"row align-center\" style=\"max-width:1320px\" id=\"row-1507356367\">\n\n\n\t<div id=\"col-1944090256\" class=\"col medium-2 small-6 large-2\"  >\n\t\t\t\t<div class=\"col-inner text-center\"  >\n\t\t\t\n\t\t\t\n\n\t<div class=\"img has-hover x md-x lg-x y md-y lg-y\" id=\"image_1202148513\">\n\t\t\t\t\t\t\t\t<div class=\"img-inner dark\" >\n\t\t\t<img loading=\"lazy\" decoding=\"async\" width=\"253\" height=\"242\" src=\"https:\/\/www.insside.net\/esp\/wp-content\/uploads\/sites\/17\/2023\/02\/servicios_icon-defensive.svg\" class=\"attachment-original size-original\" alt=\"servicios icon defensive\" \/>\t\t\t\t\t\t\n\t\t\t\t\t<\/div>\n\t\t\t\t\t\t\t\t\n<style>\n#image_1202148513 {\n  width: 100%;\n}\n<\/style>\n\t<\/div>\n\t\n\n<h3>Blue<br \/><span data-text-color=\"primary\">Team<\/span><\/h3>\n<a href=\"https:\/\/www.insside.net\/esp\/servicios\/blue-team\/\" target=\"_self\" class=\"button secondary is-small\"  style=\"border-radius:99px;\">\n    <span>Ver +<\/span>\n  <\/a>\n\n\n\n\t\t<\/div>\n\t\t\t\t\t<\/div>\n\n\t\n\n\t<div id=\"col-2104648343\" class=\"col medium-2 small-6 large-2\"  >\n\t\t\t\t<div class=\"col-inner text-center\"  >\n\t\t\t\n\t\t\t\n\n\t<div class=\"img has-hover x md-x lg-x y md-y lg-y\" id=\"image_112076576\">\n\t\t\t\t\t\t\t\t<div class=\"img-inner dark\" >\n\t\t\t<img loading=\"lazy\" decoding=\"async\" width=\"259\" height=\"240\" src=\"https:\/\/www.insside.net\/esp\/wp-content\/uploads\/sites\/17\/2023\/02\/servicios_icon-offensive.svg\" class=\"attachment-original size-original\" alt=\"servicios icon offensive\" \/>\t\t\t\t\t\t\n\t\t\t\t\t<\/div>\n\t\t\t\t\t\t\t\t\n<style>\n#image_112076576 {\n  width: 100%;\n}\n<\/style>\n\t<\/div>\n\t\n\n<h3>Red <br \/><span data-text-color=\"primary\">Team<\/span><\/h3>\n<a href=\"https:\/\/www.insside.net\/esp\/servicios\/red-team\/\" target=\"_self\" class=\"button secondary is-small\"  style=\"border-radius:99px;\">\n    <span>Ver +<\/span>\n  <\/a>\n\n\n\n\t\t<\/div>\n\t\t\t\t\t<\/div>\n\n\t\n\n\t<div id=\"col-807203288\" class=\"col medium-2 small-6 large-2\"  >\n\t\t\t\t<div class=\"col-inner text-center\"  >\n\t\t\t\n\t\t\t\n\n\t<div class=\"img has-hover x md-x lg-x y md-y lg-y\" id=\"image_2098582937\">\n\t\t\t\t\t\t\t\t<div class=\"img-inner dark\" >\n\t\t\t<img loading=\"lazy\" decoding=\"async\" width=\"258\" height=\"240\" src=\"https:\/\/www.insside.net\/esp\/wp-content\/uploads\/sites\/17\/2023\/02\/servicios_icon-dev.svg\" class=\"attachment-original size-original\" alt=\"servicios icon dev\" \/>\t\t\t\t\t\t\n\t\t\t\t\t<\/div>\n\t\t\t\t\t\t\t\t\n<style>\n#image_2098582937 {\n  width: 100%;\n}\n<\/style>\n\t<\/div>\n\t\n\n<h3>Governance, Risk <span data-text-color=\"primary\">&amp; Compliance<\/span><\/h3>\n<a href=\"https:\/\/www.insside.net\/esp\/servicios\/grc\/\" target=\"_self\" class=\"button secondary is-small\"  style=\"border-radius:99px;\">\n    <span>Ver +<\/span>\n  <\/a>\n\n\n\n\t\t<\/div>\n\t\t\t\t\t<\/div>\n\n\t\n\n\t<div id=\"col-1098425789\" class=\"col medium-2 small-6 large-2\"  >\n\t\t\t\t<div class=\"col-inner text-center\"  >\n\t\t\t\n\t\t\t\n\n\t<div class=\"img has-hover x md-x lg-x y md-y lg-y\" id=\"image_1237400619\">\n\t\t\t\t\t\t\t\t<div class=\"img-inner dark\" >\n\t\t\t<img loading=\"lazy\" decoding=\"async\" width=\"207\" height=\"186\" src=\"https:\/\/www.insside.net\/esp\/wp-content\/uploads\/sites\/17\/2023\/02\/Group-233.svg\" class=\"attachment-original size-original\" alt=\"Group 233\" \/>\t\t\t\t\t\t\n\t\t\t\t\t<\/div>\n\t\t\t\t\t\t\t\t\n<style>\n#image_1237400619 {\n  width: 100%;\n}\n<\/style>\n\t<\/div>\n\t\n\n<h3>Dev <br \/><span data-text-color=\"primary\">Security<\/span><\/h3>\n<a href=\"https:\/\/www.insside.net\/esp\/servicios\/dev-security\/\" target=\"_self\" class=\"button secondary is-small\"  style=\"border-radius:99px;\">\n    <span>Ver +<\/span>\n  <\/a>\n\n\n\n\t\t<\/div>\n\t\t\t\t\t<\/div>\n\n\t\n\n\t<div id=\"col-668788269\" class=\"col medium-2 small-6 large-2\"  >\n\t\t\t\t<div class=\"col-inner text-center\"  >\n\t\t\t\n\t\t\t\n\n\t<div class=\"img has-hover x md-x lg-x y md-y lg-y\" id=\"image_666175942\">\n\t\t\t\t\t\t\t\t<div class=\"img-inner dark\" >\n\t\t\t<img loading=\"lazy\" decoding=\"async\" width=\"196\" height=\"187\" src=\"https:\/\/www.insside.net\/esp\/wp-content\/uploads\/sites\/17\/2023\/02\/Group-234.svg\" class=\"attachment-original size-original\" alt=\"Group 234\" \/>\t\t\t\t\t\t\n\t\t\t\t\t<\/div>\n\t\t\t\t\t\t\t\t\n<style>\n#image_666175942 {\n  width: 100%;\n}\n<\/style>\n\t<\/div>\n\t\n\n<h3>Identity <span data-text-color=\"primary\">Management<\/span><\/h3>\n<a href=\"https:\/\/www.insside.net\/esp\/servicios\/identity-management\/\" target=\"_self\" class=\"button secondary is-small\"  style=\"border-radius:99px;\">\n    <span>Ver +<\/span>\n  <\/a>\n\n\n\n\t\t<\/div>\n\t\t\t\t\t<\/div>\n\n\t\n\n<\/div>\n\n\t\t<\/div>\n\n\t\t\n<style>\n#section_74307548 {\n  padding-top: 30px;\n  padding-bottom: 30px;\n}\n#section_74307548 .ux-shape-divider--top svg {\n  height: 150px;\n  --divider-top-width: 100%;\n}\n#section_74307548 .ux-shape-divider--bottom svg {\n  height: 150px;\n  --divider-width: 100%;\n}\n<\/style>\n\t<\/section>\n\t\n","protected":false},"excerpt":{"rendered":"","protected":false},"author":3,"featured_media":0,"parent":209,"menu_order":0,"comment_status":"closed","ping_status":"closed","template":"page-transparent-header.php","meta":{"content-type":"","inline_featured_image":false,"footnotes":""},"yoast_head":"<!-- This site is optimized with the Yoast SEO plugin v21.2 - https:\/\/yoast.com\/wordpress\/plugins\/seo\/ -->\n<title>Gesti\u00f3n de Identidades | Servicio IDM | INSSIDE<\/title>\n<meta name=\"description\" content=\"Nuestros expertos en gesti\u00f3n de identidades administran el ciclo de vida de las credenciales y controlan accesos a recursos inform\u00e1ticos.\" \/>\n<meta name=\"robots\" content=\"index, follow, max-snippet:-1, max-image-preview:large, max-video-preview:-1\" \/>\n<link rel=\"canonical\" href=\"https:\/\/www.insside.net\/esp\/servicios\/identity-management\/\" \/>\n<meta property=\"og:locale\" content=\"es_ES\" \/>\n<meta property=\"og:type\" content=\"article\" \/>\n<meta property=\"og:title\" content=\"Gesti\u00f3n de Identidades | Servicio IDM | INSSIDE\" \/>\n<meta property=\"og:description\" content=\"Nuestros expertos en gesti\u00f3n de identidades administran el ciclo de vida de las credenciales y controlan accesos a recursos inform\u00e1ticos.\" \/>\n<meta property=\"og:url\" content=\"https:\/\/www.insside.net\/esp\/servicios\/identity-management\/\" \/>\n<meta property=\"og:site_name\" content=\"Insside ESP\" \/>\n<meta property=\"article:modified_time\" content=\"2023-10-17T19:31:48+00:00\" \/>\n<meta property=\"og:image\" content=\"https:\/\/www.insside.net\/esp\/wp-content\/uploads\/sites\/17\/2023\/03\/abm.svg\" \/>\n<meta name=\"twitter:card\" content=\"summary_large_image\" \/>\n<meta name=\"twitter:site\" content=\"@inssidesecurity\" \/>\n<meta name=\"twitter:label1\" content=\"Tiempo de lectura\" \/>\n\t<meta name=\"twitter:data1\" content=\"3 minutos\" \/>\n<script type=\"application\/ld+json\" class=\"yoast-schema-graph\">{\"@context\":\"https:\/\/schema.org\",\"@graph\":[{\"@type\":\"WebPage\",\"@id\":\"https:\/\/www.insside.net\/esp\/servicios\/identity-management\/\",\"url\":\"https:\/\/www.insside.net\/esp\/servicios\/identity-management\/\",\"name\":\"Gesti\u00f3n de Identidades | Servicio IDM | INSSIDE\",\"isPartOf\":{\"@id\":\"https:\/\/www.insside.net\/esp\/#website\"},\"datePublished\":\"2023-03-10T12:14:23+00:00\",\"dateModified\":\"2023-10-17T19:31:48+00:00\",\"description\":\"Nuestros expertos en gesti\u00f3n de identidades administran el ciclo de vida de las credenciales y controlan accesos a recursos inform\u00e1ticos.\",\"breadcrumb\":{\"@id\":\"https:\/\/www.insside.net\/esp\/servicios\/identity-management\/#breadcrumb\"},\"inLanguage\":\"es-AR\",\"potentialAction\":[{\"@type\":\"ReadAction\",\"target\":[\"https:\/\/www.insside.net\/esp\/servicios\/identity-management\/\"]}]},{\"@type\":\"BreadcrumbList\",\"@id\":\"https:\/\/www.insside.net\/esp\/servicios\/identity-management\/#breadcrumb\",\"itemListElement\":[{\"@type\":\"ListItem\",\"position\":1,\"name\":\"Inicio\",\"item\":\"https:\/\/www.insside.net\/esp\/\"},{\"@type\":\"ListItem\",\"position\":2,\"name\":\"Servicios\",\"item\":\"https:\/\/www.insside.net\/esp\/?page_id=209\"},{\"@type\":\"ListItem\",\"position\":3,\"name\":\"Identity Management\"}]},{\"@type\":\"WebSite\",\"@id\":\"https:\/\/www.insside.net\/esp\/#website\",\"url\":\"https:\/\/www.insside.net\/esp\/\",\"name\":\"INSSIDE\",\"description\":\"Servicios de Ciberseguridad 360\u00ba\",\"publisher\":{\"@id\":\"https:\/\/www.insside.net\/esp\/#organization\"},\"alternateName\":\"INSSIDE Ciberseguridad\",\"potentialAction\":[{\"@type\":\"SearchAction\",\"target\":{\"@type\":\"EntryPoint\",\"urlTemplate\":\"https:\/\/www.insside.net\/esp\/?s={search_term_string}\"},\"query-input\":\"required name=search_term_string\"}],\"inLanguage\":\"es-AR\"},{\"@type\":\"Organization\",\"@id\":\"https:\/\/www.insside.net\/esp\/#organization\",\"name\":\"INSSIDE\",\"alternateName\":\"INSSIDE Ciberseguridad\",\"url\":\"https:\/\/www.insside.net\/esp\/\",\"logo\":{\"@type\":\"ImageObject\",\"inLanguage\":\"es-AR\",\"@id\":\"https:\/\/www.insside.net\/esp\/#\/schema\/logo\/image\/\",\"url\":\"https:\/\/i0.wp.com\/www.insside.net\/esp\/wp-content\/uploads\/sites\/17\/2023\/08\/logo-completo-08.png?fit=1326%2C1450&ssl=1\",\"contentUrl\":\"https:\/\/i0.wp.com\/www.insside.net\/esp\/wp-content\/uploads\/sites\/17\/2023\/08\/logo-completo-08.png?fit=1326%2C1450&ssl=1\",\"width\":1326,\"height\":1450,\"caption\":\"INSSIDE\"},\"image\":{\"@id\":\"https:\/\/www.insside.net\/esp\/#\/schema\/logo\/image\/\"},\"sameAs\":[\"https:\/\/twitter.com\/inssidesecurity\",\"https:\/\/www.instagram.com\/inssidesecurity\/?hl=es\",\"https:\/\/www.youtube.com\/channel\/UCe5zkZLjWQWRfWOj3G4utdg\"]}]}<\/script>\n<!-- \/ Yoast SEO plugin. -->","yoast_head_json":{"title":"Gesti\u00f3n de Identidades | Servicio IDM | INSSIDE","description":"Nuestros expertos en gesti\u00f3n de identidades administran el ciclo de vida de las credenciales y controlan accesos a recursos inform\u00e1ticos.","robots":{"index":"index","follow":"follow","max-snippet":"max-snippet:-1","max-image-preview":"max-image-preview:large","max-video-preview":"max-video-preview:-1"},"canonical":"https:\/\/www.insside.net\/esp\/servicios\/identity-management\/","og_locale":"es_ES","og_type":"article","og_title":"Gesti\u00f3n de Identidades | Servicio IDM | INSSIDE","og_description":"Nuestros expertos en gesti\u00f3n de identidades administran el ciclo de vida de las credenciales y controlan accesos a recursos inform\u00e1ticos.","og_url":"https:\/\/www.insside.net\/esp\/servicios\/identity-management\/","og_site_name":"Insside ESP","article_modified_time":"2023-10-17T19:31:48+00:00","og_image":[{"url":"https:\/\/www.insside.net\/esp\/wp-content\/uploads\/sites\/17\/2023\/03\/abm.svg"}],"twitter_card":"summary_large_image","twitter_site":"@inssidesecurity","twitter_misc":{"Tiempo de lectura":"3 minutos"},"schema":{"@context":"https:\/\/schema.org","@graph":[{"@type":"WebPage","@id":"https:\/\/www.insside.net\/esp\/servicios\/identity-management\/","url":"https:\/\/www.insside.net\/esp\/servicios\/identity-management\/","name":"Gesti\u00f3n de Identidades | Servicio IDM | INSSIDE","isPartOf":{"@id":"https:\/\/www.insside.net\/esp\/#website"},"datePublished":"2023-03-10T12:14:23+00:00","dateModified":"2023-10-17T19:31:48+00:00","description":"Nuestros expertos en gesti\u00f3n de identidades administran el ciclo de vida de las credenciales y controlan accesos a recursos inform\u00e1ticos.","breadcrumb":{"@id":"https:\/\/www.insside.net\/esp\/servicios\/identity-management\/#breadcrumb"},"inLanguage":"es-AR","potentialAction":[{"@type":"ReadAction","target":["https:\/\/www.insside.net\/esp\/servicios\/identity-management\/"]}]},{"@type":"BreadcrumbList","@id":"https:\/\/www.insside.net\/esp\/servicios\/identity-management\/#breadcrumb","itemListElement":[{"@type":"ListItem","position":1,"name":"Inicio","item":"https:\/\/www.insside.net\/esp\/"},{"@type":"ListItem","position":2,"name":"Servicios","item":"https:\/\/www.insside.net\/esp\/?page_id=209"},{"@type":"ListItem","position":3,"name":"Identity Management"}]},{"@type":"WebSite","@id":"https:\/\/www.insside.net\/esp\/#website","url":"https:\/\/www.insside.net\/esp\/","name":"INSSIDE","description":"Servicios de Ciberseguridad 360\u00ba","publisher":{"@id":"https:\/\/www.insside.net\/esp\/#organization"},"alternateName":"INSSIDE Ciberseguridad","potentialAction":[{"@type":"SearchAction","target":{"@type":"EntryPoint","urlTemplate":"https:\/\/www.insside.net\/esp\/?s={search_term_string}"},"query-input":"required name=search_term_string"}],"inLanguage":"es-AR"},{"@type":"Organization","@id":"https:\/\/www.insside.net\/esp\/#organization","name":"INSSIDE","alternateName":"INSSIDE Ciberseguridad","url":"https:\/\/www.insside.net\/esp\/","logo":{"@type":"ImageObject","inLanguage":"es-AR","@id":"https:\/\/www.insside.net\/esp\/#\/schema\/logo\/image\/","url":"https:\/\/i0.wp.com\/www.insside.net\/esp\/wp-content\/uploads\/sites\/17\/2023\/08\/logo-completo-08.png?fit=1326%2C1450&ssl=1","contentUrl":"https:\/\/i0.wp.com\/www.insside.net\/esp\/wp-content\/uploads\/sites\/17\/2023\/08\/logo-completo-08.png?fit=1326%2C1450&ssl=1","width":1326,"height":1450,"caption":"INSSIDE"},"image":{"@id":"https:\/\/www.insside.net\/esp\/#\/schema\/logo\/image\/"},"sameAs":["https:\/\/twitter.com\/inssidesecurity","https:\/\/www.instagram.com\/inssidesecurity\/?hl=es","https:\/\/www.youtube.com\/channel\/UCe5zkZLjWQWRfWOj3G4utdg"]}]}},"_links":{"self":[{"href":"https:\/\/www.insside.net\/esp\/wp-json\/wp\/v2\/pages\/570"}],"collection":[{"href":"https:\/\/www.insside.net\/esp\/wp-json\/wp\/v2\/pages"}],"about":[{"href":"https:\/\/www.insside.net\/esp\/wp-json\/wp\/v2\/types\/page"}],"author":[{"embeddable":true,"href":"https:\/\/www.insside.net\/esp\/wp-json\/wp\/v2\/users\/3"}],"replies":[{"embeddable":true,"href":"https:\/\/www.insside.net\/esp\/wp-json\/wp\/v2\/comments?post=570"}],"version-history":[{"count":17,"href":"https:\/\/www.insside.net\/esp\/wp-json\/wp\/v2\/pages\/570\/revisions"}],"predecessor-version":[{"id":1309,"href":"https:\/\/www.insside.net\/esp\/wp-json\/wp\/v2\/pages\/570\/revisions\/1309"}],"up":[{"embeddable":true,"href":"https:\/\/www.insside.net\/esp\/wp-json\/wp\/v2\/pages\/209"}],"wp:attachment":[{"href":"https:\/\/www.insside.net\/esp\/wp-json\/wp\/v2\/media?parent=570"}],"curies":[{"name":"wp","href":"https:\/\/api.w.org\/{rel}","templated":true}]}}