{"id":181,"date":"2023-02-21T10:25:26","date_gmt":"2023-02-21T13:25:26","guid":{"rendered":"https:\/\/www.insside.net\/esp\/?page_id=181"},"modified":"2023-10-26T15:41:01","modified_gmt":"2023-10-26T18:41:01","slug":"grc","status":"publish","type":"page","link":"https:\/\/www.insside.net\/esp\/servicios\/grc\/","title":{"rendered":"GRC"},"content":{"rendered":"\n\t<section class=\"section servicios_intro\" id=\"section_1932687191\">\n\t\t<div class=\"bg section-bg fill bg-fill  bg-loaded\" >\n\n\t\t\t\n\t\t\t\n\t\t\t\n\n\t\t<\/div>\n\n\t\t\n\n\t\t<div class=\"section-content relative\">\n\t\t\t\n\n<div class=\"row\"  id=\"row-614692728\">\n\n\n\t<div id=\"col-1058678453\" class=\"col medium-4 small-12 large-4\"  >\n\t\t\t\t<div class=\"col-inner text-center\"  >\n\t\t\t\n\t\t\t\n\n\t<div class=\"img has-hover x md-x lg-x y md-y lg-y\" id=\"image_1740766466\">\n\t\t\t\t\t\t\t\t<div class=\"img-inner dark\" style=\"margin:-100px 0px 0px 0px;\">\n\t\t\t<img loading=\"lazy\" decoding=\"async\" width=\"318\" height=\"296\" src=\"https:\/\/www.insside.net\/esp\/wp-content\/uploads\/sites\/17\/2023\/02\/Group-251.svg\" class=\"attachment-original size-original\" alt=\"Group 251\" \/>\t\t\t\t\t\t\n\t\t\t\t\t<\/div>\n\t\t\t\t\t\t\t\t\n<style>\n#image_1740766466 {\n  width: 80%;\n}\n<\/style>\n\t<\/div>\n\t\n\n\n\t\t<\/div>\n\t\t\t\t\t<\/div>\n\n\t\n\n\t<div id=\"col-369786983\" class=\"col medium-8 small-12 large-8\"  >\n\t\t\t\t<div class=\"col-inner\"  >\n\t\t\t\n\t\t\t\n\n\t<div id=\"text-409863389\" class=\"text grc\">\n\t\t\n\n<h1>Governance, Risk <span class=\"alt-font bold\" data-text-color=\"primary\">&amp; Compliance<\/span><\/h1>\n\t\t\n<style>\n#text-409863389 {\n  font-size: 2rem;\n}\n<\/style>\n\t<\/div>\n\t\n<h3>Brindamos servicios de auditor\u00eda GRC. Definimos estrategias de ciberseguridad, consultor\u00eda y alineamiento normativo a frameworks de seguridad.<\/h3>\n\t<div id=\"text-2131525409\" class=\"text\">\n\t\t\n\n<p>Somos certificadores de las normas de PCI SSC y acompa\u00f1amos a nuestros clientes en los procesos de auditor\u00eda, asesoramiento y soporte para gestionar adecuadamente la gobernanza y cumplimiento normativo. Nuestro equipo de auditor\u00eda GRC est\u00e1 compuesto por especialistas en el an\u00e1lisis e identificaci\u00f3n de regulaciones y riesgos aplicables a cada negocio, la implementaci\u00f3n de medidas para mitigarlos, y la supervisi\u00f3n y monitoreo del cumplimiento regulatorio.<\/p>\n\t\t\n<style>\n#text-2131525409 {\n  font-size: 1.1rem;\n}\n<\/style>\n\t<\/div>\n\t\n\n\t\t<\/div>\n\t\t\t\t\t<\/div>\n\n\t\n\n<\/div>\n\n\t\t<\/div>\n\n\t\t\n<style>\n#section_1932687191 {\n  padding-top: 90px;\n  padding-bottom: 90px;\n}\n#section_1932687191 .ux-shape-divider--top svg {\n  height: 150px;\n  --divider-top-width: 100%;\n}\n#section_1932687191 .ux-shape-divider--bottom svg {\n  height: 150px;\n  --divider-width: 100%;\n}\n<\/style>\n\t<\/section>\n\t\n\n\t<section class=\"section servicios_desc\" id=\"section_756277314\">\n\t\t<div class=\"bg section-bg fill bg-fill  bg-loaded\" >\n\n\t\t\t\n\t\t\t\n\t\t\t\n\n\t\t<\/div>\n\n\t\t\n\n\t\t<div class=\"section-content relative\">\n\t\t\t\n\n<div class=\"row row-large\"  id=\"row-1284617236\">\n\n\n\t<div id=\"col-1148007423\" class=\"col medium-4 small-12 large-4\"  >\n\t\t\t\t<div class=\"col-inner\"  >\n\t\t\t\n\t\t\t\n\n\t<div id=\"text-859443544\" class=\"text icon-item\">\n\t\t\n\n<h3><img loading=\"lazy\" decoding=\"async\" class=\"size-full wp-image-466 alignnone\" src=\"https:\/\/www.insside.net\/esp\/wp-content\/uploads\/sites\/17\/2023\/03\/Analisis-GAP.svg\" alt=\"analisis gap pci\" width=\"70\" height=\"71\"> An\u00e1lisis Gap PCI<\/h3>\n\t\t\n<style>\n#text-859443544 {\n  color: #92e0ff;\n}\n#text-859443544 > * {\n  color: #92e0ff;\n}\n<\/style>\n\t<\/div>\n\t\n<p>Identificamos la situaci\u00f3n actual de alineamiento a los diferentes alcances de la normativa PCI (PCI-DSS, PCI-PIN Security, PCI-SSLC) para los componentes y distintos procesos relacionados con los canales involucrados en el uso, procesamiento y\/o transmisi\u00f3n de informaci\u00f3n de tarjetahabientes, PIN y desarrollo de aplicaciones.<\/p>\n\n\t\t<\/div>\n\t\t\t\t\t<\/div>\n\n\t\n\n\t<div id=\"col-965770343\" class=\"col medium-4 small-12 large-4\"  >\n\t\t\t\t<div class=\"col-inner\"  >\n\t\t\t\n\t\t\t\n\n\t<div id=\"text-1123973373\" class=\"text icon-item\">\n\t\t\n\n<h3><img loading=\"lazy\" decoding=\"async\" class=\"alignnone size-full wp-image-467\" src=\"https:\/\/www.insside.net\/esp\/wp-content\/uploads\/sites\/17\/2023\/03\/Certificacion-PCI.svg\" alt=\"certificacion pci\" width=\"70\" height=\"70\"> Certificaci\u00f3n PCI<\/h3>\n\t\t\n<style>\n#text-1123973373 {\n  color: #92e0ff;\n}\n#text-1123973373 > * {\n  color: #92e0ff;\n}\n<\/style>\n\t<\/div>\n\t\n<p>Evaluamos el cumplimiento de las normativas PCI-DSS y PCI-PIN Security, emitimos la documentaci\u00f3n oficial de PCI Security Standards Council que certifica el alineamiento a la norma.<\/p>\n\n\t\t<\/div>\n\t\t\t\t\t<\/div>\n\n\t\n\n\t<div id=\"col-1323154426\" class=\"col medium-4 small-12 large-4\"  >\n\t\t\t\t<div class=\"col-inner\"  >\n\t\t\t\n\t\t\t\n\n\t<div id=\"text-3260091449\" class=\"text icon-item\">\n\t\t\n\n<h3><img loading=\"lazy\" decoding=\"async\" class=\"alignnone size-full wp-image-469\" src=\"https:\/\/www.insside.net\/esp\/wp-content\/uploads\/sites\/17\/2023\/03\/Cumplimiento-Normativo.svg\" alt=\"servicios de auditoria grc y cumplimiento normativo\" width=\"64\" height=\"72\"> Cumplimiento Normativo<\/h3>\n\n\t\t\n<style>\n#text-3260091449 {\n  color: #92e0ff;\n}\n#text-3260091449 > * {\n  color: #92e0ff;\n}\n<\/style>\n\t<\/div>\n\t\n<p>Nuestros servicios de auditor\u00eda GRC acompa\u00f1an a las organizaciones a que logren su alineaci\u00f3n a diferentes marcos normativos: ISO, PCI, CSF NIST, GDPR, LOPD, BCRA, CMF, marcos normativos sectoriales o particulares de la organizaci\u00f3n. El M\u00f3dulo de Cumplimiento Normativo de nuestra plataforma INSSIDE Security Suite centraliza la informaci\u00f3n y permite una mayor visibilidad del progreso alcanzado.<\/p>\n\n\t\t<\/div>\n\t\t\t\t\t<\/div>\n\n\t\n\n\t<div id=\"col-245271173\" class=\"col medium-4 small-12 large-4\"  >\n\t\t\t\t<div class=\"col-inner\"  >\n\t\t\t\n\t\t\t\n\n\t<div id=\"text-2539980467\" class=\"text icon-item\">\n\t\t\n\n<h3><img loading=\"lazy\" decoding=\"async\" class=\"alignnone size-full wp-image-470\" src=\"https:\/\/www.insside.net\/esp\/wp-content\/uploads\/sites\/17\/2023\/03\/Group-140.png\" alt=\"gestion de riesgos\" width=\"70\" height=\"71\"> Gesti\u00f3n de riesgos<\/h3>\n\t\t\n<style>\n#text-2539980467 {\n  color: #92e0ff;\n}\n#text-2539980467 > * {\n  color: #92e0ff;\n}\n<\/style>\n\t<\/div>\n\t\n<p>Implementamos metodolog\u00edas y ejecutamos servicios de an\u00e1lisis y gesti\u00f3n de Riesgos, DRP, BCP, BIA\/RIA. Nos apoyamos en nuestra plataforma Insside Security Suite, M\u00f3dulo de Gesti\u00f3n de Riesgos.<\/p>\n\n\t\t<\/div>\n\t\t\t\t\t<\/div>\n\n\t\n\n\t<div id=\"col-1336443179\" class=\"col medium-4 small-12 large-4\"  >\n\t\t\t\t<div class=\"col-inner\"  >\n\t\t\t\n\t\t\t\n\n\t<div id=\"text-3033360738\" class=\"text icon-item\">\n\t\t\n\n<h3><img loading=\"lazy\" decoding=\"async\" class=\"alignnone size-full wp-image-468\" src=\"https:\/\/www.insside.net\/esp\/wp-content\/uploads\/sites\/17\/2023\/03\/Concientizacion.svg\" alt=\"concientizacion en servicios de auditor\u00eda GRC\" width=\"75\" height=\"71\"> Concientizaci\u00f3n<\/h3>\n\n\t\t\n<style>\n#text-3033360738 {\n  color: #92e0ff;\n}\n#text-3033360738 > * {\n  color: #92e0ff;\n}\n<\/style>\n\t<\/div>\n\t\n<p>Definimos y ejecutamos planes y acciones de concientizaci\u00f3n que permitan transformar a los recursos humanos de la organizaci\u00f3n en la primera l\u00ednea de defensa frente a las amenazas cibern\u00e9ticas. Trabajamos de manera integral con plataformas automatizadas, webinars y charlas. Ejecutamos campa\u00f1as de simulaci\u00f3n de ataques de phishing y ransomware aline\u00e1ndonos con los departamentos de RRHH y Comunicaciones Internas de nuestros clientes.<\/p>\n\n\t\t<\/div>\n\t\t\t\t\t<\/div>\n\n\t\n\n\t<div id=\"col-570066979\" class=\"col medium-4 small-12 large-4\"  >\n\t\t\t\t<div class=\"col-inner\"  >\n\t\t\t\n\t\t\t\n\n\t<div id=\"text-350134453\" class=\"text icon-item\">\n\t\t\n\n<h3><img loading=\"lazy\" decoding=\"async\" class=\"alignnone size-full wp-image-471\" src=\"https:\/\/www.insside.net\/esp\/wp-content\/uploads\/sites\/17\/2023\/03\/Insside-Security-Suite.svg\" alt=\"insside security suite plataforma grc\" width=\"85\" height=\"68\"> INSSIDE Security Suite<\/h3>\n\t\t\n<style>\n#text-350134453 {\n  color: #92e0ff;\n}\n#text-350134453 > * {\n  color: #92e0ff;\n}\n<\/style>\n\t<\/div>\n\t\n<p>Nuestra plataforma SAAS para Cumplimiento Normativo y Gesti\u00f3n de Riesgos permite llevar en tiempo real el seguimiento de an\u00e1lisis de brecha y alineamiento a un marco normativo. Incorpora la funcionalidad de comparaci\u00f3n de cumplimiento entre dos marcos normativos y el nivel de cumplimiento sobre otro marco de referencia.Versiones espec\u00edficas para ejecutar procesos de autoevaluaci\u00f3n de cumplimiento PCI para usuarios individuales y empresas con m\u00faltiples clientes \/ proveedores.<\/p>\n\n\t\t<\/div>\n\t\t\t\t\t<\/div>\n\n\t\n\n<\/div>\n\t<div id=\"gap-358454202\" class=\"gap-element clearfix\" style=\"display:block; height:auto;\">\n\t\t\n<style>\n#gap-358454202 {\n  padding-top: 30px;\n}\n<\/style>\n\t<\/div>\n\t\n\n<div class=\"row\"  id=\"row-811986335\">\n\n\n\t<div id=\"col-203078142\" class=\"col small-12 large-12\"  >\n\t\t\t\t<div class=\"col-inner text-center\"  >\n\t\t\t\n\t\t\t\n\n<a href=\"https:\/\/www.insside.net\/esp\/contacto\/\" target=\"_self\" class=\"button secondary\"  style=\"border-radius:99px;\">\n    <span>Quiero m\u00e1s informaci\u00f3n<\/span>\n  <\/a>\n\n\n\n\t\t<\/div>\n\t\t\t\t\t<\/div>\n\n\t\n\n<\/div>\n\n\t\t<\/div>\n\n\t\t\n<style>\n#section_756277314 {\n  padding-top: 30px;\n  padding-bottom: 30px;\n}\n#section_756277314 .ux-shape-divider--top svg {\n  height: 150px;\n  --divider-top-width: 100%;\n}\n#section_756277314 .ux-shape-divider--bottom svg {\n  height: 150px;\n  --divider-width: 100%;\n}\n<\/style>\n\t<\/section>\n\t\n\t<section class=\"section ver_servicios\" id=\"section_338011804\">\n\t\t<div class=\"bg section-bg fill bg-fill  bg-loaded\" >\n\n\t\t\t\n\t\t\t\n\t\t\t\n\n\t\t<\/div>\n\n\t\t\n\n\t\t<div class=\"section-content relative\">\n\t\t\t\n\n<div class=\"row\"  id=\"row-173345923\">\n\n\n\t<div id=\"col-1146414105\" class=\"col small-12 large-12\"  >\n\t\t\t\t<div class=\"col-inner\"  >\n\t\t\t\n\t\t\t\n\n\t<div id=\"text-4129089083\" class=\"text\">\n\t\t\n\n<h2>Ver otros servicios<\/h2>\n\t\t\n<style>\n#text-4129089083 {\n  text-align: center;\n}\n<\/style>\n\t<\/div>\n\t\n\n\t\t<\/div>\n\t\t\t\t\t<\/div>\n\n\t\n\n<\/div>\n<div class=\"row align-center\" style=\"max-width:1320px\" id=\"row-1285875523\">\n\n\n\t<div id=\"col-1333533115\" class=\"col medium-2 small-6 large-2\"  >\n\t\t\t\t<div class=\"col-inner text-center\"  >\n\t\t\t\n\t\t\t\n\n\t<div class=\"img has-hover x md-x lg-x y md-y lg-y\" id=\"image_1886491022\">\n\t\t\t\t\t\t\t\t<div class=\"img-inner dark\" >\n\t\t\t<img loading=\"lazy\" decoding=\"async\" width=\"253\" height=\"242\" src=\"https:\/\/www.insside.net\/esp\/wp-content\/uploads\/sites\/17\/2023\/02\/servicios_icon-defensive.svg\" class=\"attachment-original size-original\" alt=\"servicios icon defensive\" \/>\t\t\t\t\t\t\n\t\t\t\t\t<\/div>\n\t\t\t\t\t\t\t\t\n<style>\n#image_1886491022 {\n  width: 100%;\n}\n<\/style>\n\t<\/div>\n\t\n\n<h3>Blue<br \/><span data-text-color=\"primary\">Team<\/span><\/h3>\n<a href=\"https:\/\/www.insside.net\/esp\/servicios\/blue-team\/\" target=\"_self\" class=\"button secondary is-small\"  style=\"border-radius:99px;\">\n    <span>Ver +<\/span>\n  <\/a>\n\n\n\n\t\t<\/div>\n\t\t\t\t\t<\/div>\n\n\t\n\n\t<div id=\"col-1291053657\" class=\"col medium-2 small-6 large-2\"  >\n\t\t\t\t<div class=\"col-inner text-center\"  >\n\t\t\t\n\t\t\t\n\n\t<div class=\"img has-hover x md-x lg-x y md-y lg-y\" id=\"image_563699823\">\n\t\t\t\t\t\t\t\t<div class=\"img-inner dark\" >\n\t\t\t<img loading=\"lazy\" decoding=\"async\" width=\"259\" height=\"240\" src=\"https:\/\/www.insside.net\/esp\/wp-content\/uploads\/sites\/17\/2023\/02\/servicios_icon-offensive.svg\" class=\"attachment-original size-original\" alt=\"servicios icon offensive\" \/>\t\t\t\t\t\t\n\t\t\t\t\t<\/div>\n\t\t\t\t\t\t\t\t\n<style>\n#image_563699823 {\n  width: 100%;\n}\n<\/style>\n\t<\/div>\n\t\n\n<h3>Red <br \/><span data-text-color=\"primary\">Team<\/span><\/h3>\n<a href=\"https:\/\/www.insside.net\/esp\/servicios\/red-team\/\" target=\"_self\" class=\"button secondary is-small\"  style=\"border-radius:99px;\">\n    <span>Ver +<\/span>\n  <\/a>\n\n\n\n\t\t<\/div>\n\t\t\t\t\t<\/div>\n\n\t\n\n\t<div id=\"col-2079060314\" class=\"col medium-2 small-6 large-2\"  >\n\t\t\t\t<div class=\"col-inner text-center\"  >\n\t\t\t\n\t\t\t\n\n\t<div class=\"img has-hover x md-x lg-x y md-y lg-y\" id=\"image_852847755\">\n\t\t\t\t\t\t\t\t<div class=\"img-inner dark\" >\n\t\t\t<img loading=\"lazy\" decoding=\"async\" width=\"258\" height=\"240\" src=\"https:\/\/www.insside.net\/esp\/wp-content\/uploads\/sites\/17\/2023\/02\/servicios_icon-dev.svg\" class=\"attachment-original size-original\" alt=\"servicios icon dev\" \/>\t\t\t\t\t\t\n\t\t\t\t\t<\/div>\n\t\t\t\t\t\t\t\t\n<style>\n#image_852847755 {\n  width: 100%;\n}\n<\/style>\n\t<\/div>\n\t\n\n<h3>Governance, Risk <span data-text-color=\"primary\">&amp; Compliance<\/span><\/h3>\n<a href=\"https:\/\/www.insside.net\/esp\/servicios\/grc\/\" target=\"_self\" class=\"button secondary is-small\"  style=\"border-radius:99px;\">\n    <span>Ver +<\/span>\n  <\/a>\n\n\n\n\t\t<\/div>\n\t\t\t\t\t<\/div>\n\n\t\n\n\t<div id=\"col-167247432\" class=\"col medium-2 small-6 large-2\"  >\n\t\t\t\t<div class=\"col-inner text-center\"  >\n\t\t\t\n\t\t\t\n\n\t<div class=\"img has-hover x md-x lg-x y md-y lg-y\" id=\"image_1097250648\">\n\t\t\t\t\t\t\t\t<div class=\"img-inner dark\" >\n\t\t\t<img loading=\"lazy\" decoding=\"async\" width=\"207\" height=\"186\" src=\"https:\/\/www.insside.net\/esp\/wp-content\/uploads\/sites\/17\/2023\/02\/Group-233.svg\" class=\"attachment-original size-original\" alt=\"Group 233\" \/>\t\t\t\t\t\t\n\t\t\t\t\t<\/div>\n\t\t\t\t\t\t\t\t\n<style>\n#image_1097250648 {\n  width: 100%;\n}\n<\/style>\n\t<\/div>\n\t\n\n<h3>Dev <br \/><span data-text-color=\"primary\">Security<\/span><\/h3>\n<a href=\"https:\/\/www.insside.net\/esp\/servicios\/dev-security\/\" target=\"_self\" class=\"button secondary is-small\"  style=\"border-radius:99px;\">\n    <span>Ver +<\/span>\n  <\/a>\n\n\n\n\t\t<\/div>\n\t\t\t\t\t<\/div>\n\n\t\n\n\t<div id=\"col-1464224260\" class=\"col medium-2 small-6 large-2\"  >\n\t\t\t\t<div class=\"col-inner text-center\"  >\n\t\t\t\n\t\t\t\n\n\t<div class=\"img has-hover x md-x lg-x y md-y lg-y\" id=\"image_2099712511\">\n\t\t\t\t\t\t\t\t<div class=\"img-inner dark\" >\n\t\t\t<img loading=\"lazy\" decoding=\"async\" width=\"196\" height=\"187\" src=\"https:\/\/www.insside.net\/esp\/wp-content\/uploads\/sites\/17\/2023\/02\/Group-234.svg\" class=\"attachment-original size-original\" alt=\"Group 234\" \/>\t\t\t\t\t\t\n\t\t\t\t\t<\/div>\n\t\t\t\t\t\t\t\t\n<style>\n#image_2099712511 {\n  width: 100%;\n}\n<\/style>\n\t<\/div>\n\t\n\n<h3>Identity <span data-text-color=\"primary\">Management<\/span><\/h3>\n<a href=\"https:\/\/www.insside.net\/esp\/servicios\/identity-management\/\" target=\"_self\" class=\"button secondary is-small\"  style=\"border-radius:99px;\">\n    <span>Ver +<\/span>\n  <\/a>\n\n\n\n\t\t<\/div>\n\t\t\t\t\t<\/div>\n\n\t\n\n<\/div>\n\n\t\t<\/div>\n\n\t\t\n<style>\n#section_338011804 {\n  padding-top: 30px;\n  padding-bottom: 30px;\n}\n#section_338011804 .ux-shape-divider--top svg {\n  height: 150px;\n  --divider-top-width: 100%;\n}\n#section_338011804 .ux-shape-divider--bottom svg {\n  height: 150px;\n  --divider-width: 100%;\n}\n<\/style>\n\t<\/section>\n\t\n","protected":false},"excerpt":{"rendered":"","protected":false},"author":3,"featured_media":0,"parent":209,"menu_order":0,"comment_status":"closed","ping_status":"closed","template":"page-transparent-header.php","meta":{"content-type":"","inline_featured_image":false,"footnotes":""},"yoast_head":"<!-- This site is optimized with the Yoast SEO plugin v21.2 - https:\/\/yoast.com\/wordpress\/plugins\/seo\/ -->\n<title>Servicios de Auditor\u00eda GRC | Governance, Risk &amp; Compliance | Insside ESP<\/title>\n<meta name=\"description\" content=\"Brindamos servicios de auditor\u00eda GRC para gestionar adecuadamente el cumplimiento normativo. Certificamos las normas de PCI SSC.\" \/>\n<meta name=\"robots\" content=\"index, follow, max-snippet:-1, max-image-preview:large, max-video-preview:-1\" \/>\n<link rel=\"canonical\" href=\"https:\/\/www.insside.net\/esp\/servicios\/grc\/\" \/>\n<meta property=\"og:locale\" content=\"es_ES\" \/>\n<meta property=\"og:type\" content=\"article\" \/>\n<meta property=\"og:title\" content=\"Servicios de Auditor\u00eda GRC | Governance, Risk &amp; Compliance | Insside ESP\" \/>\n<meta property=\"og:description\" content=\"Brindamos servicios de auditor\u00eda GRC para gestionar adecuadamente el cumplimiento normativo. Certificamos las normas de PCI SSC.\" \/>\n<meta property=\"og:url\" content=\"https:\/\/www.insside.net\/esp\/servicios\/grc\/\" \/>\n<meta property=\"og:site_name\" content=\"Insside ESP\" \/>\n<meta property=\"article:modified_time\" content=\"2023-10-26T18:41:01+00:00\" \/>\n<meta property=\"og:image\" content=\"https:\/\/www.insside.net\/esp\/wp-content\/uploads\/sites\/17\/2023\/03\/Analisis-GAP.svg\" \/>\n<meta name=\"twitter:card\" content=\"summary_large_image\" \/>\n<meta name=\"twitter:site\" content=\"@inssidesecurity\" \/>\n<meta name=\"twitter:label1\" content=\"Tiempo de lectura\" \/>\n\t<meta name=\"twitter:data1\" content=\"4 minutos\" \/>\n<script type=\"application\/ld+json\" class=\"yoast-schema-graph\">{\"@context\":\"https:\/\/schema.org\",\"@graph\":[{\"@type\":\"WebPage\",\"@id\":\"https:\/\/www.insside.net\/esp\/servicios\/grc\/\",\"url\":\"https:\/\/www.insside.net\/esp\/servicios\/grc\/\",\"name\":\"Servicios de Auditor\u00eda GRC | Governance, Risk & Compliance | Insside ESP\",\"isPartOf\":{\"@id\":\"https:\/\/www.insside.net\/esp\/#website\"},\"datePublished\":\"2023-02-21T13:25:26+00:00\",\"dateModified\":\"2023-10-26T18:41:01+00:00\",\"description\":\"Brindamos servicios de auditor\u00eda GRC para gestionar adecuadamente el cumplimiento normativo. Certificamos las normas de PCI SSC.\",\"breadcrumb\":{\"@id\":\"https:\/\/www.insside.net\/esp\/servicios\/grc\/#breadcrumb\"},\"inLanguage\":\"es-AR\",\"potentialAction\":[{\"@type\":\"ReadAction\",\"target\":[\"https:\/\/www.insside.net\/esp\/servicios\/grc\/\"]}]},{\"@type\":\"BreadcrumbList\",\"@id\":\"https:\/\/www.insside.net\/esp\/servicios\/grc\/#breadcrumb\",\"itemListElement\":[{\"@type\":\"ListItem\",\"position\":1,\"name\":\"Inicio\",\"item\":\"https:\/\/www.insside.net\/esp\/\"},{\"@type\":\"ListItem\",\"position\":2,\"name\":\"Servicios\",\"item\":\"https:\/\/www.insside.net\/esp\/?page_id=209\"},{\"@type\":\"ListItem\",\"position\":3,\"name\":\"GRC\"}]},{\"@type\":\"WebSite\",\"@id\":\"https:\/\/www.insside.net\/esp\/#website\",\"url\":\"https:\/\/www.insside.net\/esp\/\",\"name\":\"INSSIDE\",\"description\":\"Servicios de Ciberseguridad 360\u00ba\",\"publisher\":{\"@id\":\"https:\/\/www.insside.net\/esp\/#organization\"},\"alternateName\":\"INSSIDE Ciberseguridad\",\"potentialAction\":[{\"@type\":\"SearchAction\",\"target\":{\"@type\":\"EntryPoint\",\"urlTemplate\":\"https:\/\/www.insside.net\/esp\/?s={search_term_string}\"},\"query-input\":\"required name=search_term_string\"}],\"inLanguage\":\"es-AR\"},{\"@type\":\"Organization\",\"@id\":\"https:\/\/www.insside.net\/esp\/#organization\",\"name\":\"INSSIDE\",\"alternateName\":\"INSSIDE Ciberseguridad\",\"url\":\"https:\/\/www.insside.net\/esp\/\",\"logo\":{\"@type\":\"ImageObject\",\"inLanguage\":\"es-AR\",\"@id\":\"https:\/\/www.insside.net\/esp\/#\/schema\/logo\/image\/\",\"url\":\"https:\/\/i0.wp.com\/www.insside.net\/esp\/wp-content\/uploads\/sites\/17\/2023\/08\/logo-completo-08.png?fit=1326%2C1450&ssl=1\",\"contentUrl\":\"https:\/\/i0.wp.com\/www.insside.net\/esp\/wp-content\/uploads\/sites\/17\/2023\/08\/logo-completo-08.png?fit=1326%2C1450&ssl=1\",\"width\":1326,\"height\":1450,\"caption\":\"INSSIDE\"},\"image\":{\"@id\":\"https:\/\/www.insside.net\/esp\/#\/schema\/logo\/image\/\"},\"sameAs\":[\"https:\/\/twitter.com\/inssidesecurity\",\"https:\/\/www.instagram.com\/inssidesecurity\/?hl=es\",\"https:\/\/www.youtube.com\/channel\/UCe5zkZLjWQWRfWOj3G4utdg\"]}]}<\/script>\n<!-- \/ Yoast SEO plugin. -->","yoast_head_json":{"title":"Servicios de Auditor\u00eda GRC | Governance, Risk & Compliance | Insside ESP","description":"Brindamos servicios de auditor\u00eda GRC para gestionar adecuadamente el cumplimiento normativo. Certificamos las normas de PCI SSC.","robots":{"index":"index","follow":"follow","max-snippet":"max-snippet:-1","max-image-preview":"max-image-preview:large","max-video-preview":"max-video-preview:-1"},"canonical":"https:\/\/www.insside.net\/esp\/servicios\/grc\/","og_locale":"es_ES","og_type":"article","og_title":"Servicios de Auditor\u00eda GRC | Governance, Risk & Compliance | Insside ESP","og_description":"Brindamos servicios de auditor\u00eda GRC para gestionar adecuadamente el cumplimiento normativo. Certificamos las normas de PCI SSC.","og_url":"https:\/\/www.insside.net\/esp\/servicios\/grc\/","og_site_name":"Insside ESP","article_modified_time":"2023-10-26T18:41:01+00:00","og_image":[{"url":"https:\/\/www.insside.net\/esp\/wp-content\/uploads\/sites\/17\/2023\/03\/Analisis-GAP.svg"}],"twitter_card":"summary_large_image","twitter_site":"@inssidesecurity","twitter_misc":{"Tiempo de lectura":"4 minutos"},"schema":{"@context":"https:\/\/schema.org","@graph":[{"@type":"WebPage","@id":"https:\/\/www.insside.net\/esp\/servicios\/grc\/","url":"https:\/\/www.insside.net\/esp\/servicios\/grc\/","name":"Servicios de Auditor\u00eda GRC | Governance, Risk & Compliance | Insside ESP","isPartOf":{"@id":"https:\/\/www.insside.net\/esp\/#website"},"datePublished":"2023-02-21T13:25:26+00:00","dateModified":"2023-10-26T18:41:01+00:00","description":"Brindamos servicios de auditor\u00eda GRC para gestionar adecuadamente el cumplimiento normativo. Certificamos las normas de PCI SSC.","breadcrumb":{"@id":"https:\/\/www.insside.net\/esp\/servicios\/grc\/#breadcrumb"},"inLanguage":"es-AR","potentialAction":[{"@type":"ReadAction","target":["https:\/\/www.insside.net\/esp\/servicios\/grc\/"]}]},{"@type":"BreadcrumbList","@id":"https:\/\/www.insside.net\/esp\/servicios\/grc\/#breadcrumb","itemListElement":[{"@type":"ListItem","position":1,"name":"Inicio","item":"https:\/\/www.insside.net\/esp\/"},{"@type":"ListItem","position":2,"name":"Servicios","item":"https:\/\/www.insside.net\/esp\/?page_id=209"},{"@type":"ListItem","position":3,"name":"GRC"}]},{"@type":"WebSite","@id":"https:\/\/www.insside.net\/esp\/#website","url":"https:\/\/www.insside.net\/esp\/","name":"INSSIDE","description":"Servicios de Ciberseguridad 360\u00ba","publisher":{"@id":"https:\/\/www.insside.net\/esp\/#organization"},"alternateName":"INSSIDE Ciberseguridad","potentialAction":[{"@type":"SearchAction","target":{"@type":"EntryPoint","urlTemplate":"https:\/\/www.insside.net\/esp\/?s={search_term_string}"},"query-input":"required name=search_term_string"}],"inLanguage":"es-AR"},{"@type":"Organization","@id":"https:\/\/www.insside.net\/esp\/#organization","name":"INSSIDE","alternateName":"INSSIDE Ciberseguridad","url":"https:\/\/www.insside.net\/esp\/","logo":{"@type":"ImageObject","inLanguage":"es-AR","@id":"https:\/\/www.insside.net\/esp\/#\/schema\/logo\/image\/","url":"https:\/\/i0.wp.com\/www.insside.net\/esp\/wp-content\/uploads\/sites\/17\/2023\/08\/logo-completo-08.png?fit=1326%2C1450&ssl=1","contentUrl":"https:\/\/i0.wp.com\/www.insside.net\/esp\/wp-content\/uploads\/sites\/17\/2023\/08\/logo-completo-08.png?fit=1326%2C1450&ssl=1","width":1326,"height":1450,"caption":"INSSIDE"},"image":{"@id":"https:\/\/www.insside.net\/esp\/#\/schema\/logo\/image\/"},"sameAs":["https:\/\/twitter.com\/inssidesecurity","https:\/\/www.instagram.com\/inssidesecurity\/?hl=es","https:\/\/www.youtube.com\/channel\/UCe5zkZLjWQWRfWOj3G4utdg"]}]}},"_links":{"self":[{"href":"https:\/\/www.insside.net\/esp\/wp-json\/wp\/v2\/pages\/181"}],"collection":[{"href":"https:\/\/www.insside.net\/esp\/wp-json\/wp\/v2\/pages"}],"about":[{"href":"https:\/\/www.insside.net\/esp\/wp-json\/wp\/v2\/types\/page"}],"author":[{"embeddable":true,"href":"https:\/\/www.insside.net\/esp\/wp-json\/wp\/v2\/users\/3"}],"replies":[{"embeddable":true,"href":"https:\/\/www.insside.net\/esp\/wp-json\/wp\/v2\/comments?post=181"}],"version-history":[{"count":41,"href":"https:\/\/www.insside.net\/esp\/wp-json\/wp\/v2\/pages\/181\/revisions"}],"predecessor-version":[{"id":1298,"href":"https:\/\/www.insside.net\/esp\/wp-json\/wp\/v2\/pages\/181\/revisions\/1298"}],"up":[{"embeddable":true,"href":"https:\/\/www.insside.net\/esp\/wp-json\/wp\/v2\/pages\/209"}],"wp:attachment":[{"href":"https:\/\/www.insside.net\/esp\/wp-json\/wp\/v2\/media?parent=181"}],"curies":[{"name":"wp","href":"https:\/\/api.w.org\/{rel}","templated":true}]}}