{"id":3666,"date":"2025-04-29T18:59:58","date_gmt":"2025-04-29T21:59:58","guid":{"rendered":"https:\/\/www.insside.net\/cl\/?page_id=3666"},"modified":"2025-06-24T16:31:29","modified_gmt":"2025-06-24T19:31:29","slug":"certificacion-pci","status":"publish","type":"page","link":"https:\/\/www.insside.net\/cl\/certificacion-pci\/","title":{"rendered":""},"content":{"rendered":"\n<div class=\"row\"  id=\"row-2087112480\">\n\n\n\t<div id=\"col-643339067\" class=\"col small-12 large-12\"  >\n\t\t\t\t<div class=\"col-inner\"  >\n\t\t\t\n\t\t\t\n\n\t\t<div class=\"banner-section\">\n\t\t\t\t\n\n<div class=\"container\">\n\n    <h1>Certificaci\u00f3n <span>PCI<\/span><\/h1>\n    <h3>Elev\u00e1 el nivel de ciberseguridad de tu empresa con <br>\n        la certificaci\u00f3n PCI.<\/h3>\n    <a href=\"\/contacto\" class=\"btn\">Contactanos<\/a>\n<img decoding=\"async\" src=\"https:\/\/www.insside.net\/cl\/wp-content\/uploads\/sites\/19\/2025\/04\/2025.04.10-PCI-02-1.png\" alt=\"\u00cdcono de escudo \">\n<\/div>\n\t\t<\/div>\n\t\n\n\t\t<\/div>\n\t\t\t\t\t<\/div>\n\n\t\n\n<\/div>\n<div class=\"row\"  id=\"row-889769631\">\n\n\n\t<div id=\"col-1653478228\" class=\"col small-12 large-12\"  >\n\t\t\t\t<div class=\"col-inner\"  >\n\t\t\t\n\t\t\t\n\n\t\t<div class=\"whats-pci-section\">\n\t\t\t\t\n\n<div class=\"container\">\n    <div class=\"custom-row\">\n        <div class=\"image-col\">\n            <img decoding=\"async\" src=\"https:\/\/www.insside.net\/cl\/wp-content\/uploads\/sites\/19\/2025\/04\/Group-2-1.png\" alt=\"\u00cdcono de tarjeta de credito con un candado cerrado\">\n        <\/div>\n        <div class=\"text-col\">\n            <h2><img decoding=\"async\" src=\"https:\/\/www.insside.net\/cl\/wp-content\/uploads\/sites\/19\/2025\/04\/Group-1.png\" alt=\"\">\u00bfQu\u00e9 es el PCI en Ciberseguridad? <\/h2>\n            <p class=\"bigger\">El Payment Card Industry (PCI) es un conjunto de est\u00e1ndares \n                de ciberseguridad creados para proteger la informaci\u00f3n de \n                tarjetas de pago y minimizar el riesgo de fraude. <\/p>\n            <p>Estos est\u00e1ndares son desarrollados por el PCI Security Standards \n                Council (PCI SSC), una organizaci\u00f3n fundada por las principales \n                marcas de tarjetas. \n                \n<br>\n\n                Las empresas y proovedores que procesan, almacenan o transmiten datos de tarjetas \n                deben cumplir con estos est\u00e1ndares para garantizar la seguridad de la \n                informaci\u00f3n y evitar sanciones o riesgos de seguridad.<\/p>\n        <\/div>\n\n    <\/div>\n<\/div>\n\t\t<\/div>\n\t\n\n\t\t<\/div>\n\t\t\t\t\t<\/div>\n\n\t\n\n<\/div>\n<div class=\"row advantages-section\"  id=\"row-375556585\">\n\n\n\t<div id=\"col-1920170065\" class=\"col small-12 large-12\"  >\n\t\t\t\t<div class=\"col-inner\"  >\n\t\t\t\n\t\t\t\n\n\n\n<div class=\"container\">\n<h2><img decoding=\"async\" src=\"https:\/\/www.insside.net\/cl\/wp-content\/uploads\/sites\/19\/2025\/04\/Group-1.png\" alt=\"\">Ventajas de la certificaci\u00f3n PCI<\/h2>\n<h3>Contar con la certificaci\u00f3n PCI es conveniente por los \nsiguientes motivos<\/h3>\n<\/div>\n\n\n\t\t<\/div>\n\t\t\t\t\t<\/div>\n\n\t\n\n\t<div id=\"col-624287159\" class=\"col small-12 large-12\"  >\n\t\t\t\t<div class=\"col-inner\"  >\n\t\t\t\n\t\t\t\n\n\n\n<img decoding=\"async\" class=\"dots\" src=\"https:\/\/www.insside.net\/cl\/wp-content\/uploads\/sites\/19\/2025\/04\/Group-14.png\" alt=\"Patr\u00f3n de puntos decorativos\"><div class=\"container\"><div class=\"cards\"><div class=\"card\"><img decoding=\"async\" src=\"https:\/\/www.insside.net\/cl\/wp-content\/uploads\/sites\/19\/2025\/04\/Vector.png\" alt=\"Dibujo de escudo con candado cerrado en el centro\"><h3>Protecci\u00f3n de Datos Sensibles<\/h3><p>Reduce el riesgo de filtraciones y fraudes, protegiendo a la empresa y a sus clientes.<\/p><\/div><div class=\"card\"><img decoding=\"async\" src=\"https:\/\/www.insside.net\/cl\/wp-content\/uploads\/sites\/19\/2025\/04\/Group-7.png\" alt=\"Dibujo de una tarjeta de cr\u00e9dito con un escudo a un costado\"><h3>Cumplimiento Regulatorio<\/h3><p>Evita multas y sanciones impuestas por las marcas de tarjetas y entidades financieras.<\/p><\/div><div class=\"card\"><img decoding=\"async\" src=\"https:\/\/www.insside.net\/cl\/wp-content\/uploads\/sites\/19\/2025\/04\/Group-8.png\" alt=\"Emotic\u00f3n de dos manos sosteniendo un candado\"><h3>Mayor Confianza y Reputaci\u00f3n<\/h3><p>Demuestra a clientes y socios que la empresa maneja sus datos de manera segura.<\/p><\/div><div class=\"card\"><img decoding=\"async\" src=\"https:\/\/www.insside.net\/cl\/wp-content\/uploads\/sites\/19\/2025\/04\/Vector-1.png\" alt=\"S\u00edmbolo de un monitor de computadora\"><h3>Reducci\u00f3n de Riesgos Financieros<\/h3><p>Minimiza p\u00e9rdidas econ\u00f3micas derivadas de fraudes o incidentes de ciberseguridad.<\/p><\/div><div class=\"card\"><img decoding=\"async\" src=\"https:\/\/www.insside.net\/cl\/wp-content\/uploads\/sites\/19\/2025\/04\/Group-9.png\" alt=\"Dibujo de un escudo\"><h3>Prevenci\u00f3n de Incidentes de Ciberseguridad<\/h3><p>Refuerza la seguridad de la infraestructura y reduce vulnerabilidades.<\/p><\/div><div class=\"card\"><img decoding=\"async\" src=\"https:\/\/www.insside.net\/cl\/wp-content\/uploads\/sites\/19\/2025\/04\/Vector-2.png\" alt=\"Representaci\u00f3n de un gr\u00e1fico\"><h3>Ventaja Competitiva<\/h3><p>Cumplir con PCI DSS puede diferenciar a la empresa en el mercado, transmitiendo mayor seguridad a los clientes.<\/p><\/div><\/div><\/div>\n\n\n\t\t<\/div>\n\t\t\t\t\t<\/div>\n\n\t\n\n<\/div>\n<div class=\"row\"  id=\"row-472962130\">\n\n\n\t<div id=\"col-2061490427\" class=\"col small-12 large-12\"  >\n\t\t\t\t<div class=\"col-inner\"  >\n\t\t\t\n\t\t\t\n\n\t\t<div class=\"why-pci-section\">\n\t\t\t\t\n\n<div class=\"container\">\n        <div class=\"custom-row\">\n            <div class=\"custom-col texts-col\">\n                <div class=\"heading\">\n                    <img loading=\"lazy\" decoding=\"async\" src=\"https:\/\/i0.wp.com\/www.insside.net\/cl\/wp-content\/uploads\/sites\/19\/2025\/04\/Group-1.png?w=1020&amp;ssl=1\" alt=\"\" width=\"57\" height=\"45\">\n                    <h2><img loading=\"lazy\" decoding=\"async\" src=\"https:\/\/i0.wp.com\/www.insside.net\/cl\/wp-content\/uploads\/sites\/19\/2025\/04\/Group-1.png?w=1020&amp;ssl=1\" alt=\"\" width=\"57\" height=\"45\">\u00bfPor qu\u00e9 hacer la\n                        certificaci\u00f3n PCI con Insside?<\/h2>\n                <\/div>\n                    <ul>\n                        <li><img decoding=\"async\" src=\"https:\/\/www.insside.net\/cl\/wp-content\/uploads\/sites\/19\/2025\/04\/Group-3.png\" alt=\"Insside - Check icon\"> Ofrece auditor\u00eda de certificaci\u00f3n<\/li>\n                        <li><img decoding=\"async\" src=\"https:\/\/www.insside.net\/cl\/wp-content\/uploads\/sites\/19\/2025\/04\/Group-3.png\" alt=\"Insside - Check icon\"> Protege el medio de pago con tarjeta<\/li>\n                        <li><img decoding=\"async\" src=\"https:\/\/www.insside.net\/cl\/wp-content\/uploads\/sites\/19\/2025\/04\/Group-3.png\" alt=\"Insside - Check icon\"> Gran posicionamiento en la industria<\/li>\n                        <li><img decoding=\"async\" src=\"https:\/\/www.insside.net\/cl\/wp-content\/uploads\/sites\/19\/2025\/04\/Group-3.png\" alt=\"Insside - Check icon\"> GAP An\u00e1lisis para identificar las brechas y definir acciones correctivas hacia el cumplimiento.<\/li>\n                        <li><img decoding=\"async\" src=\"https:\/\/www.insside.net\/cl\/wp-content\/uploads\/sites\/19\/2025\/04\/Group-3.png\" alt=\"Insside - Check icon\"> Ofrece remediaciones para el cumplimiento de la norma<\/li>\n                    <\/ul>\n            <\/div>\n            <div class=\"custom-col image-col\">\n                <img decoding=\"async\" src=\"https:\/\/www.insside.net\/cl\/wp-content\/uploads\/sites\/19\/2025\/04\/Group-10.png\" alt=\"\">\n            <\/div>\n        <\/div>\n    <\/div>\n\t\t<\/div>\n\t\n\n\t\t<\/div>\n\t\t\t\t\t<\/div>\n\n\t\n\n<\/div>\n<div class=\"row\"  id=\"row-1565280493\">\n\n\n\t<div id=\"col-1775985068\" class=\"col small-12 large-12\"  >\n\t\t\t\t<div class=\"col-inner\"  >\n\t\t\t\n\t\t\t\n\n\t\t<div class=\"pci-standards-section\">\n\t\t\t\t\n\n<div class=\"container\">\n    <div class=\"margin-wrapper\">\n      <h2><img loading=\"lazy\" decoding=\"async\" src=\"https:\/\/i0.wp.com\/www.insside.net\/cl\/wp-content\/uploads\/sites\/19\/2025\/04\/Group-1.png?w=1020&amp;ssl=1\" alt=\"\" width=\"57\" height=\"45\">Principales Est\u00e1ndares de PCI<\/h2>\n      <div class=\"boxes\">\n          <div class=\"box-custom half-box\">\n              <p class=\"green\">PCI DSS (Payment Card Industry Data Security Standard)<\/p>\n              <p>El est\u00e1ndar global que define los requisitos de seguridad para cualquier organizaci\u00f3n que maneja datos de tarjetas de pago. Incluye controles t\u00e9cnicos y operativos para proteger la informaci\u00f3n.<\/p>\n          <\/div>\n          <div class=\"box-custom half-box\">\n              <p class=\"green\">PCI PIN (Personal Identification Number Security Standard)<\/p>\n              <p>Establece los requisitos de seguridad para la gesti\u00f3n, el procesamiento y la transmisi\u00f3n segura de los c\u00f3digos PIN utilizados en transacciones con tarjetas de d\u00e9bito.<\/p>\n          <\/div>\n          <div class=\"box-custom\">\n              <p class=\"green\">PCI PTS (PIN Transaction Security)<\/p>\n              <p>Se enfoca en la seguridad de los dispositivos de pago, como terminales POS y cajeros autom\u00e1ticos, asegurando que cumplan con medidas de protecci\u00f3n contra manipulaciones y fraudes.<\/p>\n          <\/div>\n          <div class=\"box-custom\">\n              <p class=\"green\">PCI 3DS (3D Secure)<\/p>\n              <p>Define los requisitos de seguridad para la autenticaci\u00f3n de transacciones en l\u00ednea, ayudando a prevenir fraudes en compras no presenciales.<\/p>\n          <\/div>\n          <div class=\"box-custom\">\n              <p class=\"green\">PCI SSF (Software Security Framework)<\/p>\n              <p>Reemplaza el antiguo PA-DSS, que se enfocaba en la seguridad de los sistemas que almacenan datos de tarjetas y proporciona un enfoque m\u00e1s flexible y moderno para garantizar mayor seguridad en apps de pago.<\/p>\n          <\/div>\n      <\/div>\n    <\/div>\n<\/div>\n\t\t<\/div>\n\t\n\n\t\t<\/div>\n\t\t\t\t\t<\/div>\n\n\t\n\n<\/div>\n<div class=\"row quote-section\"  id=\"row-1744587321\">\n\n\n\t<div id=\"col-934910167\" class=\"col small-12 large-12\"  >\n\t\t\t\t<div class=\"col-inner\"  >\n\t\t\t\n\t\t\t\n\n\n\n<div class=\"quote container\">\n    <div class=\"row-custom\">\n        <div class=\"text-col\">\n            <img decoding=\"async\" src=\"https:\/\/www.insside.net\/cl\/wp-content\/uploads\/sites\/19\/2025\/06\/Vector-7.png\" alt=\"\">\n            <p class=\"body\">Cumplir con PCI no es solo una obligaci\u00f3n legal o contractual: es una estrategia clave para proteger los datos transaccionales de tarjetas de cr\u00e9dito, d\u00e9bito y prepagas \u2014tanto en transacciones presenciales como no presenciales\u2014. Esto permite reducir riesgos operativos, evitar multas y demandas legales, y prevenir da\u00f1os reputacionales. En definitiva, ser PCI compliant mejora la seguridad interna y posiciona a tu marca como una empresa confiable ante clientes y nuevos adquirentes.<\/p>\n            <div class=\"name\">\n                <p class=\"roboto bold\">Rodrigo Barrena<\/p>\n                <p class=\"roboto italic lightblue\">Especialista en PCI<\/p>\n            <\/div>\n        <\/div>\n        <div class=\"img-col\">\n            <img decoding=\"async\" src=\"https:\/\/www.insside.net\/cl\/wp-content\/uploads\/sites\/19\/2025\/06\/Mask-group-7.png\" alt=\"\">\n        <\/div>\n    <\/div>\n<\/div>\n\n\n\t\t<\/div>\n\t\t\t\t\t<\/div>\n\n\t\n\n<\/div>\n<div class=\"row\"  id=\"row-1111877222\">\n\n\n\t<div id=\"col-677333590\" class=\"col small-12 large-12\"  >\n\t\t\t\t<div class=\"col-inner\"  >\n\t\t\t\n\t\t\t\n\n\t\t<div class=\"contact-form-section\">\n\t\t\t\t\n\n<div class=\"container\">\n        <div class=\"custom-row\">\n            <div class=\"texts-col custom-col\">\n                <div class=\"image\">\n                    <img class=\"arrow arrow-desktop\" decoding=\"async\" src=\"https:\/\/i0.wp.com\/www.insside.net\/cl\/wp-content\/uploads\/sites\/19\/2025\/04\/Group-1.png?w=1020&amp;ssl=1\" alt=\"\">\n                <\/div>\n                <div class=\"text\">\n                    \n                    <h2><img class=\"arrow arrow-mobile\" decoding=\"async\" src=\"https:\/\/i0.wp.com\/www.insside.net\/cl\/wp-content\/uploads\/sites\/19\/2025\/04\/Group-1.png?w=1020&amp;ssl=1\" alt=\"\">Suscr\u00edbete a <span class=\"green rn-font-montserrat\">nuestro <\/span> <span class=\"between-keys rn-font-montserrat\"> <img loading=\"lazy\" decoding=\"async\" src=\"https:\/\/i0.wp.com\/www.insside.net\/cl\/wp-content\/uploads\/sites\/19\/2025\/06\/chav.png?w=1020&amp;ssl=1\" alt=\"\" width=\"9\" height=\"40\">Newsletter<img loading=\"lazy\" decoding=\"async\" src=\"https:\/\/i0.wp.com\/www.insside.net\/cl\/wp-content\/uploads\/sites\/19\/2025\/06\/chav-right.png?w=1020&amp;ssl=1\" alt=\"\" width=\"8\" height=\"40\"><\/span><\/h2>\n                    <p class=\"subtitle\">Recibe contenidos formativos para estar al d\u00eda.<\/p>\n                <\/div>\n\n            <\/div>\n            <div class=\"form-col custom-col\">\n                \n<div class=\"wpcf7 js\" id=\"wpcf7-f4055-p4690-o1\" lang=\"es-AR\" dir=\"ltr\">\n<div class=\"screen-reader-response\"><p role=\"status\" aria-live=\"polite\" aria-atomic=\"true\"><\/p> <ul><\/ul><\/div>\n<form action=\"\/home-2\/#wpcf7-f4055-p4690-o1\" method=\"post\" class=\"wpcf7-form init\" aria-label=\"Formulario de contacto\" novalidate=\"novalidate\" data-status=\"init\" data-hs-cf-bound=\"true\">\n<div style=\"display: none;\">\n<input type=\"hidden\" name=\"_wpcf7\" value=\"4055\">\n<input type=\"hidden\" name=\"_wpcf7_version\" value=\"5.8\">\n<input type=\"hidden\" name=\"_wpcf7_locale\" value=\"es_AR\">\n<input type=\"hidden\" name=\"_wpcf7_unit_tag\" value=\"wpcf7-f4055-p4690-o1\">\n<input type=\"hidden\" name=\"_wpcf7_container_post\" value=\"4690\">\n<input type=\"hidden\" name=\"_wpcf7_posted_data_hash\" value=\"\">\n<\/div>\n<div class=\"flex-row form-flat medium-flex-wrap\">\n\t<div class=\"flex-col flex-grow\">\n\t\t<p><span class=\"wpcf7-form-control-wrap\" data-name=\"your-email\"><input size=\"40\" class=\"wpcf7-form-control wpcf7-email wpcf7-validates-as-required wpcf7-text wpcf7-validates-as-email\" aria-required=\"true\" aria-invalid=\"false\" placeholder=\"Tu e-mail\" value=\"\" type=\"email\" name=\"your-email\"><\/span>\n\t\t<\/p>\n\t<\/div>\n\t<div class=\"flex-col ml-half\">\n\t\t<p><input class=\"wpcf7-form-control wpcf7-submit has-spinner button\" type=\"submit\" value=\"Enviar\"><span class=\"wpcf7-spinner\"><\/span>\n\t\t<\/p>\n\t<\/div>\n<\/div><p style=\"display: none !important;\"><label>\u0394<textarea name=\"_wpcf7_ak_hp_textarea\" cols=\"45\" rows=\"8\" maxlength=\"100\"><\/textarea><\/label><input type=\"hidden\" id=\"ak_js_1\" name=\"_wpcf7_ak_js\" value=\"1750680742462\"><script>document.getElementById( \"ak_js_1\" ).setAttribute( \"value\", ( new Date() ).getTime() );<\/script><\/p><div class=\"wpcf7-response-output\" aria-hidden=\"true\"><\/div>\n<\/form>\n<\/div>\n\n            <\/div>\n        <\/div>\n    <\/div>\n\t\t<\/div>\n\t\n\n\t\t<\/div>\n\t\t\t\t\t<\/div>\n\n\t\n\n<\/div>\n\n","protected":false},"excerpt":{"rendered":"","protected":false},"author":5,"featured_media":0,"parent":0,"menu_order":0,"comment_status":"closed","ping_status":"closed","template":"","meta":{"content-type":"","inline_featured_image":false,"footnotes":""},"yoast_head":"<!-- This site is optimized with the Yoast SEO plugin v21.2 - https:\/\/yoast.com\/wordpress\/plugins\/seo\/ -->\n<title>Certificacion PCI | Ciberseguridad | Insside<\/title>\n<meta name=\"description\" content=\"Proteg\u00e9 datos de tarjetas, evit\u00e1 fraudes, cumpl\u00ed regulaciones y mejor\u00e1 la reputaci\u00f3n y ciberseguridad de tu empresa con la Certificacion PCI de Insside.\" \/>\n<meta name=\"robots\" content=\"index, follow, max-snippet:-1, max-image-preview:large, max-video-preview:-1\" \/>\n<link rel=\"canonical\" href=\"https:\/\/www.insside.net\/cl\/certificacion-pci\/\" \/>\n<meta property=\"og:locale\" content=\"es_ES\" \/>\n<meta property=\"og:type\" content=\"article\" \/>\n<meta property=\"og:title\" content=\"Certificacion PCI | Ciberseguridad | Insside\" \/>\n<meta property=\"og:description\" content=\"Proteg\u00e9 datos de tarjetas, evit\u00e1 fraudes, cumpl\u00ed regulaciones y mejor\u00e1 la reputaci\u00f3n y ciberseguridad de tu empresa con la Certificacion PCI de Insside.\" \/>\n<meta property=\"og:url\" content=\"https:\/\/www.insside.net\/cl\/certificacion-pci\/\" \/>\n<meta property=\"og:site_name\" content=\"Insside CL\" \/>\n<meta property=\"article:modified_time\" content=\"2025-06-24T19:31:29+00:00\" \/>\n<meta property=\"og:image\" content=\"https:\/\/www.insside.net\/cl\/wp-content\/uploads\/sites\/19\/2025\/04\/2025.04.10-PCI-02-1.png\" \/>\n<meta name=\"twitter:card\" content=\"summary_large_image\" \/>\n<meta name=\"twitter:site\" content=\"@inssidesecurity\" \/>\n<meta name=\"twitter:label1\" content=\"Tiempo de lectura\" \/>\n\t<meta name=\"twitter:data1\" content=\"7 minutos\" \/>\n<script type=\"application\/ld+json\" class=\"yoast-schema-graph\">{\"@context\":\"https:\/\/schema.org\",\"@graph\":[{\"@type\":\"WebPage\",\"@id\":\"https:\/\/www.insside.net\/cl\/certificacion-pci\/\",\"url\":\"https:\/\/www.insside.net\/cl\/certificacion-pci\/\",\"name\":\"Certificacion PCI | Ciberseguridad | Insside\",\"isPartOf\":{\"@id\":\"https:\/\/www.insside.net\/cl\/#website\"},\"datePublished\":\"2025-04-29T21:59:58+00:00\",\"dateModified\":\"2025-06-24T19:31:29+00:00\",\"description\":\"Proteg\u00e9 datos de tarjetas, evit\u00e1 fraudes, cumpl\u00ed regulaciones y mejor\u00e1 la reputaci\u00f3n y ciberseguridad de tu empresa con la Certificacion PCI de Insside.\",\"inLanguage\":\"es-AR\",\"potentialAction\":[{\"@type\":\"ReadAction\",\"target\":[\"https:\/\/www.insside.net\/cl\/certificacion-pci\/\"]}]},{\"@type\":\"WebSite\",\"@id\":\"https:\/\/www.insside.net\/cl\/#website\",\"url\":\"https:\/\/www.insside.net\/cl\/\",\"name\":\"INSSIDE\",\"description\":\"Servicios de Ciberseguridad 360\u00ba\",\"publisher\":{\"@id\":\"https:\/\/www.insside.net\/cl\/#organization\"},\"alternateName\":\"INSSIDE Ciberseguridad\",\"potentialAction\":[{\"@type\":\"SearchAction\",\"target\":{\"@type\":\"EntryPoint\",\"urlTemplate\":\"https:\/\/www.insside.net\/cl\/?s={search_term_string}\"},\"query-input\":\"required name=search_term_string\"}],\"inLanguage\":\"es-AR\"},{\"@type\":\"Organization\",\"@id\":\"https:\/\/www.insside.net\/cl\/#organization\",\"name\":\"INSSIDE\",\"alternateName\":\"INSSIDE Ciberseguridad\",\"url\":\"https:\/\/www.insside.net\/cl\/\",\"logo\":{\"@type\":\"ImageObject\",\"inLanguage\":\"es-AR\",\"@id\":\"https:\/\/www.insside.net\/cl\/#\/schema\/logo\/image\/\",\"url\":\"https:\/\/i0.wp.com\/www.insside.net\/cl\/wp-content\/uploads\/sites\/19\/2023\/08\/logo-completo-08.png?fit=1326%2C1450&ssl=1\",\"contentUrl\":\"https:\/\/i0.wp.com\/www.insside.net\/cl\/wp-content\/uploads\/sites\/19\/2023\/08\/logo-completo-08.png?fit=1326%2C1450&ssl=1\",\"width\":1326,\"height\":1450,\"caption\":\"INSSIDE\"},\"image\":{\"@id\":\"https:\/\/www.insside.net\/cl\/#\/schema\/logo\/image\/\"},\"sameAs\":[\"https:\/\/twitter.com\/inssidesecurity\",\"https:\/\/www.instagram.com\/inssidesecurity\/?hl=es\",\"https:\/\/www.youtube.com\/channel\/UCe5zkZLjWQWRfWOj3G4utdg\"]}]}<\/script>\n<!-- \/ Yoast SEO plugin. -->","yoast_head_json":{"title":"Certificacion PCI | Ciberseguridad | Insside","description":"Proteg\u00e9 datos de tarjetas, evit\u00e1 fraudes, cumpl\u00ed regulaciones y mejor\u00e1 la reputaci\u00f3n y ciberseguridad de tu empresa con la Certificacion PCI de Insside.","robots":{"index":"index","follow":"follow","max-snippet":"max-snippet:-1","max-image-preview":"max-image-preview:large","max-video-preview":"max-video-preview:-1"},"canonical":"https:\/\/www.insside.net\/cl\/certificacion-pci\/","og_locale":"es_ES","og_type":"article","og_title":"Certificacion PCI | Ciberseguridad | Insside","og_description":"Proteg\u00e9 datos de tarjetas, evit\u00e1 fraudes, cumpl\u00ed regulaciones y mejor\u00e1 la reputaci\u00f3n y ciberseguridad de tu empresa con la Certificacion PCI de Insside.","og_url":"https:\/\/www.insside.net\/cl\/certificacion-pci\/","og_site_name":"Insside CL","article_modified_time":"2025-06-24T19:31:29+00:00","og_image":[{"url":"https:\/\/www.insside.net\/cl\/wp-content\/uploads\/sites\/19\/2025\/04\/2025.04.10-PCI-02-1.png"}],"twitter_card":"summary_large_image","twitter_site":"@inssidesecurity","twitter_misc":{"Tiempo de lectura":"7 minutos"},"schema":{"@context":"https:\/\/schema.org","@graph":[{"@type":"WebPage","@id":"https:\/\/www.insside.net\/cl\/certificacion-pci\/","url":"https:\/\/www.insside.net\/cl\/certificacion-pci\/","name":"Certificacion PCI | Ciberseguridad | Insside","isPartOf":{"@id":"https:\/\/www.insside.net\/cl\/#website"},"datePublished":"2025-04-29T21:59:58+00:00","dateModified":"2025-06-24T19:31:29+00:00","description":"Proteg\u00e9 datos de tarjetas, evit\u00e1 fraudes, cumpl\u00ed regulaciones y mejor\u00e1 la reputaci\u00f3n y ciberseguridad de tu empresa con la Certificacion PCI de Insside.","inLanguage":"es-AR","potentialAction":[{"@type":"ReadAction","target":["https:\/\/www.insside.net\/cl\/certificacion-pci\/"]}]},{"@type":"WebSite","@id":"https:\/\/www.insside.net\/cl\/#website","url":"https:\/\/www.insside.net\/cl\/","name":"INSSIDE","description":"Servicios de Ciberseguridad 360\u00ba","publisher":{"@id":"https:\/\/www.insside.net\/cl\/#organization"},"alternateName":"INSSIDE Ciberseguridad","potentialAction":[{"@type":"SearchAction","target":{"@type":"EntryPoint","urlTemplate":"https:\/\/www.insside.net\/cl\/?s={search_term_string}"},"query-input":"required name=search_term_string"}],"inLanguage":"es-AR"},{"@type":"Organization","@id":"https:\/\/www.insside.net\/cl\/#organization","name":"INSSIDE","alternateName":"INSSIDE Ciberseguridad","url":"https:\/\/www.insside.net\/cl\/","logo":{"@type":"ImageObject","inLanguage":"es-AR","@id":"https:\/\/www.insside.net\/cl\/#\/schema\/logo\/image\/","url":"https:\/\/i0.wp.com\/www.insside.net\/cl\/wp-content\/uploads\/sites\/19\/2023\/08\/logo-completo-08.png?fit=1326%2C1450&ssl=1","contentUrl":"https:\/\/i0.wp.com\/www.insside.net\/cl\/wp-content\/uploads\/sites\/19\/2023\/08\/logo-completo-08.png?fit=1326%2C1450&ssl=1","width":1326,"height":1450,"caption":"INSSIDE"},"image":{"@id":"https:\/\/www.insside.net\/cl\/#\/schema\/logo\/image\/"},"sameAs":["https:\/\/twitter.com\/inssidesecurity","https:\/\/www.instagram.com\/inssidesecurity\/?hl=es","https:\/\/www.youtube.com\/channel\/UCe5zkZLjWQWRfWOj3G4utdg"]}]}},"_links":{"self":[{"href":"https:\/\/www.insside.net\/cl\/wp-json\/wp\/v2\/pages\/3666"}],"collection":[{"href":"https:\/\/www.insside.net\/cl\/wp-json\/wp\/v2\/pages"}],"about":[{"href":"https:\/\/www.insside.net\/cl\/wp-json\/wp\/v2\/types\/page"}],"author":[{"embeddable":true,"href":"https:\/\/www.insside.net\/cl\/wp-json\/wp\/v2\/users\/5"}],"replies":[{"embeddable":true,"href":"https:\/\/www.insside.net\/cl\/wp-json\/wp\/v2\/comments?post=3666"}],"version-history":[{"count":56,"href":"https:\/\/www.insside.net\/cl\/wp-json\/wp\/v2\/pages\/3666\/revisions"}],"predecessor-version":[{"id":5680,"href":"https:\/\/www.insside.net\/cl\/wp-json\/wp\/v2\/pages\/3666\/revisions\/5680"}],"wp:attachment":[{"href":"https:\/\/www.insside.net\/cl\/wp-json\/wp\/v2\/media?parent=3666"}],"curies":[{"name":"wp","href":"https:\/\/api.w.org\/{rel}","templated":true}]}}